{"id":360382,"date":"2024-09-26T12:57:11","date_gmt":"2024-09-26T11:57:11","guid":{"rendered":"https:\/\/www.moskito.cz\/produkt\/nuz-s-pevnou-cepeli-knivgar-sar-orange\/"},"modified":"2025-05-07T11:24:37","modified_gmt":"2025-05-07T10:24:37","slug":"nuz-s-pevnou-cepeli-knivgar-sar-orange","status":"publish","type":"product","link":"https:\/\/www.moskito.cz\/pl\/produkt\/nuz-s-pevnou-cepeli-knivgar-sar-orange\/","title":{"rendered":"N\u016f\u017e s pevnou \u010depel\u00ed Knivgar SAR Orange"},"content":{"rendered":"<p><UL><\/p>\n<p><LI>celkov\u00e1 d\u00e9lka: 22,6 cm <\/p>\n<p><LI>d\u00e9lka \u010depele: 10,3 mm <\/p>\n<p><LI>hmotnost: 102 g <\/p>\n<p><LI>tlou\u0161\u0165ka \u010depele: 1,9 mm <\/p>\n<p><LI>materi\u00e1l \u010depele: 420A <\/p>\n<p><LI>materi\u00e1l rukojeti: plast<\/LI><br \/>\n<\/UL><\/p>\n","protected":false},"excerpt":{"rendered":"<p><P>Magnum Knivgar je nekompromisn\u00ed a modern\u00ed verz\u00ed loveck\u00fdch no\u017e\u016f, kter\u00e9 byly prov\u011b\u0159eny pou\u017e\u00edv\u00e1n\u00edm v drsn\u00e9 seversk\u00e9 divo\u010din\u011b skandin\u00e1vsk\u00fdmi Laponci po tis\u00edce let. Je to univerz\u00e1ln\u00ed n\u00e1stroj pro tvrd\u00e9 a nemilosrdn\u00e9 pou\u017eit\u00ed p\u0159i v\u00fdcviku p\u0159e\u017eit\u00ed, lovu, ryba\u0159en\u00ed, \u0159emeslech nebo jak\u00e9mkoli jin\u00e9m mysliteln\u00e9m pou\u017eit\u00ed. \u010cepel je vyrobena z nerezov\u00e9 oceli 420A, je odoln\u00e1 proti zlomen\u00ed a snadno se brous\u00ed i v poln\u00edch podm\u00ednk\u00e1ch jednoduch\u00fdmi prost\u0159edky. Nezni\u010diteln\u00e1 plastov\u00e1 rukoje\u0165 sign\u00e1ln\u00ed barvy je neodd\u011bliteln\u011b spojena s \u010depel\u00ed, co\u017e roz\u0161i\u0159uje mo\u017enosti pou\u017eit\u00ed no\u017ee o \u0159adu praktick\u00fdch \u00fakol\u016f. Jednod\u00edln\u00e9 pouzdro z plastu odoln\u00e9ho proti nel\u00edtostn\u00fdm pov\u011btrnostn\u00edm vliv\u016fm je vybaveno poutkem na opasek a dren\u00e1\u017e\u00ed. To umo\u017e\u0148uje snadn\u00e9 a d\u016fkladn\u00e9 \u010di\u0161t\u011bn\u00ed v\u0161ech \u010d\u00e1st\u00ed no\u017ee, zejm\u00e9na po lovu.<\/P><\/p>\n","protected":false},"featured_media":360383,"comment_status":"closed","ping_status":"closed","template":"","meta":[],"pwb-brand":[140],"product_brand":[],"product_cat":[17,23],"product_tag":[],"class_list":{"0":"post-360382","1":"product","2":"type-product","3":"status-publish","4":"has-post-thumbnail","6":"pwb-brand-boker","7":"product_cat-noze","8":"product_cat-pevne-noze","10":"first","11":"outofstock","12":"taxable","13":"shipping-taxable","14":"purchasable","15":"product-type-simple"},"brands":[{"id":140,"name":"Boker","slug":"boker"}],"_links":{"self":[{"href":"https:\/\/www.moskito.cz\/pl\/wp-json\/wp\/v2\/product\/360382","targetHints":{"allow":["GET"]}}],"collection":[{"href":"https:\/\/www.moskito.cz\/pl\/wp-json\/wp\/v2\/product"}],"about":[{"href":"https:\/\/www.moskito.cz\/pl\/wp-json\/wp\/v2\/types\/product"}],"replies":[{"embeddable":true,"href":"https:\/\/www.moskito.cz\/pl\/wp-json\/wp\/v2\/comments?post=360382"}],"wp:featuredmedia":[{"embeddable":true,"href":"https:\/\/www.moskito.cz\/pl\/wp-json\/wp\/v2\/media\/360383"}],"wp:attachment":[{"href":"https:\/\/www.moskito.cz\/pl\/wp-json\/wp\/v2\/media?parent=360382"}],"wp:term":[{"taxonomy":"pwb-brand","embeddable":true,"href":"https:\/\/www.moskito.cz\/pl\/wp-json\/wp\/v2\/pwb-brand?post=360382"},{"taxonomy":"product_brand","embeddable":true,"href":"https:\/\/www.moskito.cz\/pl\/wp-json\/wp\/v2\/product_brand?post=360382"},{"taxonomy":"product_cat","embeddable":true,"href":"https:\/\/www.moskito.cz\/pl\/wp-json\/wp\/v2\/product_cat?post=360382"},{"taxonomy":"product_tag","embeddable":true,"href":"https:\/\/www.moskito.cz\/pl\/wp-json\/wp\/v2\/product_tag?post=360382"}],"curies":[{"name":"wp","href":"https:\/\/api.w.org\/{rel}","templated":true}]}}