{"id":360469,"date":"2024-09-26T12:57:42","date_gmt":"2024-09-26T11:57:42","guid":{"rendered":"https:\/\/www.moskito.cz\/produkt\/kapesni-nuz-boker-plus-intention-ii-coyote\/"},"modified":"2025-09-23T08:57:21","modified_gmt":"2025-09-23T07:57:21","slug":"kapesni-nuz-boker-plus-intention-ii-coyote","status":"publish","type":"product","link":"https:\/\/www.moskito.cz\/pl\/produkt\/kapesni-nuz-boker-plus-intention-ii-coyote\/","title":{"rendered":"Vyst\u0159elovac\u00ed N\u016f\u017e B\u00f6ker Plus Intention II Coyote 01BO483"},"content":{"rendered":"<p>Vyst\u0159elovac\u00ed N\u016f\u017e <strong>B\u00f6ker Plus<\/strong> Intention II Coyote 01BO483.<\/p>\n<p>B\u00f6ker Plus Intention II Coyote 01BO483 \u2013 Automatick\u00fd n\u016f\u017e<\/p>\n<p>B\u00f6ker Plus Intention II Coyote je taktick\u00fd automatick\u00fd n\u016f\u017e, kter\u00fd se vyzna\u010duje svou v\u0161estrannost\u00ed, je ide\u00e1ln\u00ed pro pou\u017eit\u00ed v ter\u00e9nu i pro ka\u017edodenn\u00ed \u00fakoly. Tento n\u016f\u017e je navr\u017een pro maxim\u00e1ln\u00ed v\u00fdkon a spolehlivost, co\u017e z n\u011bj \u010din\u00ed skv\u011bl\u00e9ho spole\u010dn\u00edka pro r\u016fzn\u00e9 situace.<br \/>\nKl\u00ed\u010dov\u00e9 vlastnosti:<\/p>\n<p>Celkov\u00e1 d\u00e9lka: 19,50 cm<br \/>\nD\u00e9lka \u010depele: 7,80 cm<br \/>\nTlou\u0161\u0165ka \u010depele: 2,84 mm<br \/>\nHmotnost: 119 g<br \/>\nMateri\u00e1l \u010depele: D2 (vysoce odoln\u00e1 ocel)<br \/>\nMateri\u00e1l rukojeti: G10 (texturovan\u00fd, pro lep\u0161\u00ed uchopen\u00ed)<br \/>\nBarva rukojeti: Coyote hn\u011bd\u00e1<br \/>\nOtv\u00edrac\u00ed mechanismus: Automatick\u00fd, stisknut\u00edm tla\u010d\u00edtka<br \/>\nTyp z\u00e1mku: Stiskn\u011bte tla\u010d\u00edtko (s posuvnou areta\u010dn\u00ed pojistkou)<br \/>\nDopl\u0148ky: Poutko na \u0161\u0148\u016frku, klip pro snadn\u00e9 no\u0161en\u00ed<\/p>\n<p>Funkce:<\/p>\n<p>Automatick\u00e9 otev\u0159en\u00ed: Stisknut\u00edm tla\u010d\u00edtka se \u010depel automaticky vyklop\u00ed, co\u017e je velmi praktick\u00e9 v situac\u00edch, kdy je rychl\u00e1 reakce kl\u00ed\u010dov\u00e1.<br \/>\nErgonomick\u00e1 rukoje\u0165: Texturovan\u00e1 rukoje\u0165 z materi\u00e1lu G10 zaji\u0161\u0165uje pevn\u00fd a pohodln\u00fd \u00fachop, a to i v n\u00e1ro\u010dn\u011bj\u0161\u00edch podm\u00ednk\u00e1ch. \u017debrov\u00e1n\u00ed v oblasti op\u011brky palce a vybr\u00e1n\u00ed pro prsty p\u0159isp\u00edvaj\u00ed k lep\u0161\u00ed kontrole no\u017ee.<br \/>\nBezpe\u010dnostn\u00ed prvky: N\u016f\u017e je vybaven posuvnou areta\u010dn\u00ed pojistkou, kter\u00e1 zabra\u0148uje n\u00e1hodn\u00e9mu uvoln\u011bn\u00ed \u010depele, \u010d\u00edm\u017e zaji\u0161\u0165uje vysokou \u00farove\u0148 bezpe\u010dnosti.<\/p>\n<p>Tento n\u016f\u017e je ide\u00e1ln\u00ed volbou pro ty, kte\u0159\u00ed hledaj\u00ed spolehliv\u00fd, funk\u010dn\u00ed a bezpe\u010dn\u00fd n\u00e1stroj pro ka\u017edodenn\u00ed no\u0161en\u00ed, stejn\u011b jako pro pou\u017eit\u00ed v ter\u00e9nu.<\/p>\n<p>&nbsp;<\/p>\n<p>&nbsp;<\/p>\n","protected":false},"excerpt":{"rendered":"<p><strong>Tento n\u016f\u017e je ide\u00e1ln\u00ed volbou pro ty, kte\u0159\u00ed hledaj\u00ed spolehliv\u00fd, funk\u010dn\u00ed a bezpe\u010dn\u00fd n\u00e1stroj pro ka\u017edodenn\u00ed no\u0161en\u00ed, stejn\u011b jako pro pou\u017eit\u00ed v ter\u00e9nu.<\/strong><\/p>\n","protected":false},"featured_media":364509,"comment_status":"closed","ping_status":"closed","template":"","meta":[],"pwb-brand":[140],"product_brand":[],"product_cat":[17,22],"product_tag":[],"class_list":{"0":"post-360469","1":"product","2":"type-product","3":"status-publish","4":"has-post-thumbnail","6":"pwb-brand-boker","7":"product_cat-noze","8":"product_cat-zaviraci-noze","10":"first","11":"outofstock","12":"taxable","13":"shipping-taxable","14":"purchasable","15":"product-type-simple"},"brands":[{"id":140,"name":"Boker","slug":"boker"}],"_links":{"self":[{"href":"https:\/\/www.moskito.cz\/pl\/wp-json\/wp\/v2\/product\/360469","targetHints":{"allow":["GET"]}}],"collection":[{"href":"https:\/\/www.moskito.cz\/pl\/wp-json\/wp\/v2\/product"}],"about":[{"href":"https:\/\/www.moskito.cz\/pl\/wp-json\/wp\/v2\/types\/product"}],"replies":[{"embeddable":true,"href":"https:\/\/www.moskito.cz\/pl\/wp-json\/wp\/v2\/comments?post=360469"}],"wp:featuredmedia":[{"embeddable":true,"href":"https:\/\/www.moskito.cz\/pl\/wp-json\/wp\/v2\/media\/364509"}],"wp:attachment":[{"href":"https:\/\/www.moskito.cz\/pl\/wp-json\/wp\/v2\/media?parent=360469"}],"wp:term":[{"taxonomy":"pwb-brand","embeddable":true,"href":"https:\/\/www.moskito.cz\/pl\/wp-json\/wp\/v2\/pwb-brand?post=360469"},{"taxonomy":"product_brand","embeddable":true,"href":"https:\/\/www.moskito.cz\/pl\/wp-json\/wp\/v2\/product_brand?post=360469"},{"taxonomy":"product_cat","embeddable":true,"href":"https:\/\/www.moskito.cz\/pl\/wp-json\/wp\/v2\/product_cat?post=360469"},{"taxonomy":"product_tag","embeddable":true,"href":"https:\/\/www.moskito.cz\/pl\/wp-json\/wp\/v2\/product_tag?post=360469"}],"curies":[{"name":"wp","href":"https:\/\/api.w.org\/{rel}","templated":true}]}}