{"id":360707,"date":"2024-09-26T12:58:48","date_gmt":"2024-09-26T11:58:48","guid":{"rendered":"https:\/\/www.moskito.cz\/produkt\/nuz-kwaiken-grip-auto-black\/"},"modified":"2025-05-07T11:24:47","modified_gmt":"2025-05-07T10:24:47","slug":"nuz-kwaiken-grip-auto-black","status":"publish","type":"product","link":"https:\/\/www.moskito.cz\/pl\/produkt\/nuz-kwaiken-grip-auto-black\/","title":{"rendered":"N\u016f\u017e Kwaiken Grip Auto Black"},"content":{"rendered":"<ul>\n<li>celkov\u00e1 d\u00e9lka: 20,5 cm<\/li>\n<li>d\u00e9lka \u010depele: 8,5 cm<\/li>\n<li>hmotnost: 90 g<\/li>\n<li>tlou\u0161\u0165ka \u010depele: 3,2 mm<\/li>\n<li>materi\u00e1l \u010depele: D2<\/li>\n<li>materi\u00e1l rukojeti: hlin\u00edk<\/li>\n<li>design\u00e9r: Lucas Burnley<\/li>\n<li>pojistka: tla\u010d\u00edtko<\/li>\n<li>s klipem a otvorem na \u0161\u0148\u016frku<\/li>\n<li>v kvalitn\u00edm nylov\u00e9m pouzd\u0159e<\/li>\n<\/ul>\n","protected":false},"excerpt":{"rendered":"<p>B\u00f6ker Plus Kwaiken Grip Auto je dal\u0161\u00ed verz\u00ed obl\u00edben\u00e9ho kapesn\u00edho no\u017ee od Lucase Burnleyho, kter\u00fd se d\u00edky sv\u00e9mu jasn\u00e9mu a praktick\u00e9mu tvaru stal skute\u010dnou ikonou ve sv\u011bt\u011b no\u017e\u016f. Renomovan\u00fd design\u00e9r a no\u017e\u00ed\u0159 na pln\u00fd \u00favazek z USA op\u011bt p\u0159epracoval sv\u016fj n\u00e1vrh, tak\u017ee \u0161t\u00edhl\u00fd kapesn\u00ed n\u016f\u017e\u00a0nyn\u00ed je\u0161t\u011b l\u00e9pe spl\u0148uje vysok\u00e9 n\u00e1roky taktick\u00fdch slo\u017eek. Kapesn\u00ed n\u016f\u017e s potahovanou \u010depel\u00ed z materi\u00e1lu D2 se otev\u00edr\u00e1 automaticky pomoc\u00ed tla\u010d\u00edtka. Rukoje\u0165, kter\u00e1 je rovn\u011b\u017e pota\u017eena a vyrobena z lehk\u00e9ho hlin\u00edku, m\u00e1 protiskluzovou texturu, a tak se mimo\u0159\u00e1dn\u011b bezpe\u010dn\u011b dr\u017e\u00ed v ruce. Dod\u00e1v\u00e1 se se skryt\u00fdm otvorem na \u0161\u0148\u016frku, klipem a kvalitn\u00edm nylonov\u00fdm pouzdrem.<\/p>\n","protected":false},"featured_media":360708,"comment_status":"closed","ping_status":"closed","template":"","meta":[],"pwb-brand":[140],"product_brand":[],"product_cat":[17,22],"product_tag":[],"class_list":{"0":"post-360707","1":"product","2":"type-product","3":"status-publish","4":"has-post-thumbnail","6":"pwb-brand-boker","7":"product_cat-noze","8":"product_cat-zaviraci-noze","10":"first","11":"instock","12":"taxable","13":"shipping-taxable","14":"purchasable","15":"product-type-simple"},"brands":[{"id":140,"name":"Boker","slug":"boker"}],"_links":{"self":[{"href":"https:\/\/www.moskito.cz\/pl\/wp-json\/wp\/v2\/product\/360707","targetHints":{"allow":["GET"]}}],"collection":[{"href":"https:\/\/www.moskito.cz\/pl\/wp-json\/wp\/v2\/product"}],"about":[{"href":"https:\/\/www.moskito.cz\/pl\/wp-json\/wp\/v2\/types\/product"}],"replies":[{"embeddable":true,"href":"https:\/\/www.moskito.cz\/pl\/wp-json\/wp\/v2\/comments?post=360707"}],"wp:featuredmedia":[{"embeddable":true,"href":"https:\/\/www.moskito.cz\/pl\/wp-json\/wp\/v2\/media\/360708"}],"wp:attachment":[{"href":"https:\/\/www.moskito.cz\/pl\/wp-json\/wp\/v2\/media?parent=360707"}],"wp:term":[{"taxonomy":"pwb-brand","embeddable":true,"href":"https:\/\/www.moskito.cz\/pl\/wp-json\/wp\/v2\/pwb-brand?post=360707"},{"taxonomy":"product_brand","embeddable":true,"href":"https:\/\/www.moskito.cz\/pl\/wp-json\/wp\/v2\/product_brand?post=360707"},{"taxonomy":"product_cat","embeddable":true,"href":"https:\/\/www.moskito.cz\/pl\/wp-json\/wp\/v2\/product_cat?post=360707"},{"taxonomy":"product_tag","embeddable":true,"href":"https:\/\/www.moskito.cz\/pl\/wp-json\/wp\/v2\/product_tag?post=360707"}],"curies":[{"name":"wp","href":"https:\/\/api.w.org\/{rel}","templated":true}]}}