{"id":360730,"date":"2024-09-26T12:58:48","date_gmt":"2024-09-26T11:58:48","guid":{"rendered":"https:\/\/www.moskito.cz\/produkt\/kapesni-nuz-hl-tripple-pocket-knife\/"},"modified":"2025-05-07T11:24:49","modified_gmt":"2025-05-07T10:24:49","slug":"kapesni-nuz-hl-tripple-pocket-knife","status":"publish","type":"product","link":"https:\/\/www.moskito.cz\/pl\/produkt\/kapesni-nuz-hl-tripple-pocket-knife\/","title":{"rendered":"Zav\u00edrac\u00ed  N\u016f\u017e Magnum HL Tripple Pocket Knife 01RY804"},"content":{"rendered":"<p>Zav\u00edrac\u00ed N\u016f\u017e <strong>Magnum<\/strong> HL Tripple Pocket Knife 01RY804.<\/p>\n<p>Kompaktn\u00ed komplexn\u00ed \u0159e\u0161en\u00ed. T\u0159\u00ed\u010depelov\u00fd loveck\u00fd kapesn\u00ed n\u016f\u017e obsahuje hlavn\u00ed \u010depel s aretovan\u00fdm z\u00e1mkem v univerz\u00e1ln\u00edm tvaru drop point , p\u00e1\u010didlo a p\u00e1\u010didlo, p\u0159i\u010dem\u017e oba maj\u00ed kluzn\u00fd kloub . V\u0161echny \u010depele jsou vyrobeny z nerezov\u00e9 oceli 440C . Na \u0161upiny rukojeti byl pou\u017eit nylon vyztu\u017een\u00fd skeln\u00fdmi vl\u00e1kny (FRN) v sign\u00e1ln\u00ed oran\u017eov\u00e9 barv\u011b s protiskluzovou texturou ryb\u00ed k\u016f\u017ee. V\u010detn\u011b nylonov\u00e9ho pouzdra na opasek.<\/p>\n<p>Cekov\u00e1 d\u00e9lka: 19,3 cm<br \/>\nD\u00e9lka \u010depele: 8,4 cm<br \/>\nTlou\u0161\u0165ka \u010depele: 2,8 mm<br \/>\nHmotnost: 170 g<br \/>\nMateri\u00e1l \u010depele: 440C<br \/>\nMateri\u00e1l rukojeti: FRN<br \/>\nDv\u011b \u010depele &#8211; n\u016f\u017e a pilka<br \/>\nPojistka: backlock<br \/>\ns nylonov\u00fdm pouzdrem<\/p>\n","protected":false},"excerpt":{"rendered":"<p><strong>Kapesn\u00ed n\u016f\u017e pro profesion\u00e1ln\u00ed pou\u017eit\u00ed.<\/strong><\/p>\n","protected":false},"featured_media":361842,"comment_status":"closed","ping_status":"closed","template":"","meta":[],"pwb-brand":[140],"product_brand":[],"product_cat":[22,17],"product_tag":[],"class_list":{"0":"post-360730","1":"product","2":"type-product","3":"status-publish","4":"has-post-thumbnail","6":"pwb-brand-boker","7":"product_cat-zaviraci-noze","8":"product_cat-noze","10":"first","11":"outofstock","12":"taxable","13":"shipping-taxable","14":"purchasable","15":"product-type-simple"},"brands":[{"id":140,"name":"Boker","slug":"boker"}],"_links":{"self":[{"href":"https:\/\/www.moskito.cz\/pl\/wp-json\/wp\/v2\/product\/360730","targetHints":{"allow":["GET"]}}],"collection":[{"href":"https:\/\/www.moskito.cz\/pl\/wp-json\/wp\/v2\/product"}],"about":[{"href":"https:\/\/www.moskito.cz\/pl\/wp-json\/wp\/v2\/types\/product"}],"replies":[{"embeddable":true,"href":"https:\/\/www.moskito.cz\/pl\/wp-json\/wp\/v2\/comments?post=360730"}],"wp:featuredmedia":[{"embeddable":true,"href":"https:\/\/www.moskito.cz\/pl\/wp-json\/wp\/v2\/media\/361842"}],"wp:attachment":[{"href":"https:\/\/www.moskito.cz\/pl\/wp-json\/wp\/v2\/media?parent=360730"}],"wp:term":[{"taxonomy":"pwb-brand","embeddable":true,"href":"https:\/\/www.moskito.cz\/pl\/wp-json\/wp\/v2\/pwb-brand?post=360730"},{"taxonomy":"product_brand","embeddable":true,"href":"https:\/\/www.moskito.cz\/pl\/wp-json\/wp\/v2\/product_brand?post=360730"},{"taxonomy":"product_cat","embeddable":true,"href":"https:\/\/www.moskito.cz\/pl\/wp-json\/wp\/v2\/product_cat?post=360730"},{"taxonomy":"product_tag","embeddable":true,"href":"https:\/\/www.moskito.cz\/pl\/wp-json\/wp\/v2\/product_tag?post=360730"}],"curies":[{"name":"wp","href":"https:\/\/api.w.org\/{rel}","templated":true}]}}