{"id":360757,"date":"2024-09-26T12:59:06","date_gmt":"2024-09-26T11:59:06","guid":{"rendered":"https:\/\/www.moskito.cz\/produkt\/nuz-s-pevnou-cepeli-desertman\/"},"modified":"2025-05-07T11:24:50","modified_gmt":"2025-05-07T10:24:50","slug":"nuz-s-pevnou-cepeli-desertman","status":"publish","type":"product","link":"https:\/\/www.moskito.cz\/pl\/produkt\/nuz-s-pevnou-cepeli-desertman\/","title":{"rendered":"N\u016f\u017e s pevnou \u010depel\u00ed Desertman"},"content":{"rendered":"<p><UL><\/p>\n<p><LI>celkov\u00e1 d\u00e9lka: 24,2 cm <\/p>\n<p><LI>d\u00e9lka \u010depele: 11,5 cm <\/p>\n<p><LI>hmotnost: 210 g <\/p>\n<p><LI>tlou\u0161\u0165ka \u010depele: 4,2 mm <\/p>\n<p><LI>materi\u00e1l \u010depele: Sandvik 12C27 <\/p>\n<p><LI>materi\u00e1l rukojeti: polypropylen <\/p>\n<p><LI>dod\u00e1v\u00e1n v dokonale padnouc\u00edm pouzd\u0159e ze syntetick\u00e9ho materi\u00e1lu <\/LI><br \/>\n<\/UL><\/p>\n","protected":false},"excerpt":{"rendered":"<p><P>Upraveno pro pobyt v p\u0159\u00edrod\u011b &#8211; stvo\u0159eno pro dobrodru\u017estv\u00ed. N\u016f\u017e Desertman nese nekompromisn\u00ed DNA \u00fasp\u011b\u0161n\u00e9ho outdoorov\u00e9ho no\u017ee a p\u0159esv\u011bd\u010d\u00ed jako plnohodnotn\u00fd n\u016f\u017e s pevnou \u010depel\u00ed na ka\u017ed\u00e9 v\u00fdprav\u011b do p\u0159\u00edrody. Pr\u016fb\u011b\u017en\u00fd tang a \u0161irok\u00e1 \u010depel zaji\u0161\u0165uj\u00ed maxim\u00e1ln\u00ed stabilitu, zat\u00edmco vy\u010dn\u00edvaj\u00edc\u00ed konec rukojeti tvarovan\u00fd jako \u00faderov\u00e1 plocha poskytuje dal\u0161\u00ed cenn\u00e9 slu\u017eby. Plastov\u00e1 rukoje\u0165 m\u00e1 velkou \u00fachopovou z\u00f3nu v p\u00edskov\u011b hn\u011bd\u00e9m t\u00f3nu, kter\u00e1 zaru\u010duje velmi bezpe\u010dnou a p\u0159\u00edjemnou manipulaci i za mokra nebo chladu. \u0160pi\u010dat\u00e1 \u010depel je vyrobena z materi\u00e1lu 12C27 a je pota\u017eena titanem pro zv\u00fd\u0161enou ochranu proti korozi. Dod\u00e1v\u00e1 se v plastov\u00e9m pouzd\u0159e.<\/P><\/p>\n","protected":false},"featured_media":360758,"comment_status":"closed","ping_status":"closed","template":"","meta":[],"pwb-brand":[140],"product_brand":[],"product_cat":[17,23],"product_tag":[],"class_list":{"0":"post-360757","1":"product","2":"type-product","3":"status-publish","4":"has-post-thumbnail","6":"pwb-brand-boker","7":"product_cat-noze","8":"product_cat-pevne-noze","10":"first","11":"outofstock","12":"taxable","13":"shipping-taxable","14":"purchasable","15":"product-type-simple"},"brands":[{"id":140,"name":"Boker","slug":"boker"}],"_links":{"self":[{"href":"https:\/\/www.moskito.cz\/pl\/wp-json\/wp\/v2\/product\/360757","targetHints":{"allow":["GET"]}}],"collection":[{"href":"https:\/\/www.moskito.cz\/pl\/wp-json\/wp\/v2\/product"}],"about":[{"href":"https:\/\/www.moskito.cz\/pl\/wp-json\/wp\/v2\/types\/product"}],"replies":[{"embeddable":true,"href":"https:\/\/www.moskito.cz\/pl\/wp-json\/wp\/v2\/comments?post=360757"}],"wp:featuredmedia":[{"embeddable":true,"href":"https:\/\/www.moskito.cz\/pl\/wp-json\/wp\/v2\/media\/360758"}],"wp:attachment":[{"href":"https:\/\/www.moskito.cz\/pl\/wp-json\/wp\/v2\/media?parent=360757"}],"wp:term":[{"taxonomy":"pwb-brand","embeddable":true,"href":"https:\/\/www.moskito.cz\/pl\/wp-json\/wp\/v2\/pwb-brand?post=360757"},{"taxonomy":"product_brand","embeddable":true,"href":"https:\/\/www.moskito.cz\/pl\/wp-json\/wp\/v2\/product_brand?post=360757"},{"taxonomy":"product_cat","embeddable":true,"href":"https:\/\/www.moskito.cz\/pl\/wp-json\/wp\/v2\/product_cat?post=360757"},{"taxonomy":"product_tag","embeddable":true,"href":"https:\/\/www.moskito.cz\/pl\/wp-json\/wp\/v2\/product_tag?post=360757"}],"curies":[{"name":"wp","href":"https:\/\/api.w.org\/{rel}","templated":true}]}}