{"id":360761,"date":"2024-09-26T12:59:06","date_gmt":"2024-09-26T11:59:06","guid":{"rendered":"https:\/\/www.moskito.cz\/produkt\/kapesni-nuz-trppr\/"},"modified":"2025-05-07T11:24:50","modified_gmt":"2025-05-07T10:24:50","slug":"kapesni-nuz-trppr","status":"publish","type":"product","link":"https:\/\/www.moskito.cz\/pl\/produkt\/kapesni-nuz-trppr\/","title":{"rendered":"Kapesn\u00ed n\u016f\u017e TRPPR"},"content":{"rendered":"<p><UL><\/p>\n<p><LI>celkov\u00e1 d\u00e9lka: 18,9 cm <\/p>\n<p><LI>d\u00e9lka \u010depele: 8,1 cm <\/p>\n<p><LI>hmotnost: 70 g <\/p>\n<p><LI>tlou\u0161\u0165ka \u010depele: 2,4 mm <\/p>\n<p><LI>materi\u00e1l \u010depele: MagnaCut <\/p>\n<p><LI>materi\u00e1l rukojeti: titan <\/p>\n<p><LI>pojistka: framerlock <\/p>\n<p><LI>s klipem <\/p>\n<p><LI>dod\u00e1v\u00e1n v kvalitn\u00edm plst\u011bn\u00e9m pouzd\u0159e <\/p>\n<p><LI>ru\u010dn\u011b vyrobeno v Solingenu <\/LI><br \/>\n<\/UL><\/p>\n","protected":false},"excerpt":{"rendered":"<p><P>Nen\u00e1padn\u00fd sv\u00fdm jm\u00e9nem, suver\u00e9nn\u00ed ve vzhledu. Kapesn\u00ed n\u016f\u017e B\u00f6ker TRPPR (vyslovuje se : Trapper) je v\u00fdjime\u010dn\u00fd n\u016f\u017e pro gentlemany, kter\u00fd p\u0159en\u00e1\u0161\u00ed odkaz \u00fasp\u011b\u0161n\u00e9ho modelu B\u00f6ker Trapper do nov\u00e9 \u00e9ry. A\u010dkoli je tento kapesn\u00ed n\u016f\u017e redukov\u00e1n na to nejnutn\u011bj\u0161\u00ed, nenech\u00e1v\u00e1 nic n\u00e1hod\u011b. \u010cepel se otv\u00edr\u00e1 hladce pomoc\u00ed flipperu, zat\u00edmco elegantn\u00ed integrovan\u00e1 pojistka framelock s vlo\u017ekou z nerezov\u00e9 oceli a zar\u00e1\u017ekou proti p\u0159eto\u010den\u00ed n\u016f\u017e spolehliv\u011b zajist\u00ed. Pou\u017eit\u00e1 ocel \u010depele se vyzna\u010duje p\u0159edev\u0161\u00edm vysokou odolnost\u00ed proti opot\u0159eben\u00ed, vysokou hou\u017eevnatost\u00ed a vysokou odolnost\u00ed proti korozi. Tyto dokonal\u00e9 vlastnosti \u010depele jsou podtr\u017eeny atraktivn\u00ed dvoubarevnou povrchovou \u00fapravou. Dlouh\u00fd bolster titanov\u00e9 rukojeti reprodukuje nostalgick\u00e9ho ducha doby a formuje n\u016f\u017e TRPPR se st\u0159enkami rukojeti ze stabilizovan\u00e9ho \u010dern\u00e9ho d\u0159eva Amboina s jedine\u010dnou kresbou do nov\u00e9ho modelu sou\u010dasn\u00e9 kultury no\u017ee. Ozdobn\u00e9 akcenty tvo\u0159\u00ed \u0161roub osy \u010depele, na n\u011bm\u017e je um\u00edst\u011bn ikonick\u00e9 logo se stromem B\u00f6ker, a fr\u00e9zovan\u00fd titanov\u00fd klip.<\/P><\/p>\n","protected":false},"featured_media":360762,"comment_status":"closed","ping_status":"closed","template":"","meta":[],"pwb-brand":[140],"product_brand":[],"product_cat":[17,22],"product_tag":[],"class_list":{"0":"post-360761","1":"product","2":"type-product","3":"status-publish","4":"has-post-thumbnail","6":"pwb-brand-boker","7":"product_cat-noze","8":"product_cat-zaviraci-noze","10":"first","11":"outofstock","12":"taxable","13":"shipping-taxable","14":"purchasable","15":"product-type-simple"},"brands":[{"id":140,"name":"Boker","slug":"boker"}],"_links":{"self":[{"href":"https:\/\/www.moskito.cz\/pl\/wp-json\/wp\/v2\/product\/360761","targetHints":{"allow":["GET"]}}],"collection":[{"href":"https:\/\/www.moskito.cz\/pl\/wp-json\/wp\/v2\/product"}],"about":[{"href":"https:\/\/www.moskito.cz\/pl\/wp-json\/wp\/v2\/types\/product"}],"replies":[{"embeddable":true,"href":"https:\/\/www.moskito.cz\/pl\/wp-json\/wp\/v2\/comments?post=360761"}],"wp:featuredmedia":[{"embeddable":true,"href":"https:\/\/www.moskito.cz\/pl\/wp-json\/wp\/v2\/media\/360762"}],"wp:attachment":[{"href":"https:\/\/www.moskito.cz\/pl\/wp-json\/wp\/v2\/media?parent=360761"}],"wp:term":[{"taxonomy":"pwb-brand","embeddable":true,"href":"https:\/\/www.moskito.cz\/pl\/wp-json\/wp\/v2\/pwb-brand?post=360761"},{"taxonomy":"product_brand","embeddable":true,"href":"https:\/\/www.moskito.cz\/pl\/wp-json\/wp\/v2\/product_brand?post=360761"},{"taxonomy":"product_cat","embeddable":true,"href":"https:\/\/www.moskito.cz\/pl\/wp-json\/wp\/v2\/product_cat?post=360761"},{"taxonomy":"product_tag","embeddable":true,"href":"https:\/\/www.moskito.cz\/pl\/wp-json\/wp\/v2\/product_tag?post=360761"}],"curies":[{"name":"wp","href":"https:\/\/api.w.org\/{rel}","templated":true}]}}