{"id":360795,"date":"2024-09-26T12:59:06","date_gmt":"2024-09-26T11:59:06","guid":{"rendered":"https:\/\/www.moskito.cz\/produkt\/nuz-subcom-2-0-black\/"},"modified":"2025-05-07T11:24:53","modified_gmt":"2025-05-07T10:24:53","slug":"nuz-subcom-2-0-black","status":"publish","type":"product","link":"https:\/\/www.moskito.cz\/pl\/produkt\/nuz-subcom-2-0-black\/","title":{"rendered":"Zav\u00edrac\u00ed N\u016f\u017e B\u00f6ker Plus Subcom 2.0 Black 01BO525"},"content":{"rendered":"<p>Zav\u00edrac\u00ed N\u016f\u017e <strong>B\u00f6ker<\/strong> Plus Subcom 2.0 Black 01BO525.<\/p>\n<p>Dnes lze \u0161ikovn\u00fd Boker Plus Subcom od Chada Los Banose rozhodn\u011b ozna\u010dit za jeden ze z\u00e1kladn\u00edch kamen\u016f Boker Plus. Enormn\u011b vysok\u00e1 u\u017eitn\u00e1 hodnota v ka\u017edodenn\u00edm \u017eivot\u011b a prostorov\u011b nen\u00e1ro\u010dn\u00fd design se staly legend\u00e1rn\u00edmi. Neutuchaj\u00edc\u00ed popularita tohoto v\u0161estrann\u00e9ho kapesn\u00edho no\u017ee n\u00e1s nyn\u00ed p\u0159im\u011bla k op\u011btovn\u00e9mu vyd\u00e1n\u00ed t\u00e9to ultrakompaktn\u00ed klasiky z na\u0161\u00ed \u0159ady v modernizovan\u00e9 verzi. Boker Plus Subcom 2.0 je dod\u00e1v\u00e1n s kr\u00e1tkou \u010depel\u00ed vyrobenou z D2 s diskr\u00e9tn\u00ed povrchovou \u00fapravou beadblast. Otev\u00edr\u00e1 se pomoc\u00ed palcov\u00e9ho kol\u00edku na obou stran\u00e1ch a je bezpe\u010dn\u011b zaji\u0161t\u011bn na m\u00edst\u011b dva milimetry silnou ocelovou desti\u010dkou framelocku. V\u00fdrazn\u00fd chr\u00e1ni\u010d ruky zvy\u0161uje komfort \u00fachopu a zabra\u0148uje sklouznut\u00ed do \u010depele. Texturovan\u00e1 rukoje\u0165 z \u010dern\u00e9ho Zytelu je dod\u00e1v\u00e1na s trojrozm\u011brn\u00fdm fr\u00e9zov\u00e1n\u00edm a d\u00edky t\u00e9to povrchov\u00e9 struktu\u0159e, ergonomick\u00e9mu designu a prolis\u016fm v oblasti op\u011brky palce padne v\u017edy bezpe\u010dn\u011b v ruce, i kdy\u017e je mokr\u00e1. S otvorem pro \u0161\u0148\u016frku a oto\u010dnou sponou (sklopn\u00e1\/sklopn\u00e1).<\/p>\n<p>Zna\u010dka: Boker Plus<br \/>\nCelkov\u00e1 d\u00e9lka: 11,80 cm<br \/>\nD\u00e9lka \u010depele: 5,80 cm<br \/>\nTlou\u0161\u0165ka \u010depele: 2,00 mm<br \/>\nHmotnost: 69,00 g<br \/>\nN\u00e1vrh\u00e1\u0159: \u010cad Los Banos<br \/>\nMateri\u00e1l \u010depele: D2<br \/>\nMateri\u00e1l rukojeti: Zytel<br \/>\nOtv\u00edr\u00e1k: Thumb Stud<br \/>\nOtev\u00edrac\u00ed: Manu\u00e1l<br \/>\nTyp z\u00e1mku: Framelock<br \/>\n\u010c\u00edslo polo\u017eky: 01BO525<\/p>\n<p>&nbsp;<\/p>\n","protected":false},"excerpt":{"rendered":"<p><strong>Dnes lze \u0161ikovn\u00fd Boker Plus Subcom od Chada Los Banose rozhodn\u011b ozna\u010dit za jeden ze z\u00e1kladn\u00edch kamen\u016f Boker Plus. Enormn\u011b vysok\u00e1 u\u017eitn\u00e1 hodnota v ka\u017edodenn\u00edm \u017eivot\u011b a prostorov\u011b nen\u00e1ro\u010dn\u00fd design se staly legend\u00e1rn\u00edmi. Neutuchaj\u00edc\u00ed popularita tohoto v\u0161estrann\u00e9ho kapesn\u00edho no\u017ee n\u00e1s nyn\u00ed p\u0159im\u011bla k op\u011btovn\u00e9mu vyd\u00e1n\u00ed t\u00e9to ultrakompaktn\u00ed klasiky z na\u0161\u00ed \u0159ady v modernizovan\u00e9 verzi.<\/strong><\/p>\n","protected":false},"featured_media":364467,"comment_status":"closed","ping_status":"closed","template":"","meta":[],"pwb-brand":[140],"product_brand":[],"product_cat":[17,22],"product_tag":[],"class_list":{"0":"post-360795","1":"product","2":"type-product","3":"status-publish","4":"has-post-thumbnail","6":"pwb-brand-boker","7":"product_cat-noze","8":"product_cat-zaviraci-noze","10":"first","11":"instock","12":"taxable","13":"shipping-taxable","14":"purchasable","15":"product-type-simple"},"brands":[{"id":140,"name":"Boker","slug":"boker"}],"_links":{"self":[{"href":"https:\/\/www.moskito.cz\/pl\/wp-json\/wp\/v2\/product\/360795","targetHints":{"allow":["GET"]}}],"collection":[{"href":"https:\/\/www.moskito.cz\/pl\/wp-json\/wp\/v2\/product"}],"about":[{"href":"https:\/\/www.moskito.cz\/pl\/wp-json\/wp\/v2\/types\/product"}],"replies":[{"embeddable":true,"href":"https:\/\/www.moskito.cz\/pl\/wp-json\/wp\/v2\/comments?post=360795"}],"wp:featuredmedia":[{"embeddable":true,"href":"https:\/\/www.moskito.cz\/pl\/wp-json\/wp\/v2\/media\/364467"}],"wp:attachment":[{"href":"https:\/\/www.moskito.cz\/pl\/wp-json\/wp\/v2\/media?parent=360795"}],"wp:term":[{"taxonomy":"pwb-brand","embeddable":true,"href":"https:\/\/www.moskito.cz\/pl\/wp-json\/wp\/v2\/pwb-brand?post=360795"},{"taxonomy":"product_brand","embeddable":true,"href":"https:\/\/www.moskito.cz\/pl\/wp-json\/wp\/v2\/product_brand?post=360795"},{"taxonomy":"product_cat","embeddable":true,"href":"https:\/\/www.moskito.cz\/pl\/wp-json\/wp\/v2\/product_cat?post=360795"},{"taxonomy":"product_tag","embeddable":true,"href":"https:\/\/www.moskito.cz\/pl\/wp-json\/wp\/v2\/product_tag?post=360795"}],"curies":[{"name":"wp","href":"https:\/\/api.w.org\/{rel}","templated":true}]}}