{"id":360826,"date":"2024-09-26T12:59:22","date_gmt":"2024-09-26T11:59:22","guid":{"rendered":"https:\/\/www.moskito.cz\/produkt\/kapesni-nuz-boker-plus-tech-tool-orange-damast-g10\/"},"modified":"2025-05-07T11:24:55","modified_gmt":"2025-05-07T10:24:55","slug":"kapesni-nuz-boker-plus-tech-tool-orange-damast-g10","status":"publish","type":"product","link":"https:\/\/www.moskito.cz\/pl\/produkt\/kapesni-nuz-boker-plus-tech-tool-orange-damast-g10\/","title":{"rendered":"Kapesn\u00ed n\u016f\u017e B\u00f6ker Plus Tech Tool Orange Damast G10"},"content":{"rendered":"<ul>\n<li>celkov\u00e1 d\u00e9lka: 16,5 cm<\/li>\n<li>d\u00e9lka \u010depele: 7,1 cm<\/li>\n<li>hmotnost: 58 g<\/li>\n<li>tlou\u0161\u0165ka \u010depele: 2,3 mm<\/li>\n<li>materi\u00e1l \u010depele: 12C27<\/li>\n<li>materi\u00e1l rukojeti: G10<\/li>\n<li>typ pojistky: Slipjoint<\/li>\n<\/ul>\n","protected":false},"excerpt":{"rendered":"<p>Jasn\u00e1 vize a zdroj inspirace: Tento tajemn\u00fd model obl\u00edben\u00e9ho n\u00e1stroje B\u00f6ker Plus Tech Tool je vybaven oran\u017eovo-\u010dernou rukojet\u00ed ze syntetick\u00e9ho materi\u00e1lu G10 s \u00fa\u017easn\u00fdm dama\u0161kov\u00fdm vzorem. Barva a struktura jsou tak pr\u016fkopn\u00edky modern\u00edho ducha doby, kter\u00e9ho n\u016f\u017e nese. \u010cepel vyroben\u00e1 z materi\u00e1lu Sandvik 12C27 s tvrdost\u00ed 58-60 HRC se otev\u00edr\u00e1 klasicky pomoc\u00ed z\u00e1\u0159ezu na nehet a nezamyk\u00e1 se. Desti\u010dky z nerezov\u00e9 oceli i \u0161roubovan\u00e1 konstrukce zaji\u0161\u0165uj\u00ed pot\u0159ebnou stabilitu, zat\u00edmco rozb\u00edje\u010d skla je nepostradateln\u00fdm pomocn\u00edkem v nouzov\u00fdch situac\u00edch. N\u016f\u017e je nav\u00edc vybaven klipem.<\/p>\n","protected":false},"featured_media":360827,"comment_status":"closed","ping_status":"closed","template":"","meta":[],"pwb-brand":[140],"product_brand":[],"product_cat":[17,22],"product_tag":[],"class_list":{"0":"post-360826","1":"product","2":"type-product","3":"status-publish","4":"has-post-thumbnail","6":"pwb-brand-boker","7":"product_cat-noze","8":"product_cat-zaviraci-noze","10":"first","11":"outofstock","12":"taxable","13":"shipping-taxable","14":"purchasable","15":"product-type-simple"},"brands":[{"id":140,"name":"Boker","slug":"boker"}],"_links":{"self":[{"href":"https:\/\/www.moskito.cz\/pl\/wp-json\/wp\/v2\/product\/360826","targetHints":{"allow":["GET"]}}],"collection":[{"href":"https:\/\/www.moskito.cz\/pl\/wp-json\/wp\/v2\/product"}],"about":[{"href":"https:\/\/www.moskito.cz\/pl\/wp-json\/wp\/v2\/types\/product"}],"replies":[{"embeddable":true,"href":"https:\/\/www.moskito.cz\/pl\/wp-json\/wp\/v2\/comments?post=360826"}],"wp:featuredmedia":[{"embeddable":true,"href":"https:\/\/www.moskito.cz\/pl\/wp-json\/wp\/v2\/media\/360827"}],"wp:attachment":[{"href":"https:\/\/www.moskito.cz\/pl\/wp-json\/wp\/v2\/media?parent=360826"}],"wp:term":[{"taxonomy":"pwb-brand","embeddable":true,"href":"https:\/\/www.moskito.cz\/pl\/wp-json\/wp\/v2\/pwb-brand?post=360826"},{"taxonomy":"product_brand","embeddable":true,"href":"https:\/\/www.moskito.cz\/pl\/wp-json\/wp\/v2\/product_brand?post=360826"},{"taxonomy":"product_cat","embeddable":true,"href":"https:\/\/www.moskito.cz\/pl\/wp-json\/wp\/v2\/product_cat?post=360826"},{"taxonomy":"product_tag","embeddable":true,"href":"https:\/\/www.moskito.cz\/pl\/wp-json\/wp\/v2\/product_tag?post=360826"}],"curies":[{"name":"wp","href":"https:\/\/api.w.org\/{rel}","templated":true}]}}