{"id":360834,"date":"2024-09-26T12:59:22","date_gmt":"2024-09-26T11:59:22","guid":{"rendered":"https:\/\/www.moskito.cz\/produkt\/kapesni-nuz-ak101-2-0\/"},"modified":"2025-05-07T11:24:55","modified_gmt":"2025-05-07T10:24:55","slug":"kapesni-nuz-ak101-2-0","status":"publish","type":"product","link":"https:\/\/www.moskito.cz\/pl\/produkt\/kapesni-nuz-ak101-2-0\/","title":{"rendered":"Kapesn\u00ed n\u016f\u017e AK101 2.0"},"content":{"rendered":"<ul>\n<li>celkov\u00e1 d\u00e9lka:25,0 cm<\/li>\n<li>d\u00e9lka \u010depele: 12,0 cm<\/li>\n<li>hmotnost: 202 g<\/li>\n<li>tlou\u0161\u0165ka \u010depele: 3,5 mm<\/li>\n<li>materi\u00e1l \u010depele: D2<\/li>\n<li>materi\u00e1l rukojeti: hlin\u00edk<\/li>\n<li>typ pojistky: linerlock<\/li>\n<li>s klipem a otvorem na \u0161\u0148\u016frku<\/li>\n<\/ul>\n","protected":false},"excerpt":{"rendered":"<p>N\u016f\u017e B\u00f6ker Plus AK-101 2.0 z \u0159ady Kala\u0161nikov je plnohodnotn\u00fd n\u016f\u017e pro n\u00e1ro\u010dn\u00e9 \u00fakoly, je proto vhodn\u00fd pro taktick\u00e9 i outdoorov\u00e9 pou\u017eit\u00ed. Rukoje\u0165 vyroben\u00e1 z vysoce odoln\u00e9ho hlin\u00edku se d\u00edky strukturovan\u00e9mu povrchu, typick\u00fdm p\u0159\u00ed\u010dk\u00e1m a speci\u00e1ln\u00edmu tvarov\u00e1n\u00ed pro prsty bezpe\u010dn\u011b dr\u017e\u00ed v ruce. Prolisy v oblasti op\u011bry palce nav\u00edc zaru\u010duj\u00ed maxim\u00e1ln\u00ed kontrolu p\u0159i pr\u00e1ci. Inovovan\u00e1 verze 2.0 no\u017ee je vybavena \u010dernou lakovanou \u010depel\u00ed typu drop-point z materi\u00e1lu D2, kterou lze snadno otev\u0159\u00edt i v rukavic\u00edch pomoc\u00ed flipperu nebo kol\u00edku pro palec, na kter\u00fd lze dos\u00e1hnout z obou stran. Rozb\u00edje\u010d skla na konci rukojeti dokonale roz\u0161i\u0159uje mo\u017enosti pou\u017eit\u00ed. Ocelov\u00e9 vlo\u017eky um\u00edst\u011bn\u00e9 pod st\u0159enkami rukojeti dod\u00e1vaj\u00ed cel\u00e9 konstrukci pot\u0159ebnou stabilitu. Kapesn\u00ed n\u016f\u017e se zamyk\u00e1 pomoc\u00ed spolehliv\u00e9 pojistky linerlock.<\/p>\n","protected":false},"featured_media":360835,"comment_status":"closed","ping_status":"closed","template":"","meta":[],"pwb-brand":[140],"product_brand":[],"product_cat":[17,22],"product_tag":[],"class_list":{"0":"post-360834","1":"product","2":"type-product","3":"status-publish","4":"has-post-thumbnail","6":"pwb-brand-boker","7":"product_cat-noze","8":"product_cat-zaviraci-noze","10":"first","11":"instock","12":"taxable","13":"shipping-taxable","14":"purchasable","15":"product-type-simple"},"brands":[{"id":140,"name":"Boker","slug":"boker"}],"_links":{"self":[{"href":"https:\/\/www.moskito.cz\/pl\/wp-json\/wp\/v2\/product\/360834","targetHints":{"allow":["GET"]}}],"collection":[{"href":"https:\/\/www.moskito.cz\/pl\/wp-json\/wp\/v2\/product"}],"about":[{"href":"https:\/\/www.moskito.cz\/pl\/wp-json\/wp\/v2\/types\/product"}],"replies":[{"embeddable":true,"href":"https:\/\/www.moskito.cz\/pl\/wp-json\/wp\/v2\/comments?post=360834"}],"wp:featuredmedia":[{"embeddable":true,"href":"https:\/\/www.moskito.cz\/pl\/wp-json\/wp\/v2\/media\/360835"}],"wp:attachment":[{"href":"https:\/\/www.moskito.cz\/pl\/wp-json\/wp\/v2\/media?parent=360834"}],"wp:term":[{"taxonomy":"pwb-brand","embeddable":true,"href":"https:\/\/www.moskito.cz\/pl\/wp-json\/wp\/v2\/pwb-brand?post=360834"},{"taxonomy":"product_brand","embeddable":true,"href":"https:\/\/www.moskito.cz\/pl\/wp-json\/wp\/v2\/product_brand?post=360834"},{"taxonomy":"product_cat","embeddable":true,"href":"https:\/\/www.moskito.cz\/pl\/wp-json\/wp\/v2\/product_cat?post=360834"},{"taxonomy":"product_tag","embeddable":true,"href":"https:\/\/www.moskito.cz\/pl\/wp-json\/wp\/v2\/product_tag?post=360834"}],"curies":[{"name":"wp","href":"https:\/\/api.w.org\/{rel}","templated":true}]}}