{"id":360858,"date":"2024-09-26T12:59:22","date_gmt":"2024-09-26T11:59:22","guid":{"rendered":"https:\/\/www.moskito.cz\/produkt\/kapesni-nuzboker-plus-tech-tool-blue-damast\/"},"modified":"2025-05-07T11:24:56","modified_gmt":"2025-05-07T10:24:56","slug":"kapesni-nuzboker-plus-tech-tool-blue-damast","status":"publish","type":"product","link":"https:\/\/www.moskito.cz\/pl\/produkt\/kapesni-nuzboker-plus-tech-tool-blue-damast\/","title":{"rendered":"Kapesn\u00ed n\u016f\u017eB\u00f6ker Plus Tech Tool Blue Damast"},"content":{"rendered":"<ul>\n<li>celkov\u00e1 d\u00e9lka: 16,4 cm<\/li>\n<li>d\u00e9lka \u010depele: 6,7 cm<\/li>\n<li>hmotnost: 58 g<\/li>\n<li>tlou\u0161\u0165ka materi\u00e1lu: 2,4 mm<\/li>\n<li>materi\u00e1l \u010depele: dama\u0161kov\u00e1 ocel<\/li>\n<li>materi\u00e1l rukojeti: G10<\/li>\n<li>typ pojistky: Slipjoint<\/li>\n<\/ul>\n","protected":false},"excerpt":{"rendered":"<p>Jasn\u00e1 vize a zdroj inspirace: Tato tajemn\u00e1 varianta obl\u00edben\u00e9ho n\u00e1stroje B\u00f6ker Plus Tech Tool p\u0159ich\u00e1z\u00ed s u\u0161lechtilou \u010depel\u00ed typu Droppoint ze 110vrstv\u00e9ho dama\u0161ku a jemn\u011b lad\u011bn\u00fdmi, modro\u010dern\u00fdmi st\u0159enkami rukojeti ze syntetick\u00e9ho materi\u00e1lu G10, kter\u00e9 d\u016fsledn\u011b p\u0159eb\u00edraj\u00ed sv\u016fdn\u00fd vzor \u010depele. Barva a struktura dl\u00e1\u017ed\u00ed cestu modern\u00edmu duchu doby, kterou n\u016f\u017e p\u0159edstavuje. Dama\u0161kov\u00e1 \u010depel se otev\u00edr\u00e1 klasicky pomoc\u00ed z\u00e1\u0159ezu na nehet a nezamyk\u00e1 se. Desti\u010dky z nerezov\u00e9 oceli i \u0161roubovan\u00e1 konstrukce zaji\u0161\u0165uj\u00ed pot\u0159ebnou stabilitu, zat\u00edmco rozb\u00edje\u010d skla je nepostradateln\u00fdm pomocn\u00edkem v nouzov\u00fdch situac\u00edch. N\u016f\u017e je nav\u00edc vybaven klipem.<\/p>\n","protected":false},"featured_media":360859,"comment_status":"closed","ping_status":"closed","template":"","meta":[],"pwb-brand":[140],"product_brand":[],"product_cat":[17,22],"product_tag":[],"class_list":{"0":"post-360858","1":"product","2":"type-product","3":"status-publish","4":"has-post-thumbnail","6":"pwb-brand-boker","7":"product_cat-noze","8":"product_cat-zaviraci-noze","10":"first","11":"outofstock","12":"taxable","13":"shipping-taxable","14":"purchasable","15":"product-type-simple"},"brands":[{"id":140,"name":"Boker","slug":"boker"}],"_links":{"self":[{"href":"https:\/\/www.moskito.cz\/pl\/wp-json\/wp\/v2\/product\/360858","targetHints":{"allow":["GET"]}}],"collection":[{"href":"https:\/\/www.moskito.cz\/pl\/wp-json\/wp\/v2\/product"}],"about":[{"href":"https:\/\/www.moskito.cz\/pl\/wp-json\/wp\/v2\/types\/product"}],"replies":[{"embeddable":true,"href":"https:\/\/www.moskito.cz\/pl\/wp-json\/wp\/v2\/comments?post=360858"}],"wp:featuredmedia":[{"embeddable":true,"href":"https:\/\/www.moskito.cz\/pl\/wp-json\/wp\/v2\/media\/360859"}],"wp:attachment":[{"href":"https:\/\/www.moskito.cz\/pl\/wp-json\/wp\/v2\/media?parent=360858"}],"wp:term":[{"taxonomy":"pwb-brand","embeddable":true,"href":"https:\/\/www.moskito.cz\/pl\/wp-json\/wp\/v2\/pwb-brand?post=360858"},{"taxonomy":"product_brand","embeddable":true,"href":"https:\/\/www.moskito.cz\/pl\/wp-json\/wp\/v2\/product_brand?post=360858"},{"taxonomy":"product_cat","embeddable":true,"href":"https:\/\/www.moskito.cz\/pl\/wp-json\/wp\/v2\/product_cat?post=360858"},{"taxonomy":"product_tag","embeddable":true,"href":"https:\/\/www.moskito.cz\/pl\/wp-json\/wp\/v2\/product_tag?post=360858"}],"curies":[{"name":"wp","href":"https:\/\/api.w.org\/{rel}","templated":true}]}}