{"id":360894,"date":"2024-09-26T12:59:40","date_gmt":"2024-09-26T11:59:40","guid":{"rendered":"https:\/\/www.moskito.cz\/produkt\/nuz-boker-magnum-stereo\/"},"modified":"2025-05-07T11:24:58","modified_gmt":"2025-05-07T10:24:58","slug":"nuz-boker-magnum-stereo","status":"publish","type":"product","link":"https:\/\/www.moskito.cz\/pl\/produkt\/nuz-boker-magnum-stereo\/","title":{"rendered":"Zav\u00edrac\u00ed N\u016f\u017e B\u00d6KER MAGNUM STEREO 01RY004"},"content":{"rendered":"<p>Zav\u00edrac\u00ed N\u016f\u017e <strong>B\u00d6KER<\/strong> MAGNUM STEREO 01RY004.<\/p>\n<p>Sladk\u00e9 kouzlo gentlemansk\u00e9ho no\u017ee nebo vzru\u0161en\u00ed z taktick\u00e9ho leporela? <strong>B\u00f6ker Magnum Stereo<\/strong> ned\u011bl\u00e1 v\u011bci nap\u016fl a je nekompromisn\u00ed odpov\u011bd\u00ed pro v\u0161echny nerozhodnut\u00e9 lidi, kte\u0159\u00ed hledaj\u00ed v\u0161estrann\u00fd n\u016f\u017e s t\u00edm jist\u00fdm n\u011b\u010d\u00edm. Kompletn\u011b v \u010dern\u00e9 barv\u011b se kapesn\u00ed n\u016f\u017e prezentuje v taktick\u00e9m \u0161t\u00edhl\u00e9m proveden\u00ed. K otev\u0159en\u00ed \u010depele 440A Droppoint se ovl\u00e1d\u00e1 \u010dep palce , kter\u00fd lze v p\u0159\u00edpad\u011b pot\u0159eby vyjmout. Liner lock zaji\u0161\u0165uje spolehliv\u00e9 zamyk\u00e1n\u00ed, zat\u00edmco silueta a texturovan\u00e9 , protiskluzov\u00e9 \u0161upiny rukojeti vyroben\u00e9 z G10 odr\u00e1\u017eej\u00ed eleganci gentlemansk\u00e9ho no\u017ee. Spona Deep-Carry Clip (Tip-Up\/r) umo\u017e\u0148uje diskr\u00e9tn\u00ed no\u0161en\u00ed a d\u011bl\u00e1 z kapesn\u00edho no\u017ee prvn\u00ed volbu pro v\u0161echny aspiruj\u00edc\u00ed tajn\u00e9 agenty.<\/p>\n<p>Zna\u010dka : Magnum<br \/>\nCelkov\u00e1 d\u00e9lka: 18,20 cm<br \/>\nD\u00e9lka \u010depele: 8,00 cm<br \/>\nTlou\u0161\u0165ka \u010depele: 2,70 mm<br \/>\nHmotnost: 63,00 g<br \/>\nMateri\u00e1l \u010depele: 440A<br \/>\nMateri\u00e1l rukojeti: G10<br \/>\nPom\u016fcka pro otev\u00edr\u00e1n\u00ed: P\u0159ip\u00edn\u00e1\u010dek na palec<br \/>\nUzav\u0159en\u00ed: Z\u00e1mek vlo\u017eky<br \/>\nBarva: \u010cern\u00fd<br \/>\n\u010c\u00edslo polo\u017eky: 01RY004<\/p>\n<p>&nbsp;<\/p>\n","protected":false},"excerpt":{"rendered":"<p><strong>Sladk\u00e9 kouzlo gentlemansk\u00e9ho no\u017ee nebo vzru\u0161en\u00ed z taktick\u00e9ho leporela? B\u00f6ker Magnum Stereo ned\u011bl\u00e1 v\u011bci nap\u016fl a je nekompromisn\u00ed odpov\u011bd\u00ed pro v\u0161echny nerozhodnut\u00e9 lidi, kte\u0159\u00ed hledaj\u00ed v\u0161estrann\u00fd n\u016f\u017e s t\u00edm jist\u00fdm n\u011b\u010d\u00edm.<\/strong><\/p>\n","protected":false},"featured_media":361791,"comment_status":"closed","ping_status":"closed","template":"","meta":[],"pwb-brand":[140],"product_brand":[],"product_cat":[22,17],"product_tag":[],"class_list":{"0":"post-360894","1":"product","2":"type-product","3":"status-publish","4":"has-post-thumbnail","6":"pwb-brand-boker","7":"product_cat-zaviraci-noze","8":"product_cat-noze","10":"first","11":"instock","12":"taxable","13":"shipping-taxable","14":"purchasable","15":"product-type-simple"},"brands":[{"id":140,"name":"Boker","slug":"boker"}],"_links":{"self":[{"href":"https:\/\/www.moskito.cz\/pl\/wp-json\/wp\/v2\/product\/360894","targetHints":{"allow":["GET"]}}],"collection":[{"href":"https:\/\/www.moskito.cz\/pl\/wp-json\/wp\/v2\/product"}],"about":[{"href":"https:\/\/www.moskito.cz\/pl\/wp-json\/wp\/v2\/types\/product"}],"replies":[{"embeddable":true,"href":"https:\/\/www.moskito.cz\/pl\/wp-json\/wp\/v2\/comments?post=360894"}],"wp:featuredmedia":[{"embeddable":true,"href":"https:\/\/www.moskito.cz\/pl\/wp-json\/wp\/v2\/media\/361791"}],"wp:attachment":[{"href":"https:\/\/www.moskito.cz\/pl\/wp-json\/wp\/v2\/media?parent=360894"}],"wp:term":[{"taxonomy":"pwb-brand","embeddable":true,"href":"https:\/\/www.moskito.cz\/pl\/wp-json\/wp\/v2\/pwb-brand?post=360894"},{"taxonomy":"product_brand","embeddable":true,"href":"https:\/\/www.moskito.cz\/pl\/wp-json\/wp\/v2\/product_brand?post=360894"},{"taxonomy":"product_cat","embeddable":true,"href":"https:\/\/www.moskito.cz\/pl\/wp-json\/wp\/v2\/product_cat?post=360894"},{"taxonomy":"product_tag","embeddable":true,"href":"https:\/\/www.moskito.cz\/pl\/wp-json\/wp\/v2\/product_tag?post=360894"}],"curies":[{"name":"wp","href":"https:\/\/api.w.org\/{rel}","templated":true}]}}