{"id":360927,"date":"2024-09-26T12:59:56","date_gmt":"2024-09-26T11:59:56","guid":{"rendered":"https:\/\/www.moskito.cz\/produkt\/nuz-kwaiken-sym\/"},"modified":"2025-05-07T11:25:01","modified_gmt":"2025-05-07T10:25:01","slug":"nuz-kwaiken-sym","status":"publish","type":"product","link":"https:\/\/www.moskito.cz\/pl\/produkt\/nuz-kwaiken-sym\/","title":{"rendered":"Zav\u00edrac\u00ed N\u016f\u017e  B\u00f6ker Plus Kwaiken Sym 01BO635"},"content":{"rendered":"<p>Zav\u00edrac\u00ed N\u016f\u017e <strong>B\u00f6ker Plus<\/strong> Kwaiken Sym 01BO635.<\/p>\n<p>B\u00f6ker Plus Kwaiken od Lucase Burnleyho je jedn\u00edm z nejvlivn\u011bj\u0161\u00edch n\u00e1vrh\u016f 21. stolet\u00ed. D\u00edky sv\u00e9mu jasn\u00e9mu a praktick\u00e9mu tvaru se modern\u00ed kapesn\u00ed n\u016f\u017e nyn\u00ed stal skute\u010dnou ikonou. Naprosto jedine\u010dn\u00e9 jsou \u010dist\u00e9 linie a tenk\u00fd design, do kter\u00e9ho se v zav\u0159en\u00e9m stavu st\u00e1le vejde cel\u00e1 \u010depel. Jde o dal\u0161\u00ed v\u00fdvoj zn\u00e1m\u00e9ho Burnley Kwaiken Classic, putovn\u00edho no\u017ee rovn\u011b\u017e v novojaponsk\u00e9m stylu. V Kwaiken Sym design\u00e9r no\u017e\u016f z Oregonu harmonizuje my\u0161lenku symetrie a harmonie v duchu japonsk\u00e9 filozofie. Ploutev p\u0159ipom\u00edn\u00e1 odr\u00e1\u017eec\u00ed prvek a umo\u017e\u0148uje bezpe\u010dn\u00e9 a intuitivn\u00ed ovl\u00e1d\u00e1n\u00ed. Stejn\u011b spolehliv\u011b funguje i liner lock, kter\u00fd uzamyk\u00e1 \u010depel d\u00fdky s kuli\u010dkov\u00fdm lo\u017eiskem z \u010dern\u011b pota\u017een\u00e9 154CM a nata\u017eenou na jedn\u00e9 stran\u011b. Exkluzivn\u00ed n\u00e1roky podtrhuje rukoje\u0165 s elegantn\u00edmi titanov\u00fdmi \u010delistmi a stupnice rukojeti z G10, kter\u00e9 harmonicky dod\u00e1vaj\u00ed zcela \u010dern\u00e9mu no\u017ei velmi zvl\u00e1\u0161tn\u00ed vzhled. Tenk\u00fd design a exkluzivn\u00ed materi\u00e1l d\u011blaj\u00ed z Kwaiken elegantn\u00ed crossover mezi gentlemanskou slo\u017ekou a taktick\u00fdm taktick\u00fdm no\u017eem. Dod\u00e1v\u00e1 se s kvalitn\u00edm nylonov\u00fdm pouzdrem pro skladov\u00e1n\u00ed. S odn\u00edmatelnou sponou (Tip-Up\/r).<\/p>\n<p>Zna\u010dka: Boker Plus<br \/>\nCelkov\u00e1 d\u00e9lka: 21,50 cm<br \/>\nD\u00e9lka \u010depele: 9,10 cm<br \/>\nTlou\u0161\u0165ka \u010depele: 2,90 mm<br \/>\nHmotnost: 123,00 g<br \/>\nN\u00e1vrh\u00e1\u0159: Lucas Burnley<br \/>\nMateri\u00e1l \u010depele: 154 cm<br \/>\nMateri\u00e1l rukojeti: G10, titan<br \/>\nPom\u016fcka pro otev\u00edr\u00e1n\u00ed: Pinball<br \/>\nUzav\u0159en\u00ed: Z\u00e1mek vlo\u017eky<br \/>\n\u010c\u00edslo polo\u017eky: 01BO635<\/p>\n<p>&nbsp;<\/p>\n","protected":false},"excerpt":{"rendered":"<p><strong>B\u00f6ker Plus Kwaiken od Lucase Burnleyho je jedn\u00edm z nejvlivn\u011bj\u0161\u00edch n\u00e1vrh\u016f 21. stolet\u00ed. D\u00edky sv\u00e9mu jasn\u00e9mu a praktick\u00e9mu tvaru se modern\u00ed kapesn\u00ed n\u016f\u017e nyn\u00ed stal skute\u010dnou ikonou.<\/strong><\/p>\n<p><strong>Doprava zdarma.<\/strong><\/p>\n","protected":false},"featured_media":366221,"comment_status":"closed","ping_status":"closed","template":"","meta":[],"pwb-brand":[140],"product_brand":[],"product_cat":[22,17],"product_tag":[],"class_list":{"0":"post-360927","1":"product","2":"type-product","3":"status-publish","4":"has-post-thumbnail","6":"pwb-brand-boker","7":"product_cat-zaviraci-noze","8":"product_cat-noze","10":"first","11":"instock","12":"taxable","13":"shipping-taxable","14":"purchasable","15":"product-type-simple"},"brands":[{"id":140,"name":"Boker","slug":"boker"}],"_links":{"self":[{"href":"https:\/\/www.moskito.cz\/pl\/wp-json\/wp\/v2\/product\/360927","targetHints":{"allow":["GET"]}}],"collection":[{"href":"https:\/\/www.moskito.cz\/pl\/wp-json\/wp\/v2\/product"}],"about":[{"href":"https:\/\/www.moskito.cz\/pl\/wp-json\/wp\/v2\/types\/product"}],"replies":[{"embeddable":true,"href":"https:\/\/www.moskito.cz\/pl\/wp-json\/wp\/v2\/comments?post=360927"}],"wp:featuredmedia":[{"embeddable":true,"href":"https:\/\/www.moskito.cz\/pl\/wp-json\/wp\/v2\/media\/366221"}],"wp:attachment":[{"href":"https:\/\/www.moskito.cz\/pl\/wp-json\/wp\/v2\/media?parent=360927"}],"wp:term":[{"taxonomy":"pwb-brand","embeddable":true,"href":"https:\/\/www.moskito.cz\/pl\/wp-json\/wp\/v2\/pwb-brand?post=360927"},{"taxonomy":"product_brand","embeddable":true,"href":"https:\/\/www.moskito.cz\/pl\/wp-json\/wp\/v2\/product_brand?post=360927"},{"taxonomy":"product_cat","embeddable":true,"href":"https:\/\/www.moskito.cz\/pl\/wp-json\/wp\/v2\/product_cat?post=360927"},{"taxonomy":"product_tag","embeddable":true,"href":"https:\/\/www.moskito.cz\/pl\/wp-json\/wp\/v2\/product_tag?post=360927"}],"curies":[{"name":"wp","href":"https:\/\/api.w.org\/{rel}","templated":true}]}}