{"id":360957,"date":"2024-09-26T12:59:56","date_gmt":"2024-09-26T11:59:56","guid":{"rendered":"https:\/\/www.moskito.cz\/produkt\/nuz-s-pevnou-cepeli-vigtig-vs-wild\/"},"modified":"2025-05-07T11:25:02","modified_gmt":"2025-05-07T10:25:02","slug":"nuz-s-pevnou-cepeli-vigtig-vs-wild","status":"publish","type":"product","link":"https:\/\/www.moskito.cz\/pl\/produkt\/nuz-s-pevnou-cepeli-vigtig-vs-wild\/","title":{"rendered":"N\u016f\u017e s pevnou \u010depel\u00ed Vigtig vs. Wild"},"content":{"rendered":"<ul>\n<li>celkov\u00e1 d\u00e9lka: 19,5 cm<\/li>\n<li>d\u00e9lka \u010depele: 8,5 cm<\/li>\n<li>hmotnost: 150 g<\/li>\n<li>tlou\u0161\u0165ka \u010depele: 4,0 mm<\/li>\n<li>materi\u00e1l \u010depele: MagnaCut<\/li>\n<li>materi\u00e1l rukojeti: Micarta<\/li>\n<li>design\u00e9r: Dave Wenger<\/li>\n<li>v kydexov\u00e9m pouzd\u0159e s klipem<\/li>\n<\/ul>\n","protected":false},"excerpt":{"rendered":"<p>Z\u00e1kladem pro nov\u00fd v\u00fdvoj je outdoorov\u00fd a bushcraftov\u00fd n\u016f\u017e B<span class=\"fn\">\u00f6<\/span>ker Plus Vigtig navr\u017een\u00fd Davem Wengerem, kter\u00fd d\u00edky sv\u00fdm rozm\u011br\u016fm nejen dokonale zapadl do l\u00e1hve, ale je tak\u00e9 ur\u010den pro nejn\u00e1ro\u010dn\u011bj\u0161\u00ed po\u017eadavky. Jako ocel \u010depele byla zvolena Magnacut, kter\u00e1 byla na rozd\u00edl od obvykle pou\u017e\u00edvan\u00fdch n\u00e1strojov\u00fdch ocel\u00ed vyvinuta speci\u00e1ln\u011b pro v\u00fdrobu no\u017e\u016f. T\u00e9to oceli, kter\u00e1 byla ozna\u010dov\u00e1na za &#8222;z\u00e1zra\u010dnou ocel&#8221;, se poda\u0159ilo dos\u00e1hnout velmi jemn\u00e9 struktury, a t\u00edm i vysok\u00e9 hou\u017eevnatosti a odolnosti v\u016f\u010di n\u00e1razov\u00e9mu zat\u00ed\u017een\u00ed, a to i p\u0159es vysok\u00fd obsah chromu 10,7 % a p\u016fsobivou kalitelnost p\u0159es 62-63 HRC. V kombinaci s brou\u0161en\u00edm True-Scandi odol\u00e1 \u010depel v povrchov\u00e9 \u00faprav\u011b stonewash ka\u017ed\u00e9 v\u00fdzv\u011b, kter\u00e1 se naskytne, od jemn\u00fdch \u0159ezn\u00fdch a \u0159ezb\u00e1\u0159sk\u00fdch prac\u00ed p\u0159i stavb\u011b t\u00e1bora a p\u0159\u00edprav\u011b palivov\u00e9ho d\u0159eva, p\u0159es pali\u010dkov\u00e1n\u00ed a sek\u00e1n\u00ed a\u017e po manipulaci se zv\u011b\u0159\u00ed. Aby se co nejl\u00e9pe vyu\u017eil prostor v l\u00e1hvi Nalgene, z\u016fstaly dv\u011b st\u0159enky rukojeti ze zelen\u00e9 pl\u00e1t\u011bn\u00e9 mikarty o n\u011bco plo\u0161\u0161\u00ed ne\u017e u p\u016fvodn\u00ed verze a zaji\u0161\u0165uj\u00ed dokonal\u00fd \u00fachop i za mokra. Speci\u00e1ln\u00ed zv\u00fdrazn\u011bn\u00ed najdete uvnit\u0159 rukojeti. M\u00edsto dut\u00fdch cvo\u010dk\u016f lze dva velk\u00e9 \u0161rouby snadno vyjmout pomoc\u00ed mince a odhalit tak prostornou p\u0159ihr\u00e1dku o hloubce 14 mm oproti vn\u011bj\u0161\u00edm rozm\u011br\u016fm rukojeti, kam lze snadno um\u00edstit nap\u0159\u00edklad pinzetu, troud, tablety d\u0159ev\u011bn\u00e9ho uhl\u00ed, ryb\u00e1\u0159skou soupravu a zav\u00edrac\u00ed \u0161pendl\u00edky. I jako n\u016f\u017e s kostrou bez st\u0159enek na rukojeti se n\u016f\u017e Boker Vigtig vs. Wild, vyroben\u00fd kompletn\u011b v Solingenu, skv\u011ble vyj\u00edm\u00e1 a podtrhuje v\u0161estrannost tohoto speci\u00e1ln\u00edho modelu. V\u0161e dopl\u0148uje kompaktn\u00ed kydexov\u00e9 pouzdro v \u010dern\u00e9 barv\u011b s klipem.<\/p>\n","protected":false},"featured_media":360958,"comment_status":"closed","ping_status":"closed","template":"","meta":[],"pwb-brand":[140],"product_brand":[],"product_cat":[17,23],"product_tag":[],"class_list":{"0":"post-360957","1":"product","2":"type-product","3":"status-publish","4":"has-post-thumbnail","6":"pwb-brand-boker","7":"product_cat-noze","8":"product_cat-pevne-noze","10":"first","11":"outofstock","12":"taxable","13":"shipping-taxable","14":"purchasable","15":"product-type-simple"},"brands":[{"id":140,"name":"Boker","slug":"boker"}],"_links":{"self":[{"href":"https:\/\/www.moskito.cz\/pl\/wp-json\/wp\/v2\/product\/360957","targetHints":{"allow":["GET"]}}],"collection":[{"href":"https:\/\/www.moskito.cz\/pl\/wp-json\/wp\/v2\/product"}],"about":[{"href":"https:\/\/www.moskito.cz\/pl\/wp-json\/wp\/v2\/types\/product"}],"replies":[{"embeddable":true,"href":"https:\/\/www.moskito.cz\/pl\/wp-json\/wp\/v2\/comments?post=360957"}],"wp:featuredmedia":[{"embeddable":true,"href":"https:\/\/www.moskito.cz\/pl\/wp-json\/wp\/v2\/media\/360958"}],"wp:attachment":[{"href":"https:\/\/www.moskito.cz\/pl\/wp-json\/wp\/v2\/media?parent=360957"}],"wp:term":[{"taxonomy":"pwb-brand","embeddable":true,"href":"https:\/\/www.moskito.cz\/pl\/wp-json\/wp\/v2\/pwb-brand?post=360957"},{"taxonomy":"product_brand","embeddable":true,"href":"https:\/\/www.moskito.cz\/pl\/wp-json\/wp\/v2\/product_brand?post=360957"},{"taxonomy":"product_cat","embeddable":true,"href":"https:\/\/www.moskito.cz\/pl\/wp-json\/wp\/v2\/product_cat?post=360957"},{"taxonomy":"product_tag","embeddable":true,"href":"https:\/\/www.moskito.cz\/pl\/wp-json\/wp\/v2\/product_tag?post=360957"}],"curies":[{"name":"wp","href":"https:\/\/api.w.org\/{rel}","templated":true}]}}