{"id":360975,"date":"2024-09-26T12:59:56","date_gmt":"2024-09-26T11:59:56","guid":{"rendered":"https:\/\/www.moskito.cz\/produkt\/alluvial-satin\/"},"modified":"2026-04-01T07:40:53","modified_gmt":"2026-04-01T06:40:53","slug":"alluvial-satin","status":"publish","type":"product","link":"https:\/\/www.moskito.cz\/pl\/produkt\/alluvial-satin\/","title":{"rendered":"Vyst\u0159elovac\u00ed N\u016f\u017e B\u00f6ker Plus Alluvial Satin 01BO345"},"content":{"rendered":"<p>Vyst\u0159elovac\u00ed N\u016f\u017e <strong>B\u00f6ker Plus<\/strong> Alluvial Satin 01BO345.<\/p>\n<p>Vytv\u00e1\u0159eno po tis\u00edce let, dl\u00e1\u017ed\u011bno neuv\u011b\u0159itelnou silou vody: Ji\u017e ve starov\u011bk\u00e9m Egypt\u011b byly aluvi\u00e1ln\u00ed p\u016fdy pova\u017eov\u00e1ny za slibn\u00e9 po\u017eehn\u00e1n\u00ed pro produktivn\u00ed sklizn\u011b. Odstran\u011bn\u00edm usazenin vznikly na pob\u0159e\u017e\u00edch, \u0159ek\u00e1ch a jezerech extr\u00e9mn\u011b na \u017eiviny bohat\u00e9 mlad\u00e9 p\u016fdy, kter\u00e9 Justin Lundquist popisuje jako zdroj sv\u00e9ho n\u00e1padu na p\u016fsobiv\u00fd B\u00f6ker Plus Aluvial. P\u0159\u00edrodumilovn\u00fd n\u00e1vrh\u00e1\u0159 no\u017e\u016f z USA byl no\u017ei fascinov\u00e1n ji\u017e od sv\u00fdch \u010dty\u0159 let a od roku 2013 \u00fasp\u011b\u0161n\u011b realizuje vlastn\u00ed n\u00e1vrhy. Zaplaven inspirac\u00ed podkop\u00e1v\u00e1 p\u0159\u00edrodn\u00ed z\u00e1kony v tomto prvn\u00edm spole\u010dn\u00e9m projektu s B\u00f6kerem a p\u0159in\u00e1\u0161\u00ed nov\u00fd \u017eivot do sv\u011bta automatick\u00fdch no\u017e\u016f pomoc\u00ed tenk\u00e9ho Gentleman Folder. \u010cepel Clip Point z D2 m\u00e1 decentn\u00ed sat\u00e9novou povrchovou \u00fapravu a otev\u00edr\u00e1 se a odemyk\u00e1 pomoc\u00ed tla\u010d\u00edtka. Tla\u010d\u00edtko a \u0161roub osy \u010depele jsou zapu\u0161t\u011bny do \u010dern\u00e9 hlin\u00edkov\u00e9 rukojeti, tak\u017ee palec z\u00edsk\u00e1v\u00e1 p\u0159i pou\u017e\u00edv\u00e1n\u00ed dal\u0161\u00ed podporu. Zpevn\u011bn\u00e1 aluvi\u00e1ln\u00ed p\u016fda se odr\u00e1\u017e\u00ed v p\u0159edn\u00ed, v\u011bt\u0161inou hladk\u00e9 \u00fachopov\u00e9 \u010d\u00e1sti, zat\u00edmco jemn\u00e1 textura v zadn\u00ed \u00fachopov\u00e9 \u010d\u00e1sti zachycuje p\u0159it\u00e9kaj\u00edc\u00ed usazeniny. Okrajov\u00fd tip-up (r) klip umo\u017e\u0148uje hlubok\u00e9 no\u0161en\u00ed a podtrhuje zemit\u00fd charakter automatick\u00e9ho no\u017ee.<\/p>\n<p>Zna\u010dka: Boker Plus<br \/>\nCelkov\u00e1 d\u00e9lka: 19,40 cm<br \/>\nD\u00e9lka \u010depele: 8,00 cm<br \/>\nTlou\u0161\u0165ka \u010depele: 2,90 mm<br \/>\nHmotnost: 88,00 g<br \/>\nN\u00e1vrh\u00e1\u0159: Justin Lundquist<br \/>\nMateri\u00e1l \u010depele: D2<br \/>\nMateri\u00e1l rukojeti: hlin\u00edk<br \/>\nPom\u016fcka pro otev\u00edr\u00e1n\u00ed: Stiskn\u011bte tla\u010d\u00edtko<br \/>\nOtev\u00edrac\u00ed: Automatick\u00fd<br \/>\nUzav\u0159en\u00ed: Stiskn\u011bte tla\u010d\u00edtko<br \/>\n\u010c\u00edslo polo\u017eky: 01BO345<\/p>\n<p>&nbsp;<\/p>\n<p>&nbsp;<\/p>\n","protected":false},"excerpt":{"rendered":"<p><strong>Vytv\u00e1\u0159eno po tis\u00edce let, dl\u00e1\u017ed\u011bno neuv\u011b\u0159itelnou silou vody: Ji\u017e ve starov\u011bk\u00e9m Egypt\u011b byly aluvi\u00e1ln\u00ed p\u016fdy pova\u017eov\u00e1ny za slibn\u00e9 po\u017eehn\u00e1n\u00ed pro produktivn\u00ed sklizn\u011b. Odstran\u011bn\u00edm usazenin vznikly na pob\u0159e\u017e\u00edch, \u0159ek\u00e1ch a jezerech extr\u00e9mn\u011b na \u017eiviny bohat\u00e9 mlad\u00e9 p\u016fdy, kter\u00e9 Justin Lundquist popisuje jako zdroj sv\u00e9ho n\u00e1padu na p\u016fsobiv\u00fd B\u00f6ker Plus Aluvial.<\/strong><\/p>\n","protected":false},"featured_media":364967,"comment_status":"closed","ping_status":"closed","template":"","meta":[],"pwb-brand":[140],"product_brand":[],"product_cat":[2019,17],"product_tag":[],"class_list":{"0":"post-360975","1":"product","2":"type-product","3":"status-publish","4":"has-post-thumbnail","6":"pwb-brand-boker","7":"product_cat-vystrelovaci-noze","8":"product_cat-noze","10":"first","11":"outofstock","12":"taxable","13":"shipping-taxable","14":"purchasable","15":"product-type-simple"},"brands":[{"id":140,"name":"Boker","slug":"boker"}],"_links":{"self":[{"href":"https:\/\/www.moskito.cz\/pl\/wp-json\/wp\/v2\/product\/360975","targetHints":{"allow":["GET"]}}],"collection":[{"href":"https:\/\/www.moskito.cz\/pl\/wp-json\/wp\/v2\/product"}],"about":[{"href":"https:\/\/www.moskito.cz\/pl\/wp-json\/wp\/v2\/types\/product"}],"replies":[{"embeddable":true,"href":"https:\/\/www.moskito.cz\/pl\/wp-json\/wp\/v2\/comments?post=360975"}],"wp:featuredmedia":[{"embeddable":true,"href":"https:\/\/www.moskito.cz\/pl\/wp-json\/wp\/v2\/media\/364967"}],"wp:attachment":[{"href":"https:\/\/www.moskito.cz\/pl\/wp-json\/wp\/v2\/media?parent=360975"}],"wp:term":[{"taxonomy":"pwb-brand","embeddable":true,"href":"https:\/\/www.moskito.cz\/pl\/wp-json\/wp\/v2\/pwb-brand?post=360975"},{"taxonomy":"product_brand","embeddable":true,"href":"https:\/\/www.moskito.cz\/pl\/wp-json\/wp\/v2\/product_brand?post=360975"},{"taxonomy":"product_cat","embeddable":true,"href":"https:\/\/www.moskito.cz\/pl\/wp-json\/wp\/v2\/product_cat?post=360975"},{"taxonomy":"product_tag","embeddable":true,"href":"https:\/\/www.moskito.cz\/pl\/wp-json\/wp\/v2\/product_tag?post=360975"}],"curies":[{"name":"wp","href":"https:\/\/api.w.org\/{rel}","templated":true}]}}