{"id":360996,"date":"2024-09-26T13:00:13","date_gmt":"2024-09-26T12:00:13","guid":{"rendered":"https:\/\/www.moskito.cz\/produkt\/kapesni-nuz-boker-plus-kwaiken-american-tanto\/"},"modified":"2025-05-18T17:15:24","modified_gmt":"2025-05-18T16:15:24","slug":"kapesni-nuz-boker-plus-kwaiken-american-tanto","status":"publish","type":"product","link":"https:\/\/www.moskito.cz\/pl\/produkt\/kapesni-nuz-boker-plus-kwaiken-american-tanto\/","title":{"rendered":"Zav\u00edrac\u00ed N\u016f\u017e B\u00f6ker Plus Kwaiken American Tanto 01BO512"},"content":{"rendered":"<p>Zav\u00edrac\u00ed N\u016f\u017e B\u00f6ker Plus Kwaiken American Tanto 01BO512.<\/p>\n<p>B\u00f6ker Plus Kwaiken od Lucase Burnleyho je jedn\u00edm z nejvlivn\u011bj\u0161\u00edch n\u00e1vrh\u016f 21. stolet\u00ed. D\u00edky sv\u00e9mu jasn\u00e9mu a praktick\u00e9mu tvaru se modern\u00ed kapesn\u00ed n\u016f\u017e nyn\u00ed stal skute\u010dnou ikonou. Naprosto jedine\u010dn\u00e9 jsou \u010dist\u00e9 linie a tenk\u00fd design, do kter\u00e9ho se v zav\u0159en\u00e9m stavu st\u00e1le vejde cel\u00e1 \u010depel. Jde o dal\u0161\u00ed v\u00fdvoj zn\u00e1m\u00e9ho Burnley Kwaiken Classic, putovn\u00edho no\u017ee rovn\u011b\u017e v novojaponsk\u00e9m stylu. V Kwaiken American Tanto kombinuje design\u00e9r no\u017e\u016f z Oregonu prvky japonsk\u00e9ho a americk\u00e9ho stylu. Flipper otev\u00edr\u00e1 \u010depel Tanto s kuli\u010dkov\u00fdm lo\u017eiskem z D2 hedv\u00e1bn\u011b hladk\u00e9ho s flipperem a zamyk\u00e1 se spolehliv\u00fdm z\u00e1mkem liner. Styl \u010depele Tanto se vyzna\u010duje rovn\u00fdm h\u0159betem \u010depele a zahnutou, druhou \u0159eznou hranou v p\u0159edn\u00ed oblasti, kter\u00e1 se t\u00e1hne rovn\u011b a\u017e ke \u0161pi\u010dce &#8211; ide\u00e1ln\u00ed pro p\u0159esn\u00e9 \u0159ezy. Exkluzivn\u00ed n\u00e1roky podtrhuj\u00ed lehk\u00e9 \u0161upiny rukojeti z G10, kter\u00e9 harmonicky dod\u00e1vaj\u00ed zcela \u010dern\u00e9mu no\u017ei velmi zvl\u00e1\u0161tn\u00ed vzhled. Tenk\u00fd design a exkluzivn\u00ed materi\u00e1l d\u011blaj\u00ed z Kwaiken noblesn\u00ed gentlemanskou slo\u017eku s taktick\u00fdm vkusem. Dod\u00e1v\u00e1 se s kvalitn\u00edm nylonov\u00fdm pouzdrem pro uskladn\u011bn\u00ed. S odn\u00edmatelnou hlubokou sponou (Tip-Up\/r).<\/p>\n<p>Zna\u010dka:<br \/>\nBoker Plus<br \/>\nCelkov\u00e1 d\u00e9lka:<br \/>\n21,20 cm<br \/>\nD\u00e9lka \u010depele:<br \/>\n9,00 cm<br \/>\nTlou\u0161\u0165ka \u010depele:<br \/>\n3,10 mm<br \/>\nHmotnost:<br \/>\n120,00 g<br \/>\nN\u00e1vrh\u00e1\u0159:<br \/>\nLucas Burnley<br \/>\nMateri\u00e1l \u010depele:<br \/>\nD2<br \/>\nMateri\u00e1l rukojeti:<br \/>\nG10<br \/>\nPom\u016fcka pro otev\u00edr\u00e1n\u00ed:<br \/>\nPinball<br \/>\nOtev\u00edrac\u00ed:<br \/>\nRu\u010dn\u011b<br \/>\nUzav\u0159en\u00ed:<br \/>\nZ\u00e1mek vlo\u017eky<br \/>\nVyrobeno v:<br \/>\nAsie<br \/>\n\u010c\u00edslo polo\u017eky:<br \/>\n01BO512<\/p>\n<p>Ikona Ov\u011b\u0159eno komunitou<\/p>\n<p>&nbsp;<\/p>\n","protected":false},"excerpt":{"rendered":"<p>Kapesn\u00ed n\u016f\u017e B\u00f6ker Plus Kwaiken od Lucase Burnleyho je jedn\u00edm z nejvlivn\u011bj\u0161\u00edch v\u00fdtvor\u016f 21. stolet\u00ed. D\u00edky sv\u00e9mu jasn\u00e9mu a praktick\u00e9mu tvaru se tento modern\u00ed kapesn\u00ed n\u016f\u017e stal skute\u010dnou ikonou. \u010cist\u00e9 linie a \u0161t\u00edhl\u00fd design, kter\u00fd v\u0161ak v zav\u0159en\u00e9m stavu pojme celou \u010depel, jsou naprosto jedine\u010dn\u00e9. Jedn\u00e1 se o dal\u0161\u00ed v\u00fdvoj zn\u00e1m\u00e9ho no\u017ee Burnley Kwaiken Classic, bushcraftov\u00e9ho no\u017ee rovn\u011b\u017e v novojaponsk\u00e9m stylu. V no\u017ei Kwaiken American Tanto kombinuje design\u00e9r no\u017e\u016f z Oregonu prvky japonsk\u00e9ho a americk\u00e9ho stylu. Flipper otev\u00edr\u00e1 kuli\u010dkovou \u010depel Tanto z materi\u00e1lu D2 hladce jako hedv\u00e1b\u00ed flipperem a zamyk\u00e1 spolehlivou pojistkou linerlock. \u010cepel Tanto se vyzna\u010duje rovn\u00fdm h\u0159betem a vp\u0159edu zahnut\u00fdm druh\u00fdm ost\u0159\u00edm, kter\u00e9 vede rovn\u011b a\u017e ke \u0161pi\u010dce &#8211; ide\u00e1ln\u00ed pro p\u0159esn\u00e9 \u0159ezy. Exkluzivn\u00ed n\u00e1rok podtrhuj\u00ed lehk\u00e9 st\u0159enky rukojeti z G10, kter\u00e9 zcela \u010dern\u00e9mu no\u017ei harmonicky dod\u00e1vaj\u00ed v\u00fdjime\u010dn\u00fd vzhled. \u0160t\u00edhl\u00fd design a exkluzivn\u00ed materi\u00e1l d\u011blaj\u00ed z no\u017ee Kwaiken elegantn\u00ed gentlemanskou slo\u017eku s taktick\u00fdm n\u00e1dechem. Dod\u00e1v\u00e1 se s kvalitn\u00edm nylonov\u00fdm pouzdrem pro ulo\u017een\u00ed a odn\u00edmateln\u00fdm klipem pro hlubok\u00e9 no\u0161en\u00ed (tip-up\/r).<\/p>\n","protected":false},"featured_media":365812,"comment_status":"closed","ping_status":"closed","template":"","meta":[],"pwb-brand":[140],"product_brand":[],"product_cat":[17,22],"product_tag":[],"class_list":{"0":"post-360996","1":"product","2":"type-product","3":"status-publish","4":"has-post-thumbnail","6":"pwb-brand-boker","7":"product_cat-noze","8":"product_cat-zaviraci-noze","10":"first","11":"outofstock","12":"taxable","13":"shipping-taxable","14":"purchasable","15":"product-type-simple"},"brands":[{"id":140,"name":"Boker","slug":"boker"}],"_links":{"self":[{"href":"https:\/\/www.moskito.cz\/pl\/wp-json\/wp\/v2\/product\/360996","targetHints":{"allow":["GET"]}}],"collection":[{"href":"https:\/\/www.moskito.cz\/pl\/wp-json\/wp\/v2\/product"}],"about":[{"href":"https:\/\/www.moskito.cz\/pl\/wp-json\/wp\/v2\/types\/product"}],"replies":[{"embeddable":true,"href":"https:\/\/www.moskito.cz\/pl\/wp-json\/wp\/v2\/comments?post=360996"}],"wp:featuredmedia":[{"embeddable":true,"href":"https:\/\/www.moskito.cz\/pl\/wp-json\/wp\/v2\/media\/365812"}],"wp:attachment":[{"href":"https:\/\/www.moskito.cz\/pl\/wp-json\/wp\/v2\/media?parent=360996"}],"wp:term":[{"taxonomy":"pwb-brand","embeddable":true,"href":"https:\/\/www.moskito.cz\/pl\/wp-json\/wp\/v2\/pwb-brand?post=360996"},{"taxonomy":"product_brand","embeddable":true,"href":"https:\/\/www.moskito.cz\/pl\/wp-json\/wp\/v2\/product_brand?post=360996"},{"taxonomy":"product_cat","embeddable":true,"href":"https:\/\/www.moskito.cz\/pl\/wp-json\/wp\/v2\/product_cat?post=360996"},{"taxonomy":"product_tag","embeddable":true,"href":"https:\/\/www.moskito.cz\/pl\/wp-json\/wp\/v2\/product_tag?post=360996"}],"curies":[{"name":"wp","href":"https:\/\/api.w.org\/{rel}","templated":true}]}}