{"id":361019,"date":"2024-09-26T13:00:30","date_gmt":"2024-09-26T12:00:30","guid":{"rendered":"https:\/\/www.moskito.cz\/produkt\/koteyka\/"},"modified":"2025-05-07T11:25:08","modified_gmt":"2025-05-07T10:25:08","slug":"koteyka","status":"publish","type":"product","link":"https:\/\/www.moskito.cz\/pl\/produkt\/koteyka\/","title":{"rendered":"Zav\u00edrac\u00ed N\u016f\u017e B\u00f6ker Plus Koteyka 01BO641"},"content":{"rendered":"<p>Zav\u00edrac\u00ed N\u016f\u017e <strong>B\u00f6ker Plus<\/strong> Koteyka 01BO641.<\/p>\n<p>Ukrajinsk\u00e9mu no\u017e\u00ed\u0159i Alexandru Kravovi se ve sv\u00fdch n\u00e1vrz\u00edch obdivuhodn\u011b da\u0159\u00ed skloubit formu a funkci na nejvy\u0161\u0161\u00ed \u00farovni. Design\u00e9r vytvo\u0159il stejnojmenn\u00fd n\u016f\u017e Slipjoint na z\u00e1klad\u011b Koteyka, viru s ko\u010dkou jako figurkou, kter\u00fd znalci po\u010d\u00edta\u010dov\u00e9 sc\u00e9ny neberou \u00fapln\u011b v\u00e1\u017en\u011b. Trojrozm\u011brn\u011b fr\u00e9zovan\u00e9 \u0161upiny rukojeti G10 poskytuj\u00ed nesrovnateln\u00fd \u00fachop se sametov\u011b vybrou\u0161enou strukturou a\u017e k h\u0159betu \u010depele, zat\u00edmco \u010depel D2 s povrchovou \u00fapravou Stonewash \u010dek\u00e1 a na svou ko\u0159ist se osvobod\u00ed pouze od ka\u017edodenn\u00edch \u0159ezn\u00fdch \u00fakol\u016f s tich\u00fdm chodem. p\u0159eden\u00ed nehtov\u00e9ho z\u00e1\u0159ezu. I bez areta\u010dn\u00edho mechanismu je \u010depel bezpe\u010dn\u011b dr\u017eena napnutou pru\u017einou. Bez klipu a bez otvoru na \u0161\u0148\u016frku, ale s velkou d\u00e1vkou tajemn\u00e9 elegance.<\/p>\n<p>Zna\u010dka: Boker Plus<br \/>\nCelkov\u00e1 d\u00e9lka: 15,80 cm<br \/>\nD\u00e9lka \u010depele: 6,60 cm<br \/>\nTlou\u0161\u0165ka \u010depele: 2,70 mm<br \/>\nHmotnost: 49,00 g<br \/>\nN\u00e1vrh\u00e1\u0159: Alexandr Krava<br \/>\nMateri\u00e1l \u010depele: D2<br \/>\nMateri\u00e1l rukojeti: G10<br \/>\nOtev\u00edrac\u00ed: Manu\u00e1l<br \/>\nTyp z\u00e1mku: Kluzn\u00fd kloub<br \/>\n\u010c\u00edslo polo\u017eky: 01BO641<\/p>\n<p>&nbsp;<\/p>\n","protected":false},"excerpt":{"rendered":"<p><strong>Ukrajinsk\u00e9mu no\u017e\u00ed\u0159i Alexandru Kravovi se ve sv\u00fdch n\u00e1vrz\u00edch obdivuhodn\u011b da\u0159\u00ed skloubit formu a funkci na nejvy\u0161\u0161\u00ed \u00farovni. Design\u00e9r vytvo\u0159il stejnojmenn\u00fd n\u016f\u017e Slipjoint na z\u00e1klad\u011b Koteyka, viru s ko\u010dkou jako figurkou, kter\u00fd znalci po\u010d\u00edta\u010dov\u00e9 sc\u00e9ny neberou \u00fapln\u011b v\u00e1\u017en\u011b.<\/strong><\/p>\n","protected":false},"featured_media":364408,"comment_status":"closed","ping_status":"closed","template":"","meta":[],"pwb-brand":[140],"product_brand":[],"product_cat":[22,17],"product_tag":[],"class_list":{"0":"post-361019","1":"product","2":"type-product","3":"status-publish","4":"has-post-thumbnail","6":"pwb-brand-boker","7":"product_cat-zaviraci-noze","8":"product_cat-noze","10":"first","11":"instock","12":"taxable","13":"shipping-taxable","14":"purchasable","15":"product-type-simple"},"brands":[{"id":140,"name":"Boker","slug":"boker"}],"_links":{"self":[{"href":"https:\/\/www.moskito.cz\/pl\/wp-json\/wp\/v2\/product\/361019","targetHints":{"allow":["GET"]}}],"collection":[{"href":"https:\/\/www.moskito.cz\/pl\/wp-json\/wp\/v2\/product"}],"about":[{"href":"https:\/\/www.moskito.cz\/pl\/wp-json\/wp\/v2\/types\/product"}],"replies":[{"embeddable":true,"href":"https:\/\/www.moskito.cz\/pl\/wp-json\/wp\/v2\/comments?post=361019"}],"wp:featuredmedia":[{"embeddable":true,"href":"https:\/\/www.moskito.cz\/pl\/wp-json\/wp\/v2\/media\/364408"}],"wp:attachment":[{"href":"https:\/\/www.moskito.cz\/pl\/wp-json\/wp\/v2\/media?parent=361019"}],"wp:term":[{"taxonomy":"pwb-brand","embeddable":true,"href":"https:\/\/www.moskito.cz\/pl\/wp-json\/wp\/v2\/pwb-brand?post=361019"},{"taxonomy":"product_brand","embeddable":true,"href":"https:\/\/www.moskito.cz\/pl\/wp-json\/wp\/v2\/product_brand?post=361019"},{"taxonomy":"product_cat","embeddable":true,"href":"https:\/\/www.moskito.cz\/pl\/wp-json\/wp\/v2\/product_cat?post=361019"},{"taxonomy":"product_tag","embeddable":true,"href":"https:\/\/www.moskito.cz\/pl\/wp-json\/wp\/v2\/product_tag?post=361019"}],"curies":[{"name":"wp","href":"https:\/\/api.w.org\/{rel}","templated":true}]}}