{"id":361061,"date":"2024-09-26T13:00:30","date_gmt":"2024-09-26T12:00:30","guid":{"rendered":"https:\/\/www.moskito.cz\/produkt\/lady\/"},"modified":"2025-05-07T11:25:12","modified_gmt":"2025-05-07T10:25:12","slug":"lady","status":"publish","type":"product","link":"https:\/\/www.moskito.cz\/pl\/produkt\/lady\/","title":{"rendered":"Dama\u0161kov\u00fd N\u016f\u017e B\u00d6KER Magnum Lady 01MB788DAM"},"content":{"rendered":"<p>Dama\u0161kov\u00fd N\u016f\u017e <strong>B\u00d6KER<\/strong> Magnum Lady 01MB788DAM.<\/p>\n<p>B\u00d6KER\u00ae je n\u011bmeck\u00e1 firma, kter\u00e1 vyr\u00e1b\u00ed no\u017ee t\u00e9 nejvy\u0161\u0161\u00ed kvality. No\u017ee s pevnou \u010depel\u00ed, zav\u00edrac\u00ed no\u017ee, kuchy\u0148sk\u00e9 no\u017ee a stojany si d\u00edky v\u00fdjime\u010dn\u00e9 kvalit\u011b obl\u00edbila \u0159ada z\u00e1kazn\u00edk\u016f z cel\u00e9ho sv\u011bta. V\u0161echny no\u017ee jsou vyrobeny z nejlep\u0161\u00edch, odoln\u00fdch materi\u00e1l\u016f a budou nepostradateln\u00fdm pomocn\u00edkem doma, v d\u00edln\u011b, na lovu i na v\u00fdlet\u011b do p\u0159\u00edrody. Budou skv\u011bl\u00fdm d\u00e1rkem pro va\u0161e bl\u00edzk\u00e9 i obchodn\u00ed partnery. Bu\u010fte origin\u00e1ln\u00ed, vyu\u017eijte mo\u017enosti grav\u00edrov\u00e1n\u00ed a p\u0159idejte na n\u016f\u017e logo va\u0161\u00ed firmy a nebo jm\u00e9no obdarov\u00e1n\u00e9ho.<\/p>\n<p>S touto exkluzivn\u00ed \u0159adou vysoce kvalitn\u00edch no\u017e\u016f v\u00e1m p\u0159in\u00e1\u0161\u00edme mimo\u0159\u00e1dnou kolekci Dama\u0161ku a exotick\u00fdch d\u0159evin. Tato \u0159ada obsahuje no\u017ee s pravou kovanou \u010depel\u00ed Dama\u0161ek s 37 vrstvami. \u017d\u00e1dn\u00e9 lept\u00e1n\u00ed nebo fale\u0161n\u00e9 vzory? tohle je to prav\u00e9! \u0160arm, charakter a kvalita za velmi rozumnou cenu. Men\u0161\u00ed verze modelu &#8222;Lord&#8221;.<\/p>\n<p>Materi\u00e1l \u010depele: Dama\u0161ek<br \/>\nMateri\u00e1l rukojeti: D\u0159evo<br \/>\nD\u00e9lka \u010depele: 6 cm<br \/>\nCelkov\u00e1 d\u00e9lka: 14 cm<br \/>\nD\u00e9lka rukojeti: 8 cm<br \/>\nTlou\u0161\u0165ka \u010depele: 0.25 mm<br \/>\nHmotnost: 68 g<\/p>\n<p>&nbsp;<\/p>\n<p>&nbsp;<\/p>\n","protected":false},"excerpt":{"rendered":"<p><strong>S touto exkluzivn\u00ed \u0159adou vysoce kvalitn\u00edch no\u017e\u016f v\u00e1m p\u0159in\u00e1\u0161\u00edme mimo\u0159\u00e1dnou kolekci Dama\u0161ku a exotick\u00fdch d\u0159evin.<\/strong><\/p>\n","protected":false},"featured_media":370272,"comment_status":"closed","ping_status":"closed","template":"","meta":[],"pwb-brand":[140],"product_brand":[],"product_cat":[25,17],"product_tag":[],"class_list":{"0":"post-361061","1":"product","2":"type-product","3":"status-publish","4":"has-post-thumbnail","6":"pwb-brand-boker","7":"product_cat-damascenske-noze","8":"product_cat-noze","10":"first","11":"instock","12":"taxable","13":"shipping-taxable","14":"purchasable","15":"product-type-simple"},"brands":[{"id":140,"name":"Boker","slug":"boker"}],"_links":{"self":[{"href":"https:\/\/www.moskito.cz\/pl\/wp-json\/wp\/v2\/product\/361061","targetHints":{"allow":["GET"]}}],"collection":[{"href":"https:\/\/www.moskito.cz\/pl\/wp-json\/wp\/v2\/product"}],"about":[{"href":"https:\/\/www.moskito.cz\/pl\/wp-json\/wp\/v2\/types\/product"}],"replies":[{"embeddable":true,"href":"https:\/\/www.moskito.cz\/pl\/wp-json\/wp\/v2\/comments?post=361061"}],"wp:featuredmedia":[{"embeddable":true,"href":"https:\/\/www.moskito.cz\/pl\/wp-json\/wp\/v2\/media\/370272"}],"wp:attachment":[{"href":"https:\/\/www.moskito.cz\/pl\/wp-json\/wp\/v2\/media?parent=361061"}],"wp:term":[{"taxonomy":"pwb-brand","embeddable":true,"href":"https:\/\/www.moskito.cz\/pl\/wp-json\/wp\/v2\/pwb-brand?post=361061"},{"taxonomy":"product_brand","embeddable":true,"href":"https:\/\/www.moskito.cz\/pl\/wp-json\/wp\/v2\/product_brand?post=361061"},{"taxonomy":"product_cat","embeddable":true,"href":"https:\/\/www.moskito.cz\/pl\/wp-json\/wp\/v2\/product_cat?post=361061"},{"taxonomy":"product_tag","embeddable":true,"href":"https:\/\/www.moskito.cz\/pl\/wp-json\/wp\/v2\/product_tag?post=361061"}],"curies":[{"name":"wp","href":"https:\/\/api.w.org\/{rel}","templated":true}]}}