{"id":361068,"date":"2024-09-26T13:00:44","date_gmt":"2024-09-26T12:00:44","guid":{"rendered":"https:\/\/www.moskito.cz\/produkt\/kapesni-nuz-magnum-rusticus\/"},"modified":"2025-05-07T11:25:12","modified_gmt":"2025-05-07T10:25:12","slug":"kapesni-nuz-magnum-rusticus","status":"publish","type":"product","link":"https:\/\/www.moskito.cz\/pl\/produkt\/kapesni-nuz-magnum-rusticus\/","title":{"rendered":"Zav\u00edrac\u00ed N\u016f\u017e Magnum Rusticus 01RY006"},"content":{"rendered":"<p>Zav\u00edrac\u00ed N\u016f\u017e <strong>Magnum<\/strong> Rusticus 01RY006.<\/p>\n<p>Klasick\u00fd, objektivn\u00ed, poctiv\u00fd \u2013 B\u00f6ker Magnum Rusticus je vydatn\u00fd kapesn\u00ed n\u016f\u017e s m\u00e9n\u011b za v\u00edce. Rusticus, inspirovan\u00fd typick\u00fdm prvn\u00edm kapesn\u00edm no\u017eem z va\u0161eho ml\u00e1d\u00ed a obvyklou vysokou funk\u010dnost\u00ed Magnum, kombinuje vysokou ka\u017edodenn\u00ed u\u017eite\u010dnost s nezbytn\u00fdm n\u00e1dechem nostalgie. Sat\u00e9nov\u00e1 \u010depel s rovn\u00fdm h\u0159betem z 420 se otev\u00edr\u00e1 klasick\u00fdm zp\u016fsobem s \u0159ezem h\u0159eb\u00edkem a zamyk\u00e1 se spolehliv\u00fdm z\u00e1mkem liner lock. Rukoje\u0165 z rustik\u00e1ln\u00edho, tepeln\u011b upraven\u00e9ho \u010derven\u00e9ho bukov\u00e9ho d\u0159eva, stejn\u011b jako zlat\u00e9 prvky na vlo\u017ek\u00e1ch a \u0161roubu osy \u010depele zv\u00fdraz\u0148uj\u00ed uklizen\u00fd vzhled zav\u00edrac\u00edho no\u017ee a zaji\u0161\u0165uj\u00ed tradi\u010dn\u00ed moment. S mosazn\u00fdm poutkem na \u0161\u0148\u016frku pro p\u0159ipevn\u011bn\u00ed \u0161\u0148\u016frek. Perfektn\u00ed n\u00e1pad na d\u00e1rek jako prvn\u00ed kapesn\u00ed n\u016f\u017e.<\/p>\n<p>Zna\u010dka: Magnum<br \/>\nCelkov\u00e1 d\u00e9lka: 19,60 cm<br \/>\nD\u00e9lka \u010depele: 8,40 cm<br \/>\nTlou\u0161\u0165ka \u010depele: 1,80 mm<br \/>\nHmotnost: 46,00 g<br \/>\nMateri\u00e1l \u010depele: 420<br \/>\nMateri\u00e1l rukojeti: D\u0159evo<br \/>\nOtev\u00edrac\u00ed: Ru\u010dn\u011b<br \/>\nUzav\u0159en\u00ed: Z\u00e1mek vlo\u017eky<br \/>\n\u010c\u00edslo polo\u017eky: 01RY006<\/p>\n<p>&nbsp;<\/p>\n","protected":false},"excerpt":{"rendered":"<p><strong>Kapesn\u00ed n\u016f\u017e pro ka\u017edodenn\u00ed pou\u017eit\u00ed. Klasick\u00fd, objektivn\u00ed, poctiv\u00fd \u2013 B\u00f6ker Magnum Rusticus je vydatn\u00fd kapesn\u00ed n\u016f\u017e s m\u00e9n\u011b za v\u00edce. Rusticus, inspirovan\u00fd typick\u00fdm prvn\u00edm kapesn\u00edm no\u017eem z va\u0161eho ml\u00e1d\u00ed a obvyklou vysokou funk\u010dnost\u00ed Magnum, kombinuje vysokou ka\u017edodenn\u00ed u\u017eite\u010dnost s nezbytn\u00fdm n\u00e1dechem nostalgie.<\/strong><\/p>\n","protected":false},"featured_media":370415,"comment_status":"closed","ping_status":"closed","template":"","meta":[],"pwb-brand":[140],"product_brand":[],"product_cat":[17,22],"product_tag":[],"class_list":{"0":"post-361068","1":"product","2":"type-product","3":"status-publish","4":"has-post-thumbnail","6":"pwb-brand-boker","7":"product_cat-noze","8":"product_cat-zaviraci-noze","10":"first","11":"outofstock","12":"taxable","13":"shipping-taxable","14":"purchasable","15":"product-type-simple"},"brands":[{"id":140,"name":"Boker","slug":"boker"}],"_links":{"self":[{"href":"https:\/\/www.moskito.cz\/pl\/wp-json\/wp\/v2\/product\/361068","targetHints":{"allow":["GET"]}}],"collection":[{"href":"https:\/\/www.moskito.cz\/pl\/wp-json\/wp\/v2\/product"}],"about":[{"href":"https:\/\/www.moskito.cz\/pl\/wp-json\/wp\/v2\/types\/product"}],"replies":[{"embeddable":true,"href":"https:\/\/www.moskito.cz\/pl\/wp-json\/wp\/v2\/comments?post=361068"}],"wp:featuredmedia":[{"embeddable":true,"href":"https:\/\/www.moskito.cz\/pl\/wp-json\/wp\/v2\/media\/370415"}],"wp:attachment":[{"href":"https:\/\/www.moskito.cz\/pl\/wp-json\/wp\/v2\/media?parent=361068"}],"wp:term":[{"taxonomy":"pwb-brand","embeddable":true,"href":"https:\/\/www.moskito.cz\/pl\/wp-json\/wp\/v2\/pwb-brand?post=361068"},{"taxonomy":"product_brand","embeddable":true,"href":"https:\/\/www.moskito.cz\/pl\/wp-json\/wp\/v2\/product_brand?post=361068"},{"taxonomy":"product_cat","embeddable":true,"href":"https:\/\/www.moskito.cz\/pl\/wp-json\/wp\/v2\/product_cat?post=361068"},{"taxonomy":"product_tag","embeddable":true,"href":"https:\/\/www.moskito.cz\/pl\/wp-json\/wp\/v2\/product_tag?post=361068"}],"curies":[{"name":"wp","href":"https:\/\/api.w.org\/{rel}","templated":true}]}}