{"id":361086,"date":"2024-09-26T13:00:44","date_gmt":"2024-09-26T12:00:44","guid":{"rendered":"https:\/\/www.moskito.cz\/produkt\/voodoo\/"},"modified":"2025-05-07T11:25:15","modified_gmt":"2025-05-07T10:25:15","slug":"voodoo","status":"publish","type":"product","link":"https:\/\/www.moskito.cz\/pl\/produkt\/voodoo\/","title":{"rendered":"Pevn\u00fd N\u016f\u017e B\u00f6ker Plus Voodoo 02BO070"},"content":{"rendered":"<p>Pevn\u00fd N\u016f\u017e <strong>B\u00f6ker Plus<\/strong> Voodoo 02BO070.<\/p>\n<p>Lehk\u00fd B\u00f6ker Plus Voodoo je vybaven oboustrannou \u010depel\u00ed d\u00fdky 440C a je spolehliv\u00fdm taktick\u00fdm no\u017eem jak v ter\u00e9nu, tak v ka\u017edodenn\u00edm \u017eivot\u011b. Charakteristick\u00e1 skeletov\u00e1 konstrukce Petera Fegana dod\u00e1v\u00e1 no\u017ei taktick\u00fd pocit a z\u00e1rove\u0148 sni\u017euje hmotnost robustn\u00ed celoocelov\u00e9 konstrukce, kter\u00e1 m\u00e1 jemn\u00fd kamenn\u00fd povrch. Velk\u00fd \u00fachopov\u00fd prstenec v kombinaci s v\u00fdrazn\u00fdm \u017eebrov\u00e1n\u00edm v p\u0159\u00edslu\u0161n\u00fdch oblastech zaji\u0161\u0165uje velkolepou manipulaci. D\u00fdka se nos\u00ed v p\u0159ilo\u017een\u00e9m Kydexov\u00e9m pouzd\u0159e a adapt\u00e9ru na opasek, i kdy\u017e \u0161t\u00edhl\u00fd design a n\u00edzk\u00e1 hmotnost ji umo\u017e\u0148uj\u00ed pou\u017e\u00edt i jako velk\u00fd n\u016f\u017e na krk.<\/p>\n<p>Zna\u010dka: Boker Plus<br \/>\nCelkov\u00e1 d\u00e9lka: 20,10 cm<br \/>\nD\u00e9lka \u010depele: 8,50 cm<br \/>\nTlou\u0161\u0165ka \u010depele: 4,10 mm<br \/>\nHmotnost: 63,00 g<br \/>\nN\u00e1vrh\u00e1\u0159: Petr Fegan<br \/>\nMateri\u00e1l \u010depele: 440C<br \/>\nBarva: St\u0159\u00edbrn\u00e1<br \/>\n\u010c\u00edslo polo\u017eky:02BO070<\/p>\n<p>&nbsp;<\/p>\n<p>&nbsp;<\/p>\n<p>&nbsp;<\/p>\n","protected":false},"excerpt":{"rendered":"<p><strong>Lehk\u00fd B\u00f6ker Plus Voodoo je vybaven oboustrannou \u010depel\u00ed d\u00fdky 440C a je spolehliv\u00fdm taktick\u00fdm no\u017eem jak v ter\u00e9nu, tak v ka\u017edodenn\u00edm \u017eivot\u011b.<\/strong><\/p>\n","protected":false},"featured_media":368164,"comment_status":"closed","ping_status":"closed","template":"","meta":[],"pwb-brand":[140],"product_brand":[],"product_cat":[23,17],"product_tag":[],"class_list":{"0":"post-361086","1":"product","2":"type-product","3":"status-publish","4":"has-post-thumbnail","6":"pwb-brand-boker","7":"product_cat-pevne-noze","8":"product_cat-noze","10":"first","11":"outofstock","12":"taxable","13":"shipping-taxable","14":"purchasable","15":"product-type-simple"},"brands":[{"id":140,"name":"Boker","slug":"boker"}],"_links":{"self":[{"href":"https:\/\/www.moskito.cz\/pl\/wp-json\/wp\/v2\/product\/361086","targetHints":{"allow":["GET"]}}],"collection":[{"href":"https:\/\/www.moskito.cz\/pl\/wp-json\/wp\/v2\/product"}],"about":[{"href":"https:\/\/www.moskito.cz\/pl\/wp-json\/wp\/v2\/types\/product"}],"replies":[{"embeddable":true,"href":"https:\/\/www.moskito.cz\/pl\/wp-json\/wp\/v2\/comments?post=361086"}],"wp:featuredmedia":[{"embeddable":true,"href":"https:\/\/www.moskito.cz\/pl\/wp-json\/wp\/v2\/media\/368164"}],"wp:attachment":[{"href":"https:\/\/www.moskito.cz\/pl\/wp-json\/wp\/v2\/media?parent=361086"}],"wp:term":[{"taxonomy":"pwb-brand","embeddable":true,"href":"https:\/\/www.moskito.cz\/pl\/wp-json\/wp\/v2\/pwb-brand?post=361086"},{"taxonomy":"product_brand","embeddable":true,"href":"https:\/\/www.moskito.cz\/pl\/wp-json\/wp\/v2\/product_brand?post=361086"},{"taxonomy":"product_cat","embeddable":true,"href":"https:\/\/www.moskito.cz\/pl\/wp-json\/wp\/v2\/product_cat?post=361086"},{"taxonomy":"product_tag","embeddable":true,"href":"https:\/\/www.moskito.cz\/pl\/wp-json\/wp\/v2\/product_tag?post=361086"}],"curies":[{"name":"wp","href":"https:\/\/api.w.org\/{rel}","templated":true}]}}