{"id":361093,"date":"2024-09-26T13:00:44","date_gmt":"2024-09-26T12:00:44","guid":{"rendered":"https:\/\/www.moskito.cz\/produkt\/urd-xl\/"},"modified":"2025-05-07T11:25:16","modified_gmt":"2025-05-07T10:25:16","slug":"urd-xl","status":"publish","type":"product","link":"https:\/\/www.moskito.cz\/pl\/produkt\/urd-xl\/","title":{"rendered":"Pevn\u00fd N\u016f\u017e B\u00f6ker Plus URD XL 02BO092"},"content":{"rendered":"<p>Pevn\u00fd N\u016f\u017e <strong>B\u00f6ker Plus<\/strong> URD XL 02BO092.<\/p>\n<p>Legend\u00e1rn\u00ed Asgard otev\u0159el sv\u00e9 br\u00e1ny speci\u00e1ln\u011b pro B\u00f6kera a poskytl Dirku Hofmeisterovi z Midgard&#8217;s Knife magick\u00e9 vhledy do sv\u011bta boh\u016f, slavn\u00fdch v\u00e1le\u010dn\u00edk\u016f a miluj\u00edc\u00edch ru\u010dn\u00edch prac\u00ed. Zp\u00e1tky na zemi nem\u00e1 design\u00e9r no\u017e\u016f z Bodamsk\u00e9ho jezera s sebou nic men\u0161\u00edho ne\u017e koncentrovanou s\u00edlu Viking ve form\u00e1tu XL. Popul\u00e1rn\u00ed URD dost\u00e1v\u00e1 plnohodnotnou verzi s \u00fa\u017easnou \u010depel\u00ed Wharncliffe vyrobenou z m\u00fdtick\u00e9 oceli D2, kter\u00e1 mohla poch\u00e1zet pouze od legend\u00e1rn\u00edch Seve\u0159an\u016f. Sat\u00e9nov\u00fd povrch, pln\u011bj\u0161\u00ed na obou stran\u00e1ch a seversky vyhl\u00ed\u017eej\u00edc\u00ed otvory zdob\u00ed \u010depel o tlou\u0161\u0165ce 5,6 mm a d\u011blaj\u00ed z fulltang URD XL perfektn\u00ed \u0159ezn\u00fd n\u00e1stroj pro ka\u017edodenn\u00ed pou\u017eit\u00ed. Dr\u00e1\u017eky na h\u0159betu \u010depele p\u0159ech\u00e1zej\u00ed do fr\u00e9zovan\u00fdch \u0161upin rukojeti* z \u010derveno-\u010dern\u00e9 G10 a zaji\u0161\u0165uj\u00ed nekompromisn\u00ed stabilitu a bezpe\u010dn\u00e9 dr\u017een\u00ed. Pevn\u00fd n\u016f\u017e je dod\u00e1v\u00e1n s p\u0159esn\u011b padnouc\u00edm kydexov\u00fdm pouzdrem v\u010detn\u011b kuli\u010dkov\u00e9ho \u0159et\u00edzku &#8211; kdo pot\u0159ebuje rohovou helmu a plnovous? * Dal\u0161\u00ed sko\u0159epiny rukojet\u00ed v \u0161irok\u00e9 \u0161k\u00e1le tvar\u016f a barev si m\u016f\u017eete st\u00e1hnout p\u0159\u00edmo od n\u00e1s jako soubor pro va\u0161i dom\u00e1c\u00ed 3D tisk\u00e1rnu nebo je lze individu\u00e1ln\u011b vyrobit v Midgards Messer.<\/p>\n<p>Zna\u010dka: Boker Plus<br \/>\nCelkov\u00e1 d\u00e9lka: 15,00 cm<br \/>\nD\u00e9lka \u010depele: 7,50 cm<br \/>\nTlou\u0161\u0165ka \u010depele: 5,60 mm<br \/>\nHmotnost: 188,00 g<br \/>\nN\u00e1vrh\u00e1\u0159: Midgard\u016fv n\u016f\u017e<br \/>\nMateri\u00e1l \u010depele: D2<br \/>\nMateri\u00e1l rukojeti: G10<br \/>\nBarva: Hn\u011bd\u00e1<br \/>\n\u010c\u00edslo polo\u017eky: 02BO092<\/p>\n<p>&nbsp;<\/p>\n","protected":false},"excerpt":{"rendered":"<p><strong>Legend\u00e1rn\u00ed Asgard otev\u0159el sv\u00e9 br\u00e1ny speci\u00e1ln\u011b pro B\u00f6kera a poskytl Dirku Hofmeisterovi z Midgard&#8217;s Knife magick\u00e9 vhledy do sv\u011bta boh\u016f, slavn\u00fdch v\u00e1le\u010dn\u00edk\u016f a miluj\u00edc\u00edch ru\u010dn\u00edch prac\u00ed. Zp\u00e1tky na zemi nem\u00e1 design\u00e9r no\u017e\u016f z Bodamsk\u00e9ho jezera s sebou nic men\u0161\u00edho ne\u017e koncentrovanou s\u00edlu Viking ve form\u00e1tu XL.<\/strong><\/p>\n","protected":false},"featured_media":368221,"comment_status":"closed","ping_status":"closed","template":"","meta":[],"pwb-brand":[140],"product_brand":[],"product_cat":[23,17],"product_tag":[],"class_list":{"0":"post-361093","1":"product","2":"type-product","3":"status-publish","4":"has-post-thumbnail","6":"pwb-brand-boker","7":"product_cat-pevne-noze","8":"product_cat-noze","10":"first","11":"outofstock","12":"taxable","13":"shipping-taxable","14":"purchasable","15":"product-type-simple"},"brands":[{"id":140,"name":"Boker","slug":"boker"}],"_links":{"self":[{"href":"https:\/\/www.moskito.cz\/pl\/wp-json\/wp\/v2\/product\/361093","targetHints":{"allow":["GET"]}}],"collection":[{"href":"https:\/\/www.moskito.cz\/pl\/wp-json\/wp\/v2\/product"}],"about":[{"href":"https:\/\/www.moskito.cz\/pl\/wp-json\/wp\/v2\/types\/product"}],"replies":[{"embeddable":true,"href":"https:\/\/www.moskito.cz\/pl\/wp-json\/wp\/v2\/comments?post=361093"}],"wp:featuredmedia":[{"embeddable":true,"href":"https:\/\/www.moskito.cz\/pl\/wp-json\/wp\/v2\/media\/368221"}],"wp:attachment":[{"href":"https:\/\/www.moskito.cz\/pl\/wp-json\/wp\/v2\/media?parent=361093"}],"wp:term":[{"taxonomy":"pwb-brand","embeddable":true,"href":"https:\/\/www.moskito.cz\/pl\/wp-json\/wp\/v2\/pwb-brand?post=361093"},{"taxonomy":"product_brand","embeddable":true,"href":"https:\/\/www.moskito.cz\/pl\/wp-json\/wp\/v2\/product_brand?post=361093"},{"taxonomy":"product_cat","embeddable":true,"href":"https:\/\/www.moskito.cz\/pl\/wp-json\/wp\/v2\/product_cat?post=361093"},{"taxonomy":"product_tag","embeddable":true,"href":"https:\/\/www.moskito.cz\/pl\/wp-json\/wp\/v2\/product_tag?post=361093"}],"curies":[{"name":"wp","href":"https:\/\/api.w.org\/{rel}","templated":true}]}}