{"id":361113,"date":"2024-09-26T13:00:44","date_gmt":"2024-09-26T12:00:44","guid":{"rendered":"https:\/\/www.moskito.cz\/produkt\/maceta-kukri-machete\/"},"modified":"2025-05-07T11:25:17","modified_gmt":"2025-05-07T10:25:17","slug":"maceta-kukri-machete","status":"publish","type":"product","link":"https:\/\/www.moskito.cz\/pl\/produkt\/maceta-kukri-machete\/","title":{"rendered":"Ma\u010deta Kukri Machete"},"content":{"rendered":"<ul>\n<li>cekov\u00e1 d\u00e9lka: 53,0 cm<\/li>\n<li>d\u00e9lka \u010depele:&nbsp;38,5 cm<\/li>\n<li>tlou\u0161\u0165ka \u010depele:&nbsp;2,8&nbsp;mm<\/li>\n<li>hmotnost:&nbsp;529 g<\/li>\n<li>materi\u00e1l \u010depele: 420<\/li>\n<li>materi\u00e1l rukojeti: d\u0159evo<\/li>\n<li>s&nbsp;otvorem na \u0161\u0148\u016frku&nbsp;a nylonov\u00fdm pouzdrem<\/li>\n<\/ul>\n","protected":false},"excerpt":{"rendered":"<p>Ma\u010deta pro bushcrafting v padnouc\u00edm nylonov\u00e9m pouzd\u0159e.<\/p>\n","protected":false},"featured_media":361114,"comment_status":"closed","ping_status":"closed","template":"","meta":[],"pwb-brand":[140],"product_brand":[],"product_cat":[17,23],"product_tag":[],"class_list":{"0":"post-361113","1":"product","2":"type-product","3":"status-publish","4":"has-post-thumbnail","6":"pwb-brand-boker","7":"product_cat-noze","8":"product_cat-pevne-noze","10":"first","11":"outofstock","12":"taxable","13":"shipping-taxable","14":"purchasable","15":"product-type-simple"},"brands":[{"id":140,"name":"Boker","slug":"boker"}],"_links":{"self":[{"href":"https:\/\/www.moskito.cz\/pl\/wp-json\/wp\/v2\/product\/361113","targetHints":{"allow":["GET"]}}],"collection":[{"href":"https:\/\/www.moskito.cz\/pl\/wp-json\/wp\/v2\/product"}],"about":[{"href":"https:\/\/www.moskito.cz\/pl\/wp-json\/wp\/v2\/types\/product"}],"replies":[{"embeddable":true,"href":"https:\/\/www.moskito.cz\/pl\/wp-json\/wp\/v2\/comments?post=361113"}],"wp:featuredmedia":[{"embeddable":true,"href":"https:\/\/www.moskito.cz\/pl\/wp-json\/wp\/v2\/media\/361114"}],"wp:attachment":[{"href":"https:\/\/www.moskito.cz\/pl\/wp-json\/wp\/v2\/media?parent=361113"}],"wp:term":[{"taxonomy":"pwb-brand","embeddable":true,"href":"https:\/\/www.moskito.cz\/pl\/wp-json\/wp\/v2\/pwb-brand?post=361113"},{"taxonomy":"product_brand","embeddable":true,"href":"https:\/\/www.moskito.cz\/pl\/wp-json\/wp\/v2\/product_brand?post=361113"},{"taxonomy":"product_cat","embeddable":true,"href":"https:\/\/www.moskito.cz\/pl\/wp-json\/wp\/v2\/product_cat?post=361113"},{"taxonomy":"product_tag","embeddable":true,"href":"https:\/\/www.moskito.cz\/pl\/wp-json\/wp\/v2\/product_tag?post=361113"}],"curies":[{"name":"wp","href":"https:\/\/api.w.org\/{rel}","templated":true}]}}