{"id":361118,"date":"2024-09-26T13:00:44","date_gmt":"2024-09-26T12:00:44","guid":{"rendered":"https:\/\/www.moskito.cz\/produkt\/kimura-katana-brown\/"},"modified":"2025-05-07T11:25:17","modified_gmt":"2025-05-07T10:25:17","slug":"kimura-katana-brown","status":"publish","type":"product","link":"https:\/\/www.moskito.cz\/pl\/produkt\/kimura-katana-brown\/","title":{"rendered":"Samurajsk\u00fd Me\u010d Magnum Kimura Katana Brown 05SC313"},"content":{"rendered":"<p>Samurajsk\u00fd Me\u010d<strong> Magnum<\/strong> Kimura Katana Brown 05SC313.<\/p>\n<p>\u010cepel z nerezov\u00e9 uhl\u00edkov\u00e9 oceli m\u00e1 tradi\u010dn\u00ed bo-hi (dutina), zat\u00edmco d\u0159ev\u011bn\u00e1 rukoje\u0165 m\u00e1 l\u00e1skypln\u011b zdobenou tsubu (z\u00e1\u0161titu), menuki (ozdobn\u00e9 prvky pod obalem rukojeti) a tmav\u011b hn\u011bdou tsuka-ito (rukoje\u0165). p\u00e1ska). \u010cern\u011b lakovan\u00e1 d\u0159ev\u011bn\u00e1 Saya (pochva na me\u010d) je vybavena typickou \u0161\u0148\u016frkou Sageo pro uchycen\u00ed na opasek. Dekorativn\u00ed nebo sb\u011bratelsk\u00fd me\u010d, nevhodn\u00fd k pou\u017eit\u00ed!<\/p>\n<p>Zna\u010dka: Magnum<br \/>\nCelkov\u00e1 d\u00e9lka: 104,00 cm<br \/>\nD\u00e9lka \u010depele: 73,00 cm<br \/>\nTlou\u0161\u0165ka \u010depele: 7,30 mm<br \/>\nHmotnost: 1350,00 g<br \/>\nMateri\u00e1l \u010depele: Uhl\u00edkov\u00e1 ocel<br \/>\nMateri\u00e1l rukojeti: D\u0159evo<br \/>\nMateri\u00e1l pl\u00e1\u0161t\u011b: D\u0159evo<br \/>\n\u010c\u00edslo polo\u017eky: 05SC313<\/p>\n<p>&nbsp;<\/p>\n<p>&nbsp;<\/p>\n","protected":false},"excerpt":{"rendered":"<p><strong>\u010cepel z nerezov\u00e9 uhl\u00edkov\u00e9 oceli m\u00e1 tradi\u010dn\u00ed bo-hi (dutina), zat\u00edmco d\u0159ev\u011bn\u00e1 rukoje\u0165 m\u00e1 l\u00e1skypln\u011b zdobenou tsubu (z\u00e1\u0161titu), menuki (ozdobn\u00e9 prvky pod obalem rukojeti) a tmav\u011b hn\u011bdou tsuka-ito (rukoje\u0165). p\u00e1ska). \u010cern\u011b lakovan\u00e1 d\u0159ev\u011bn\u00e1 Saya (pochva na me\u010d) je vybavena typickou \u0161\u0148\u016frkou Sageo pro uchycen\u00ed na opasek. Dekorativn\u00ed nebo sb\u011bratelsk\u00fd me\u010d, nevhodn\u00fd k pou\u017eit\u00ed!<\/strong><\/p>\n","protected":false},"featured_media":368540,"comment_status":"closed","ping_status":"closed","template":"","meta":[],"pwb-brand":[140],"product_brand":[],"product_cat":[24,1942],"product_tag":[],"class_list":{"0":"post-361118","1":"product","2":"type-product","3":"status-publish","4":"has-post-thumbnail","6":"pwb-brand-boker","7":"product_cat-katany-a-mece","8":"product_cat-mece-dyky-repliky","10":"first","11":"instock","12":"taxable","13":"shipping-taxable","14":"purchasable","15":"product-type-simple"},"brands":[{"id":140,"name":"Boker","slug":"boker"}],"_links":{"self":[{"href":"https:\/\/www.moskito.cz\/pl\/wp-json\/wp\/v2\/product\/361118","targetHints":{"allow":["GET"]}}],"collection":[{"href":"https:\/\/www.moskito.cz\/pl\/wp-json\/wp\/v2\/product"}],"about":[{"href":"https:\/\/www.moskito.cz\/pl\/wp-json\/wp\/v2\/types\/product"}],"replies":[{"embeddable":true,"href":"https:\/\/www.moskito.cz\/pl\/wp-json\/wp\/v2\/comments?post=361118"}],"wp:featuredmedia":[{"embeddable":true,"href":"https:\/\/www.moskito.cz\/pl\/wp-json\/wp\/v2\/media\/368540"}],"wp:attachment":[{"href":"https:\/\/www.moskito.cz\/pl\/wp-json\/wp\/v2\/media?parent=361118"}],"wp:term":[{"taxonomy":"pwb-brand","embeddable":true,"href":"https:\/\/www.moskito.cz\/pl\/wp-json\/wp\/v2\/pwb-brand?post=361118"},{"taxonomy":"product_brand","embeddable":true,"href":"https:\/\/www.moskito.cz\/pl\/wp-json\/wp\/v2\/product_brand?post=361118"},{"taxonomy":"product_cat","embeddable":true,"href":"https:\/\/www.moskito.cz\/pl\/wp-json\/wp\/v2\/product_cat?post=361118"},{"taxonomy":"product_tag","embeddable":true,"href":"https:\/\/www.moskito.cz\/pl\/wp-json\/wp\/v2\/product_tag?post=361118"}],"curies":[{"name":"wp","href":"https:\/\/api.w.org\/{rel}","templated":true}]}}