{"id":361126,"date":"2024-09-26T13:01:03","date_gmt":"2024-09-26T12:01:03","guid":{"rendered":"https:\/\/www.moskito.cz\/produkt\/kapesni-nuz-boker-kwaiken-compact-button-lock\/"},"modified":"2025-05-07T11:25:18","modified_gmt":"2025-05-07T10:25:18","slug":"kapesni-nuz-boker-kwaiken-compact-button-lock","status":"publish","type":"product","link":"https:\/\/www.moskito.cz\/pl\/produkt\/kapesni-nuz-boker-kwaiken-compact-button-lock\/","title":{"rendered":"Kapesn\u00ed n\u016f\u017e B\u00f6ker Kwaiken Compact Button Lock"},"content":{"rendered":"<ul>\n<li>celkov\u00e1 d\u00e9lka: 18,4 cm<\/li>\n<li>d\u00e9lka \u010depele: 7,7 cm<\/li>\n<li>hmotnost: 67 g<\/li>\n<li>tlou\u0161\u0165ka \u010depele: 3,1 mm<\/li>\n<li>materi\u00e1l \u010depele: MagnaCut<\/li>\n<li>materi\u00e1l rukojeti: hlin\u00edk<\/li>\n<li>design\u00e9r: Lucas Burnley<\/li>\n<li>pojistka: tla\u010d\u00edtko<\/li>\n<li>vyrobeno v Solingenu<\/li>\n<\/ul>\n","protected":false},"excerpt":{"rendered":"<p>Jeden z nej\u00fasp\u011b\u0161n\u011bj\u0161\u00edch n\u00e1vrh\u00e1\u0159\u016f no\u017e\u016f na sv\u011bt\u011b, jeho\u017e modelov\u00e1 \u0159ada je stejn\u011b nad\u010dasov\u00e1 jako p\u0159\u00edstupn\u00e1, a osv\u011bd\u010den\u00e9 \u0159emesln\u00e9 zpracov\u00e1n\u00ed v Solingenu &#8211; Burnley Burns, to je lah\u016fdka \u00e0 la B\u00f6ker. Americk\u00fd no\u017e\u00ed\u0159 Lucas Burnley z Oregonu vytvo\u0159il s no\u017eem B\u00f6ker Plus Kwaiken pravd\u011bpodobn\u011b jeden z nejvlivn\u011bj\u0161\u00edch design\u016f 21. stolet\u00ed. Modern\u00ed kapesn\u00ed n\u016f\u017e se d\u00edky sv\u00e9mu jasn\u00e9mu a praktick\u00e9mu tvaru stal skute\u010dnou ikonou. \u010cist\u00e9 linie a \u0161t\u00edhl\u00fd design, kter\u00fd v\u0161ak v zav\u0159en\u00e9m stavu pojme celou \u010depel, jsou naprosto jedine\u010dn\u00e9. Jedn\u00e1 se o dal\u0161\u00ed v\u00fdvoj zn\u00e1m\u00e9ho no\u017ee Burnley Kwaiken Classic, bushcraftov\u00e9ho no\u017ee rovn\u011b\u017e v novojaponsk\u00e9m stylu. Intuitivn\u00ed ovl\u00e1d\u00e1n\u00ed je u t\u00e9to kompaktn\u00ed verze s knofl\u00edkovou pojistkou obzvl\u00e1\u0161t\u011b d\u016fle\u017eit\u00e9, proto\u017ee kuli\u010dkov\u00e1 \u010depel z pr\u00e1\u0161kov\u00e9ho kovu CPM MagnaCut (62-63HRC) se otev\u00edr\u00e1 flipperem a odemyk\u00e1 se jedin\u00fdm stisknut\u00edm tla\u010d\u00edtka na p\u0159edn\u00ed st\u0159elce rukojeti. Vypnout sv\u016fj hern\u00ed instinkt? To nep\u0159ipad\u00e1 v \u00favahu! U\u0161lechtil\u00fd design podtrhuj\u00ed vysokopevnostn\u00ed hlin\u00edkov\u00e9 st\u0159enky, kter\u00e9 no\u017ei dod\u00e1vaj\u00ed velmi zvl\u00e1\u0161tn\u00ed vzhled. \u0160t\u00edhl\u00fd design a exkluzivn\u00ed materi\u00e1l d\u011blaj\u00ed z no\u017ee Kwaiken elegantn\u00edho k\u0159\u00ed\u017eence mezi gentlemanskou slo\u017ekou a taktick\u00fdm no\u017eem. Je vybaven klipem pro hlubok\u00e9 no\u0161en\u00ed (tip-up\/r), otvorem pro \u0161\u0148\u016frku a kvalitn\u00edm plst\u011bn\u00fdm pouzdrem pro skladov\u00e1n\u00ed. Ru\u010dn\u00ed v\u00fdroba v manufaktu\u0159e no\u017e\u016f B\u00f6ker v Solingenu.<\/p>\n","protected":false},"featured_media":361127,"comment_status":"closed","ping_status":"closed","template":"","meta":[],"pwb-brand":[140],"product_brand":[],"product_cat":[17,22],"product_tag":[],"class_list":{"0":"post-361126","1":"product","2":"type-product","3":"status-publish","4":"has-post-thumbnail","6":"pwb-brand-boker","7":"product_cat-noze","8":"product_cat-zaviraci-noze","10":"first","11":"outofstock","12":"taxable","13":"shipping-taxable","14":"purchasable","15":"product-type-simple"},"brands":[{"id":140,"name":"Boker","slug":"boker"}],"_links":{"self":[{"href":"https:\/\/www.moskito.cz\/pl\/wp-json\/wp\/v2\/product\/361126","targetHints":{"allow":["GET"]}}],"collection":[{"href":"https:\/\/www.moskito.cz\/pl\/wp-json\/wp\/v2\/product"}],"about":[{"href":"https:\/\/www.moskito.cz\/pl\/wp-json\/wp\/v2\/types\/product"}],"replies":[{"embeddable":true,"href":"https:\/\/www.moskito.cz\/pl\/wp-json\/wp\/v2\/comments?post=361126"}],"wp:featuredmedia":[{"embeddable":true,"href":"https:\/\/www.moskito.cz\/pl\/wp-json\/wp\/v2\/media\/361127"}],"wp:attachment":[{"href":"https:\/\/www.moskito.cz\/pl\/wp-json\/wp\/v2\/media?parent=361126"}],"wp:term":[{"taxonomy":"pwb-brand","embeddable":true,"href":"https:\/\/www.moskito.cz\/pl\/wp-json\/wp\/v2\/pwb-brand?post=361126"},{"taxonomy":"product_brand","embeddable":true,"href":"https:\/\/www.moskito.cz\/pl\/wp-json\/wp\/v2\/product_brand?post=361126"},{"taxonomy":"product_cat","embeddable":true,"href":"https:\/\/www.moskito.cz\/pl\/wp-json\/wp\/v2\/product_cat?post=361126"},{"taxonomy":"product_tag","embeddable":true,"href":"https:\/\/www.moskito.cz\/pl\/wp-json\/wp\/v2\/product_tag?post=361126"}],"curies":[{"name":"wp","href":"https:\/\/api.w.org\/{rel}","templated":true}]}}