{"id":361143,"date":"2024-09-26T13:01:03","date_gmt":"2024-09-26T12:01:03","guid":{"rendered":"https:\/\/www.moskito.cz\/produkt\/kapesni-nuz-boker-2024-annual-damast-collectors-knife\/"},"modified":"2025-05-07T11:25:19","modified_gmt":"2025-05-07T10:25:19","slug":"kapesni-nuz-boker-2024-annual-damast-collectors-knife","status":"publish","type":"product","link":"https:\/\/www.moskito.cz\/pl\/produkt\/kapesni-nuz-boker-2024-annual-damast-collectors-knife\/","title":{"rendered":"Kapesn\u00ed n\u016f\u017e B\u00f6ker 2024 Annual Damast Collector&#8217;s Knife"},"content":{"rendered":"<ul>\n<li>celkov\u00e1 d\u00e9lka: 15,9 cm<\/li>\n<li>d\u00e9lka \u010depele: 6,5 cm<\/li>\n<li>hmotnost: 64 g<\/li>\n<li>tlou\u0161\u0165ka \u010depele: 2,5 mm<\/li>\n<li>materi\u00e1l \u010depele: dama\u0161ek<\/li>\n<li>materi\u00e1l rukojeti: titan<\/li>\n<li>pojistka: framelock<\/li>\n<li>s klipem<\/li>\n<li>vyrobeno v Solingenu<\/li>\n<\/ul>\n","protected":false},"excerpt":{"rendered":"<p>Inovativn\u00ed koncepty, nejvy\u0161\u0161\u00ed kvalita v\u00fdroby a vylad\u011bn\u00fd v\u00fdb\u011br materi\u00e1l\u016f &#8211; pro n\u011bkoho dal\u0161\u00ed m\u011b\u0159\u00edtko, pro n\u00e1s samoz\u0159ejmost. Na\u0161e m\u011brn\u00e1 jednotka od roku 1869: nefiltrovan\u00e1 v\u00e1\u0161e\u0148 pro fascinuj\u00edc\u00ed no\u017ee! P\u0159esn\u011b to je p\u0159\u00edpad v\u00fdro\u010dn\u00edho no\u017ee B<span class=\"fn\">\u00f6<\/span>ker Damascus 2024. Tento \u0161t\u00edhl\u00fd sb\u011bratelsk\u00fd n\u016f\u017e, inspirovan\u00fd no\u017eem B\u00f6ker BRLW, p\u0159eb\u00edr\u00e1 design klasick\u00e9ho no\u017ee Barlow a akcentuje ho modern\u00edm zp\u016fsobem. Stylisticky ur\u010duj\u00edc\u00edm prvkem je opticky odsazen\u00e1 a precizn\u011b fr\u00e9zovan\u00e1 titanov\u00e1 rukoje\u0165, kter\u00e1 v p\u0159edn\u00ed \u010d\u00e1sti podle star\u00e9 tradice cituje charakteristick\u00fd, mimo\u0159\u00e1dn\u011b dlouh\u00fd bolster a v zadn\u00ed \u010d\u00e1sti rukojeti jej vkusn\u011b r\u00e1muje divok\u00fdmi st\u0159enkami rukojeti z tlust\u00e9ho karbonu ve vzoru Dark Matter Orange. Diskr\u00e9tn\u011b integrovan\u00e1 pojistka framelock uzamyk\u00e1 \u010depel s kuli\u010dkov\u00fdm lo\u017eiskem clip point ze 100vrstv\u00e9ho dama\u0161ku, kterou Chad Nichols ru\u010dn\u011b vykoval v \u00fachvatn\u00e9m vzoru Black Boomerang. K elegantn\u00edmu vzhledu p\u0159isp\u00edv\u00e1 diskr\u00e9tn\u00ed flipper a ploch\u00fd fr\u00e9zovan\u00fd titanov\u00fd klip (tip-up\/r), zat\u00edmco strom B\u00f6ker dekorativn\u011b zdob\u00ed \u0161roub osy \u010depele na p\u0159edn\u00ed stran\u011b. Otvor na \u0161\u0148\u016frku na rukojeti poskytuje dal\u0161\u00ed mo\u017enosti no\u0161en\u00ed. V\u00fdro\u010dn\u00ed n\u016f\u017e, jeho\u017e po\u010det je celosv\u011btov\u011b p\u0159\u00edsn\u011b omezen na 999 kus\u016f, je dod\u00e1v\u00e1n s kvalitn\u00edm r\u00e1mov\u00fdm pouzdrem a certifik\u00e1tem pravosti. Ru\u010dn\u00ed v\u00fdroba v manufaktu\u0159e B\u00f6ker v Solingenu.<\/p>\n","protected":false},"featured_media":361144,"comment_status":"closed","ping_status":"closed","template":"","meta":[],"pwb-brand":[140],"product_brand":[],"product_cat":[17,22],"product_tag":[],"class_list":{"0":"post-361143","1":"product","2":"type-product","3":"status-publish","4":"has-post-thumbnail","6":"pwb-brand-boker","7":"product_cat-noze","8":"product_cat-zaviraci-noze","10":"first","11":"outofstock","12":"taxable","13":"shipping-taxable","14":"purchasable","15":"product-type-simple"},"brands":[{"id":140,"name":"Boker","slug":"boker"}],"_links":{"self":[{"href":"https:\/\/www.moskito.cz\/pl\/wp-json\/wp\/v2\/product\/361143","targetHints":{"allow":["GET"]}}],"collection":[{"href":"https:\/\/www.moskito.cz\/pl\/wp-json\/wp\/v2\/product"}],"about":[{"href":"https:\/\/www.moskito.cz\/pl\/wp-json\/wp\/v2\/types\/product"}],"replies":[{"embeddable":true,"href":"https:\/\/www.moskito.cz\/pl\/wp-json\/wp\/v2\/comments?post=361143"}],"wp:featuredmedia":[{"embeddable":true,"href":"https:\/\/www.moskito.cz\/pl\/wp-json\/wp\/v2\/media\/361144"}],"wp:attachment":[{"href":"https:\/\/www.moskito.cz\/pl\/wp-json\/wp\/v2\/media?parent=361143"}],"wp:term":[{"taxonomy":"pwb-brand","embeddable":true,"href":"https:\/\/www.moskito.cz\/pl\/wp-json\/wp\/v2\/pwb-brand?post=361143"},{"taxonomy":"product_brand","embeddable":true,"href":"https:\/\/www.moskito.cz\/pl\/wp-json\/wp\/v2\/product_brand?post=361143"},{"taxonomy":"product_cat","embeddable":true,"href":"https:\/\/www.moskito.cz\/pl\/wp-json\/wp\/v2\/product_cat?post=361143"},{"taxonomy":"product_tag","embeddable":true,"href":"https:\/\/www.moskito.cz\/pl\/wp-json\/wp\/v2\/product_tag?post=361143"}],"curies":[{"name":"wp","href":"https:\/\/api.w.org\/{rel}","templated":true}]}}