{"id":361165,"date":"2024-09-26T13:01:03","date_gmt":"2024-09-26T12:01:03","guid":{"rendered":"https:\/\/www.moskito.cz\/produkt\/boker-plus-anti-grav\/"},"modified":"2025-11-03T01:15:39","modified_gmt":"2025-11-03T00:15:39","slug":"boker-plus-anti-grav","status":"publish","type":"product","link":"https:\/\/www.moskito.cz\/pl\/produkt\/boker-plus-anti-grav\/","title":{"rendered":"Zav\u00edrac\u00ed N\u016f\u017e B\u00f6ker Plus Anti-Grav 01BO036"},"content":{"rendered":"<p>Zav\u00edrac\u00ed N\u016f\u017e <strong>B\u00f6ker Plus<\/strong> Anti-Grav 01BO036.<\/p>\n<p>Jedine\u010dn\u00e1 kombinace nejmodern\u011bj\u0161\u00edch materi\u00e1l\u016f d\u00e1v\u00e1 B\u00f6ker Plus Anti-Grav naprosto v\u00fdjime\u010dn\u00e9 postaven\u00ed na trhu. \u010cepel je vyrobena z vysoce pevn\u00e9 technick\u00e9 keramiky, jej\u00ed\u017e tvrdost p\u0159ed\u010d\u00ed pouze diamant. To zaru\u010duje vynikaj\u00edc\u00ed retenci hran, absolutn\u00ed ochranu proti korozi a 100% magnetickou neutralitu. \u0160pi\u010dkov\u00fd materi\u00e1l karbonov\u00e9 vl\u00e1kno jako materi\u00e1l rukojeti zaji\u0161\u0165uje nejen neuv\u011b\u0159iteln\u011b n\u00edzkou hmotnost, ale tak\u00e9 vynikaj\u00edc\u00ed stabilitu a eleganci. Le\u0161t\u011bn\u00e1 sko\u0159epina rukojeti zd\u016fraz\u0148uje typickou strukturu. Spona a o\u010dko na \u0161\u0148\u016frku zaji\u0161\u0165uj\u00ed pohodlnou a bezpe\u010dnou manipulaci.<\/p>\n<p>Zna\u010dka: Boker Plus<br \/>\nCelkov\u00e1 d\u00e9lka: 19,10 cm<br \/>\nD\u00e9lka \u010depele: 8,40 cm<br \/>\nTlou\u0161\u0165ka \u010depele: 2,20 mm<br \/>\nHmotnost: 60,00 g<br \/>\nMateri\u00e1l \u010depele: Keramika<br \/>\nMateri\u00e1l rukojeti: Uhl\u00edkov\u00e9 vl\u00e1kno<br \/>\nPom\u016fcka pro otev\u00edr\u00e1n\u00ed: P\u0159ip\u00edn\u00e1\u010dek<br \/>\nOtev\u00edrac\u00ed: Ru\u010dn\u011b<br \/>\nUzav\u0159en\u00ed: Z\u00e1mek vlo\u017eky<br \/>\n\u010c\u00edslo polo\u017eky: 01BO036<\/p>\n<p>&nbsp;<\/p>\n","protected":false},"excerpt":{"rendered":"<p><strong>Jedine\u010dn\u00e1 kombinace nejmodern\u011bj\u0161\u00edch materi\u00e1l\u016f d\u00e1v\u00e1 B\u00f6ker Plus Anti-Grav naprosto v\u00fdjime\u010dn\u00e9 postaven\u00ed na trhu.<\/strong><\/p>\n<p><strong>Doprava zdarma.<\/strong><\/p>\n","protected":false},"featured_media":371424,"comment_status":"closed","ping_status":"closed","template":"","meta":[],"pwb-brand":[140],"product_brand":[],"product_cat":[17,22],"product_tag":[],"class_list":{"0":"post-361165","1":"product","2":"type-product","3":"status-publish","4":"has-post-thumbnail","6":"pwb-brand-boker","7":"product_cat-noze","8":"product_cat-zaviraci-noze","10":"first","11":"outofstock","12":"taxable","13":"shipping-taxable","14":"purchasable","15":"product-type-simple"},"brands":[{"id":140,"name":"Boker","slug":"boker"}],"_links":{"self":[{"href":"https:\/\/www.moskito.cz\/pl\/wp-json\/wp\/v2\/product\/361165","targetHints":{"allow":["GET"]}}],"collection":[{"href":"https:\/\/www.moskito.cz\/pl\/wp-json\/wp\/v2\/product"}],"about":[{"href":"https:\/\/www.moskito.cz\/pl\/wp-json\/wp\/v2\/types\/product"}],"replies":[{"embeddable":true,"href":"https:\/\/www.moskito.cz\/pl\/wp-json\/wp\/v2\/comments?post=361165"}],"wp:featuredmedia":[{"embeddable":true,"href":"https:\/\/www.moskito.cz\/pl\/wp-json\/wp\/v2\/media\/371424"}],"wp:attachment":[{"href":"https:\/\/www.moskito.cz\/pl\/wp-json\/wp\/v2\/media?parent=361165"}],"wp:term":[{"taxonomy":"pwb-brand","embeddable":true,"href":"https:\/\/www.moskito.cz\/pl\/wp-json\/wp\/v2\/pwb-brand?post=361165"},{"taxonomy":"product_brand","embeddable":true,"href":"https:\/\/www.moskito.cz\/pl\/wp-json\/wp\/v2\/product_brand?post=361165"},{"taxonomy":"product_cat","embeddable":true,"href":"https:\/\/www.moskito.cz\/pl\/wp-json\/wp\/v2\/product_cat?post=361165"},{"taxonomy":"product_tag","embeddable":true,"href":"https:\/\/www.moskito.cz\/pl\/wp-json\/wp\/v2\/product_tag?post=361165"}],"curies":[{"name":"wp","href":"https:\/\/api.w.org\/{rel}","templated":true}]}}