{"id":361175,"date":"2024-09-26T13:01:03","date_gmt":"2024-09-26T12:01:03","guid":{"rendered":"https:\/\/www.moskito.cz\/produkt\/kapesni-nuz-lockback-bubinga\/"},"modified":"2025-05-07T11:25:20","modified_gmt":"2025-05-07T10:25:20","slug":"kapesni-nuz-lockback-bubinga","status":"publish","type":"product","link":"https:\/\/www.moskito.cz\/pl\/produkt\/kapesni-nuz-lockback-bubinga\/","title":{"rendered":"Kapesn\u00ed n\u016f\u017e Lockback Bubinga"},"content":{"rendered":"<p><TABLE class=\"datatable bokerparamtable\" style=\"WIDTH: 50%; LETTER-SPACING: 0.03em\" cellSpacing=0 cellPadding=0 border=0><\/p>\n<p><TBODY><\/p>\n<p><TR><\/p>\n<p><TD style=\"WIDTH: 50%\">Celkov\u00e1 d\u00e9lka:<\/TD><\/p>\n<p><TD style=\"WIDTH: 25%\">21,1 cm<\/TD><br \/>\n<\/TR><\/p>\n<p><TR><\/p>\n<p><TD style=\"WIDTH: 50%\">D\u00e9lka \u010depele:<\/TD><\/p>\n<p><TD style=\"WIDTH: 25%\">9,2 cm<\/TD><br \/>\n<\/TR><\/p>\n<p><TR><\/p>\n<p><TD style=\"WIDTH: 50%\">Tlou\u0161\u0165ka \u010depele:<\/TD><\/p>\n<p><TD style=\"WIDTH: 25%\">3 mm<\/TD><br \/>\n<\/TR><\/p>\n<p><TR><\/p>\n<p><TD style=\"WIDTH: 50%\">Hmotnost:<\/TD><\/p>\n<p><TD style=\"WIDTH: 25%\">217 g<\/TD><br \/>\n<\/TR><\/p>\n<p><TR><\/p>\n<p><TD style=\"WIDTH: 50%\">Materi\u00e1l \u010depele:<\/TD><\/p>\n<p><TD style=\"WIDTH: 25%\">nerezov\u00e1 ocel 440-C<\/TD><br \/>\n<\/TR><\/p>\n<p><TR><\/p>\n<p><TD style=\"WIDTH: 50%\">Materi\u00e1l rukojeti:<\/TD><\/p>\n<p><TD style=\"WIDTH: 25%\">Bubinga D\u0159evo<\/TD><br \/>\n<\/TR><br \/>\n<\/TBODY><br \/>\n<\/TABLE><\/p>\n<p><P>&nbsp;<\/P><\/p>\n","protected":false},"excerpt":{"rendered":"<p><P>B\u00f6ker Plus p\u0159in\u00e1\u0161\u00ed vynikaj\u00edc\u00ed, inovativn\u00ed koncepty no\u017e\u016f pro ka\u017edou misi. No\u017ee jsou navr\u017eeny podle n\u011bmeck\u00e9ho in\u017een\u00fdrstv\u00ed ve spolupr\u00e1ci se sv\u011btozn\u00e1m\u00fdmi odborn\u00edky jako nap\u0159. Chad Los Banos, Jim Burke, Jim Wanger, Tod Begg, Jesper Voxnaes.<\/P><\/p>\n","protected":false},"featured_media":361176,"comment_status":"closed","ping_status":"closed","template":"","meta":[],"pwb-brand":[140],"product_brand":[],"product_cat":[17,22],"product_tag":[],"class_list":{"0":"post-361175","1":"product","2":"type-product","3":"status-publish","4":"has-post-thumbnail","6":"pwb-brand-boker","7":"product_cat-noze","8":"product_cat-zaviraci-noze","10":"first","11":"outofstock","12":"taxable","13":"shipping-taxable","14":"purchasable","15":"product-type-simple"},"brands":[{"id":140,"name":"Boker","slug":"boker"}],"_links":{"self":[{"href":"https:\/\/www.moskito.cz\/pl\/wp-json\/wp\/v2\/product\/361175","targetHints":{"allow":["GET"]}}],"collection":[{"href":"https:\/\/www.moskito.cz\/pl\/wp-json\/wp\/v2\/product"}],"about":[{"href":"https:\/\/www.moskito.cz\/pl\/wp-json\/wp\/v2\/types\/product"}],"replies":[{"embeddable":true,"href":"https:\/\/www.moskito.cz\/pl\/wp-json\/wp\/v2\/comments?post=361175"}],"wp:featuredmedia":[{"embeddable":true,"href":"https:\/\/www.moskito.cz\/pl\/wp-json\/wp\/v2\/media\/361176"}],"wp:attachment":[{"href":"https:\/\/www.moskito.cz\/pl\/wp-json\/wp\/v2\/media?parent=361175"}],"wp:term":[{"taxonomy":"pwb-brand","embeddable":true,"href":"https:\/\/www.moskito.cz\/pl\/wp-json\/wp\/v2\/pwb-brand?post=361175"},{"taxonomy":"product_brand","embeddable":true,"href":"https:\/\/www.moskito.cz\/pl\/wp-json\/wp\/v2\/product_brand?post=361175"},{"taxonomy":"product_cat","embeddable":true,"href":"https:\/\/www.moskito.cz\/pl\/wp-json\/wp\/v2\/product_cat?post=361175"},{"taxonomy":"product_tag","embeddable":true,"href":"https:\/\/www.moskito.cz\/pl\/wp-json\/wp\/v2\/product_tag?post=361175"}],"curies":[{"name":"wp","href":"https:\/\/api.w.org\/{rel}","templated":true}]}}