{"id":361216,"date":"2024-09-26T13:01:18","date_gmt":"2024-09-26T12:01:18","guid":{"rendered":"https:\/\/www.moskito.cz\/produkt\/boker-plus-dw-1\/"},"modified":"2025-05-07T11:25:22","modified_gmt":"2025-05-07T10:25:22","slug":"boker-plus-dw-1","status":"publish","type":"product","link":"https:\/\/www.moskito.cz\/pl\/produkt\/boker-plus-dw-1\/","title":{"rendered":"Zav\u00edrac\u00ed N\u016f\u017e B\u00f6ker Plus DW-1 01BO573"},"content":{"rendered":"<p>Zav\u00edrac\u00ed N\u016f\u017e <strong>B\u00f6ker Plus<\/strong> DW-1 01BO573.<\/p>\n<p>B\u00f6ker Plus DW-1 je zat\u00edm nejmen\u0161\u00ed kapesn\u00ed n\u016f\u017e Chad Los Banos , p\u0159esto m\u00e1 propracovanou ergonomii a vysokou u\u017eitnou hodnotu. I tohoto trpasl\u00edka s celkovou d\u00e9lkou pouh\u00fdch 7 centimetr\u016f lze bezpe\u010dn\u011b a pevn\u011b uchopit, aby bylo mo\u017en\u00e9 p\u0159est\u0159ihnout nepoddajnou lepic\u00ed p\u00e1sku, krabice nebo cokoli jin\u00e9ho, \u200b\u200bco se m\u016f\u017ee objevit. M\u00e1 ocelov\u00fd r\u00e1mov\u00fd z\u00e1mek s p\u0159edn\u00ed sko\u0159epinou Zytel a odn\u00edmatelnou sponou (sklopnou). S vysoce kvalitn\u00edm nylonov\u00fdm pouzdrem pro skladov\u00e1n\u00ed.<\/p>\n<p>Zna\u010dka: Boker Plus<br \/>\nCelkov\u00e1 d\u00e9lka: 7,10 cm<br \/>\nD\u00e9lka \u010depele: 2,70 cm<br \/>\nTlou\u0161\u0165ka \u010depele: 1,90 mm<br \/>\nHmotnost: 35,00 g<br \/>\nN\u00e1vrh\u00e1\u0159: \u010cad Los Banos<br \/>\nMateri\u00e1l \u010depele: AUS-8<br \/>\nMateri\u00e1l rukojeti: Nerezov\u00e1 ocel , Zytel<br \/>\nPom\u016fcka pro otev\u00edr\u00e1n\u00ed: P\u0159ip\u00edn\u00e1\u010dek na palec<br \/>\nOtev\u00edrac\u00ed: Ru\u010dn\u011b<br \/>\nUzav\u0159en\u00ed: Z\u00e1mek r\u00e1mu<br \/>\n\u010c\u00edslo polo\u017eky: 01BO573<\/p>\n","protected":false},"excerpt":{"rendered":"<p><strong>B\u00f6ker Plus DW-1 je zat\u00edm nejmen\u0161\u00ed kapesn\u00ed n\u016f\u017e Chad Los Banos , p\u0159esto m\u00e1 propracovanou ergonomii a vysokou u\u017eitnou hodnotu.<\/strong><\/p>\n","protected":false},"featured_media":367457,"comment_status":"closed","ping_status":"closed","template":"","meta":[],"pwb-brand":[140],"product_brand":[],"product_cat":[17,22],"product_tag":[],"class_list":{"0":"post-361216","1":"product","2":"type-product","3":"status-publish","4":"has-post-thumbnail","6":"pwb-brand-boker","7":"product_cat-noze","8":"product_cat-zaviraci-noze","10":"first","11":"instock","12":"taxable","13":"shipping-taxable","14":"purchasable","15":"product-type-simple"},"brands":[{"id":140,"name":"Boker","slug":"boker"}],"_links":{"self":[{"href":"https:\/\/www.moskito.cz\/pl\/wp-json\/wp\/v2\/product\/361216","targetHints":{"allow":["GET"]}}],"collection":[{"href":"https:\/\/www.moskito.cz\/pl\/wp-json\/wp\/v2\/product"}],"about":[{"href":"https:\/\/www.moskito.cz\/pl\/wp-json\/wp\/v2\/types\/product"}],"replies":[{"embeddable":true,"href":"https:\/\/www.moskito.cz\/pl\/wp-json\/wp\/v2\/comments?post=361216"}],"wp:featuredmedia":[{"embeddable":true,"href":"https:\/\/www.moskito.cz\/pl\/wp-json\/wp\/v2\/media\/367457"}],"wp:attachment":[{"href":"https:\/\/www.moskito.cz\/pl\/wp-json\/wp\/v2\/media?parent=361216"}],"wp:term":[{"taxonomy":"pwb-brand","embeddable":true,"href":"https:\/\/www.moskito.cz\/pl\/wp-json\/wp\/v2\/pwb-brand?post=361216"},{"taxonomy":"product_brand","embeddable":true,"href":"https:\/\/www.moskito.cz\/pl\/wp-json\/wp\/v2\/product_brand?post=361216"},{"taxonomy":"product_cat","embeddable":true,"href":"https:\/\/www.moskito.cz\/pl\/wp-json\/wp\/v2\/product_cat?post=361216"},{"taxonomy":"product_tag","embeddable":true,"href":"https:\/\/www.moskito.cz\/pl\/wp-json\/wp\/v2\/product_tag?post=361216"}],"curies":[{"name":"wp","href":"https:\/\/api.w.org\/{rel}","templated":true}]}}