{"id":361220,"date":"2024-09-26T13:01:18","date_gmt":"2024-09-26T12:01:18","guid":{"rendered":"https:\/\/www.moskito.cz\/produkt\/boker-plus-wasabi-g10\/"},"modified":"2025-05-07T11:25:23","modified_gmt":"2025-05-07T10:25:23","slug":"boker-plus-wasabi-g10","status":"publish","type":"product","link":"https:\/\/www.moskito.cz\/pl\/produkt\/boker-plus-wasabi-g10\/","title":{"rendered":"Zav\u00edrac\u00ed N\u016f\u017e  B\u00f6ker Plus Wasabi G10 01BO630"},"content":{"rendered":"<p>Zav\u00edrac\u00ed N\u016f\u017e <strong>B\u00f6ker Plus<\/strong> Wasabi G10 01BO630.<\/p>\n<p>Japonsk\u00fd no\u017e\u00ed\u0159 Kansei Matsuno je mistrem sv\u00e9ho \u0159emesla a jeho n\u00e1vrhy maj\u00ed bezpochyby sv\u016fj vlastn\u00ed styl. \u0160ikovn\u00e9 spojen\u00ed prvk\u016f japonsk\u00e9ho stylu s vlastnostmi modern\u00edho gentlemansk\u00e9ho kapesn\u00edho no\u017ee n\u00e1s zaujalo hned.<\/p>\n<p>\u0160t\u00edhl\u00fd design a lehk\u00e1 konstrukce B\u00f6ker Plus Wasabi spolu s rovn\u00fdm designem a klasickou japonskou \u010depel\u00ed vytv\u00e1\u0159\u00ed elegantn\u00ed n\u016f\u017e pro ka\u017edodenn\u00ed pou\u017eit\u00ed. Lopatka s kuli\u010dkov\u00fdm lo\u017eiskem se otev\u00edr\u00e1 p\u0159edn\u00edm ploutvem a je dr\u017eena otev\u0159en\u00e1 jako kluzn\u00fd kloub vlastn\u00ed areta\u010dn\u00ed kuli\u010dkou. Na \u010depel je pou\u017eit osv\u011bd\u010den\u00fd 440C. Rukoje\u0165 s nerezov\u00fdmi desti\u010dkami a stupnic\u00ed z \u010dern\u00e9 G10. S fr\u00e9zovanou sponou a kvalitn\u00edm nylonov\u00fdm pouzdrem pro ulo\u017een\u00ed.<\/p>\n<p>Zna\u010dka: Boker Plus<br \/>\nCelkov\u00e1 d\u00e9lka: 17,60 cm<br \/>\nD\u00e9lka \u010depele:7,20 cm<br \/>\nTlou\u0161\u0165ka \u010depele: 2,10 mm<br \/>\nHmotnost: 51,00 g<br \/>\nN\u00e1vrh\u00e1\u0159: Kansei Matsuno<br \/>\nMateri\u00e1l \u010depele: 440C<br \/>\nMateri\u00e1l rukojeti: G10<br \/>\nPom\u016fcka pro otev\u00edr\u00e1n\u00ed: Pinball<br \/>\nOtev\u00edrac\u00ed: Ru\u010dn\u011b<br \/>\nUzav\u0159en\u00ed: Kluzn\u00fd kloub<br \/>\n\u010c\u00edslo polo\u017eky: 01BO630<\/p>\n<p>&nbsp;<\/p>\n","protected":false},"excerpt":{"rendered":"<p><strong>Japonsk\u00fd no\u017e\u00ed\u0159 Kansei Matsuno je mistrem sv\u00e9ho \u0159emesla a jeho n\u00e1vrhy maj\u00ed bezpochyby sv\u016fj vlastn\u00ed styl. \u0160ikovn\u00e9 spojen\u00ed prvk\u016f japonsk\u00e9ho stylu s vlastnostmi modern\u00edho gentlemansk\u00e9ho kapesn\u00edho no\u017ee n\u00e1s zaujalo hned.<\/strong><\/p>\n","protected":false},"featured_media":365653,"comment_status":"closed","ping_status":"closed","template":"","meta":[],"pwb-brand":[140],"product_brand":[],"product_cat":[17,22],"product_tag":[],"class_list":{"0":"post-361220","1":"product","2":"type-product","3":"status-publish","4":"has-post-thumbnail","6":"pwb-brand-boker","7":"product_cat-noze","8":"product_cat-zaviraci-noze","10":"first","11":"instock","12":"taxable","13":"shipping-taxable","14":"purchasable","15":"product-type-simple"},"brands":[{"id":140,"name":"Boker","slug":"boker"}],"_links":{"self":[{"href":"https:\/\/www.moskito.cz\/pl\/wp-json\/wp\/v2\/product\/361220","targetHints":{"allow":["GET"]}}],"collection":[{"href":"https:\/\/www.moskito.cz\/pl\/wp-json\/wp\/v2\/product"}],"about":[{"href":"https:\/\/www.moskito.cz\/pl\/wp-json\/wp\/v2\/types\/product"}],"replies":[{"embeddable":true,"href":"https:\/\/www.moskito.cz\/pl\/wp-json\/wp\/v2\/comments?post=361220"}],"wp:featuredmedia":[{"embeddable":true,"href":"https:\/\/www.moskito.cz\/pl\/wp-json\/wp\/v2\/media\/365653"}],"wp:attachment":[{"href":"https:\/\/www.moskito.cz\/pl\/wp-json\/wp\/v2\/media?parent=361220"}],"wp:term":[{"taxonomy":"pwb-brand","embeddable":true,"href":"https:\/\/www.moskito.cz\/pl\/wp-json\/wp\/v2\/pwb-brand?post=361220"},{"taxonomy":"product_brand","embeddable":true,"href":"https:\/\/www.moskito.cz\/pl\/wp-json\/wp\/v2\/product_brand?post=361220"},{"taxonomy":"product_cat","embeddable":true,"href":"https:\/\/www.moskito.cz\/pl\/wp-json\/wp\/v2\/product_cat?post=361220"},{"taxonomy":"product_tag","embeddable":true,"href":"https:\/\/www.moskito.cz\/pl\/wp-json\/wp\/v2\/product_tag?post=361220"}],"curies":[{"name":"wp","href":"https:\/\/api.w.org\/{rel}","templated":true}]}}