{"id":361233,"date":"2024-09-26T13:01:18","date_gmt":"2024-09-26T12:01:18","guid":{"rendered":"https:\/\/www.moskito.cz\/produkt\/boker-plus-urban-trapper\/"},"modified":"2025-05-07T11:25:24","modified_gmt":"2025-05-07T10:25:24","slug":"boker-plus-urban-trapper","status":"publish","type":"product","link":"https:\/\/www.moskito.cz\/pl\/produkt\/boker-plus-urban-trapper\/","title":{"rendered":"Zav\u00edrac\u00ed N\u016f\u017e B\u00f6ker Plus Urban Trapper 01BO730"},"content":{"rendered":"<p>Zav\u00edrac\u00ed N\u016f\u017e <strong>B\u00f6ker Plus<\/strong> Urban Trapper 01BO730.<\/p>\n<p>Tento n\u016f\u017e, navr\u017een\u00fd Bradem Zinkerem z Floridy, p\u0159edstavuje dokonalou kombinaci minimalismu, elegance a funk\u010dnosti. Urban Trapper je jedn\u00edm z nejplo\u0161\u0161\u00edch titanov\u00fdch r\u00e1mov\u00fdch z\u00e1mk\u016f na trhu, s tlou\u0161\u0165kou rukojeti pouh\u00fdch 8 mm (bez klipu). Jeho odleh\u010den\u00fd design, podpo\u0159en\u00fd velk\u00fdmi otvory a titanovou konstrukc\u00ed, \u010din\u00ed n\u016f\u017e neuv\u011b\u0159iteln\u011b lehk\u00fdm, v\u00e1\u017e\u00edc\u00edm pouh\u00fdch 48 g. D\u00edky tomu je ide\u00e1ln\u00ed pro ka\u017edodenn\u00ed no\u0161en\u00ed, i v oblekov\u00fdch nebo lehk\u00fdch letn\u00edch kalhot\u00e1ch.<br \/>\nKl\u00ed\u010dov\u00e9 vlastnosti:<\/p>\n<p>Materi\u00e1l \u010depele: Vysoce kvalitn\u00ed japonsk\u00e1 ocel VG-10 zaji\u0161\u0165uje vynikaj\u00edc\u00ed odolnost proti korozi a snadn\u00e9 ost\u0159en\u00ed.<br \/>\nKonstrukce rukojeti: Titanov\u00fd r\u00e1m pro pevnost, lehkost a elegantn\u00ed vzhled.<br \/>\nMechanismus otev\u00edr\u00e1n\u00ed: \u010cepel s kuli\u010dkov\u00fdm lo\u017eiskem umo\u017e\u0148uje plynul\u00e9 otev\u00edr\u00e1n\u00ed pomoc\u00ed kompaktn\u00edho flipperu.<br \/>\nDesign \u010depele: Inspirov\u00e1n klasick\u00fdm trapersk\u00fdm kapesn\u00edm no\u017eem, obl\u00edben\u00fdm v USA, s modern\u00edmi \u00fapravami pro vysokou prakti\u010dnost.<br \/>\nP\u0159\u00edslu\u0161enstv\u00ed: Dod\u00e1v\u00e1 se s kvalitn\u00edm nylonov\u00fdm pouzdrem.<\/p>\n<p>Technick\u00e9 specifikace:<\/p>\n<p>Celkov\u00e1 d\u00e9lka: 19,50 cm<br \/>\nD\u00e9lka \u010depele: 8,70 cm<br \/>\nTlou\u0161\u0165ka \u010depele: 2,50 mm<br \/>\nHmotnost: 48 g<br \/>\nUzav\u00edr\u00e1n\u00ed: R\u00e1mov\u00fd z\u00e1mek<br \/>\nOtev\u00edr\u00e1n\u00ed: Ru\u010dn\u00ed pomoc\u00ed pinball mechanismu<\/p>\n<p>K \u010demu se hod\u00ed:<br \/>\nUrban Trapper je ide\u00e1ln\u00ed pro ka\u017edodenn\u00ed no\u0161en\u00ed (EDC) d\u00edky sv\u00e9 lehkosti a kompaktn\u00edmu designu. Je tak\u00e9 skv\u011blou volbou pro form\u00e1ln\u00ed p\u0159\u00edle\u017eitosti, kde je pot\u0159eba diskr\u00e9tn\u00ed, ale spolehliv\u00fd n\u016f\u017e.<\/p>\n<p>Tento model (\u010d\u00edslo polo\u017eky 01BO730) je d\u016fkazem toho, \u017ee i minimalistick\u00fd n\u016f\u017e m\u016f\u017ee nab\u00eddnout vynikaj\u00edc\u00ed kvalitu a prakti\u010dnost.<\/p>\n<p>&nbsp;<\/p>\n","protected":false},"excerpt":{"rendered":"<p><strong>Urban Trapper je ide\u00e1ln\u00ed pro ka\u017edodenn\u00ed no\u0161en\u00ed (EDC) d\u00edky sv\u00e9 lehkosti a kompaktn\u00edmu designu. Je tak\u00e9 skv\u011blou volbou pro form\u00e1ln\u00ed p\u0159\u00edle\u017eitosti, kde je pot\u0159eba diskr\u00e9tn\u00ed, ale spolehliv\u00fd n\u016f\u017e.<\/strong><\/p>\n<p><strong>Doprava zdarma.<\/strong><\/p>\n","protected":false},"featured_media":366916,"comment_status":"closed","ping_status":"closed","template":"","meta":[],"pwb-brand":[140],"product_brand":[],"product_cat":[17,22],"product_tag":[],"class_list":{"0":"post-361233","1":"product","2":"type-product","3":"status-publish","4":"has-post-thumbnail","6":"pwb-brand-boker","7":"product_cat-noze","8":"product_cat-zaviraci-noze","10":"first","11":"instock","12":"taxable","13":"shipping-taxable","14":"purchasable","15":"product-type-simple"},"brands":[{"id":140,"name":"Boker","slug":"boker"}],"_links":{"self":[{"href":"https:\/\/www.moskito.cz\/pl\/wp-json\/wp\/v2\/product\/361233","targetHints":{"allow":["GET"]}}],"collection":[{"href":"https:\/\/www.moskito.cz\/pl\/wp-json\/wp\/v2\/product"}],"about":[{"href":"https:\/\/www.moskito.cz\/pl\/wp-json\/wp\/v2\/types\/product"}],"replies":[{"embeddable":true,"href":"https:\/\/www.moskito.cz\/pl\/wp-json\/wp\/v2\/comments?post=361233"}],"wp:featuredmedia":[{"embeddable":true,"href":"https:\/\/www.moskito.cz\/pl\/wp-json\/wp\/v2\/media\/366916"}],"wp:attachment":[{"href":"https:\/\/www.moskito.cz\/pl\/wp-json\/wp\/v2\/media?parent=361233"}],"wp:term":[{"taxonomy":"pwb-brand","embeddable":true,"href":"https:\/\/www.moskito.cz\/pl\/wp-json\/wp\/v2\/pwb-brand?post=361233"},{"taxonomy":"product_brand","embeddable":true,"href":"https:\/\/www.moskito.cz\/pl\/wp-json\/wp\/v2\/product_brand?post=361233"},{"taxonomy":"product_cat","embeddable":true,"href":"https:\/\/www.moskito.cz\/pl\/wp-json\/wp\/v2\/product_cat?post=361233"},{"taxonomy":"product_tag","embeddable":true,"href":"https:\/\/www.moskito.cz\/pl\/wp-json\/wp\/v2\/product_tag?post=361233"}],"curies":[{"name":"wp","href":"https:\/\/api.w.org\/{rel}","templated":true}]}}