{"id":361257,"date":"2024-09-26T13:01:37","date_gmt":"2024-09-26T12:01:37","guid":{"rendered":"https:\/\/www.moskito.cz\/produkt\/boker-plus-tech-tool-city-2\/"},"modified":"2025-11-03T21:13:49","modified_gmt":"2025-11-03T20:13:49","slug":"boker-plus-tech-tool-city-2","status":"publish","type":"product","link":"https:\/\/www.moskito.cz\/pl\/produkt\/boker-plus-tech-tool-city-2\/","title":{"rendered":"B\u00f6ker Plus Tech Tool City 2"},"content":{"rendered":"<p>B\u00f6ker Plus Tech Tool City 2 01BO802.<\/p>\n<div class=\"flex max-w-full flex-col flex-grow\">\n<div class=\"min-h-8 text-message flex w-full flex-col items-end gap-2 whitespace-normal break-words [.text-message+&amp;]:mt-5\" dir=\"auto\" data-message-author-role=\"assistant\" data-message-id=\"44ac214a-5226-4d83-b9a3-c48493eac920\" data-message-model-slug=\"gpt-4o\">\n<div class=\"flex w-full flex-col gap-1 empty:hidden first:pt-[3px]\">\n<div class=\"markdown prose w-full break-words dark:prose-invert light\">\n<p><strong>Zav\u00edrac\u00ed n\u016f\u017e B\u00f6ker Plus Tech Tool City 2 01BO802<\/strong> je v\u00edce\u00fa\u010delov\u00fd kapesn\u00ed n\u016f\u017e, kter\u00fd stav\u00ed na jednoduch\u00e9m a elegantn\u00edm designu modelu <strong>City 1<\/strong>, ale p\u0159id\u00e1v\u00e1 dal\u0161\u00ed n\u00e1stroje pro je\u0161t\u011b v\u011bt\u0161\u00ed univerz\u00e1lnost. Tento n\u016f\u017e je ur\u010den pro ka\u017edodenn\u00ed no\u0161en\u00ed (EDC) a spl\u0148uje po\u017eadavky na spolehlivost, ergonomii a prakti\u010dnost.<\/p>\n<hr \/>\n<h3>Kl\u00ed\u010dov\u00e9 vlastnosti:<\/h3>\n<ol>\n<li><strong>\u010cepel<\/strong>:\n<ul>\n<li><strong>Materi\u00e1l<\/strong>: <strong>Sandvik 12C27<\/strong> \u2013 vysoce kvalitn\u00ed \u0161v\u00e9dsk\u00e1 nerezov\u00e1 ocel, zn\u00e1m\u00e1 svou ostrost\u00ed, odolnost\u00ed proti korozi a snadnou \u00fadr\u017ebou.<\/li>\n<li><strong>D\u00e9lka<\/strong>: 7,10 cm \u2013 univerz\u00e1ln\u00ed velikost pro ka\u017edodenn\u00ed pou\u017eit\u00ed.<\/li>\n<li><strong>Tlou\u0161\u0165ka<\/strong>: 2,30 mm \u2013 ide\u00e1ln\u00ed rovnov\u00e1ha mezi robustnost\u00ed a p\u0159esnost\u00ed.<\/li>\n<\/ul>\n<\/li>\n<li><strong>Rukoje\u0165<\/strong>:\n<ul>\n<li><strong>Materi\u00e1l<\/strong>: <strong>G10<\/strong> \u2013 \u010dern\u00fd kompozitn\u00ed materi\u00e1l, lehk\u00fd a odoln\u00fd v\u016f\u010di mechanick\u00e9mu po\u0161kozen\u00ed i vlhkosti.<\/li>\n<li><strong>Design<\/strong>: Ergonomick\u00fd tvar pro pohodln\u00e9 dr\u017een\u00ed, minimalistick\u00fd vzhled vhodn\u00fd do m\u011bstsk\u00e9ho prost\u0159ed\u00ed.<\/li>\n<\/ul>\n<\/li>\n<li><strong>Dodate\u010dn\u00e9 n\u00e1stroje<\/strong>:\n<ul>\n<li><strong>\u0160roubov\u00e1k\/otv\u00edr\u00e1k<\/strong>: Univerz\u00e1ln\u00ed \u0161roubov\u00e1k a otv\u00edr\u00e1k na l\u00e1hve, dopln\u011bn\u00fd v\u00fdstupkem pro oh\u00fdb\u00e1n\u00ed dr\u00e1tu.<\/li>\n<li><strong>V\u00fdstru\u017en\u00edk\/\u0161\u00eddlo<\/strong>: Praktick\u00fd n\u00e1stroj pro drobn\u00e9 opravy, zejm\u00e9na p\u0159i pr\u00e1ci s k\u016f\u017e\u00ed nebo m\u011bkk\u00fdmi materi\u00e1ly.<\/li>\n<\/ul>\n<\/li>\n<li><strong>Mechanismus<\/strong>:\n<ul>\n<li><strong>Otev\u00edr\u00e1n\u00ed<\/strong>: Ru\u010dn\u00ed \u2013 tradi\u010dn\u00ed mechanismus pro snadn\u00e9 a bezpe\u010dn\u00e9 ovl\u00e1d\u00e1n\u00ed.<\/li>\n<li><strong>Uz\u00e1v\u011br<\/strong>: <strong>Slip Joint<\/strong> \u2013 spolehliv\u00fd syst\u00e9m bez z\u00e1mku, kter\u00fd je bezpe\u010dn\u00fd a pr\u00e1vn\u011b vyhovuj\u00edc\u00ed ve v\u011bt\u0161in\u011b zem\u00ed.<\/li>\n<\/ul>\n<\/li>\n<li><strong>Rozm\u011bry a hmotnost<\/strong>:\n<ul>\n<li><strong>Celkov\u00e1 d\u00e9lka<\/strong>: 16,50 cm \u2013 ide\u00e1ln\u00ed velikost pro pohodln\u00e9 no\u0161en\u00ed a manipulaci.<\/li>\n<li><strong>Hmotnost<\/strong>: 75,00 g \u2013 st\u00e1le lehk\u00fd a snadno p\u0159enosn\u00fd, navzdory p\u0159idan\u00fdm funkc\u00edm.<\/li>\n<\/ul>\n<\/li>\n<\/ol>\n<hr \/>\n<h3>Design:<\/h3>\n<ul>\n<li><strong>Elegantn\u00ed m\u011bstsk\u00fd vzhled<\/strong>: \u010cern\u00e1 barva a minimalistick\u00e9 proveden\u00ed z n\u011bj d\u011blaj\u00ed stylov\u00fd dopln\u011bk.<\/li>\n<li><strong>Funk\u010dnost<\/strong>: P\u0159\u00eddavn\u00e9 n\u00e1stroje zvy\u0161uj\u00ed jeho vyu\u017eitelnost, ani\u017e by naru\u0161ily estetiku nebo kompaktn\u00ed rozm\u011bry.<\/li>\n<\/ul>\n<hr \/>\n<h3>Vyu\u017eit\u00ed:<\/h3>\n<ul>\n<li><strong>Ka\u017edodenn\u00ed no\u0161en\u00ed (EDC)<\/strong>: Lehk\u00fd a praktick\u00fd spole\u010dn\u00edk, kter\u00fd pokryje \u0159adu b\u011b\u017en\u00fdch situac\u00ed.<\/li>\n<li><strong>Multifunk\u010dn\u00ed pou\u017eit\u00ed<\/strong>: Vhodn\u00fd nejen na drobn\u00e9 opravy, ale i pro pr\u00e1ci v p\u0159\u00edrod\u011b nebo na cest\u00e1ch.<\/li>\n<\/ul>\n<hr \/>\n<h3>Z\u00e1v\u011br:<\/h3>\n<p><strong>B\u00f6ker Plus Tech Tool City 2 01BO802<\/strong> nab\u00edz\u00ed skv\u011bl\u00fd pom\u011br mezi stylem, funkcionalitou a kompaktnost\u00ed. Je ide\u00e1ln\u00ed volbou pro ka\u017edodenn\u00ed no\u0161en\u00ed, p\u0159i\u010dem\u017e poskytuje \u0161ir\u0161\u00ed mo\u017enosti vyu\u017eit\u00ed d\u00edky p\u0159idan\u00fdm n\u00e1stroj\u016fm. Tento n\u016f\u017e si zamiluj\u00ed ti, kte\u0159\u00ed hledaj\u00ed elegantn\u00ed a p\u0159itom praktick\u00fd n\u00e1stroj pro b\u011b\u017en\u00e9 \u010dinnosti.<\/p>\n<\/div>\n<\/div>\n<\/div>\n<\/div>\n<div class=\"mb-2 flex gap-3 empty:hidden -ml-2\">\n<div class=\"items-center justify-start rounded-xl p-1 flex\">\n<div class=\"flex items-center\"><\/div>\n<\/div>\n<\/div>\n","protected":false},"excerpt":{"rendered":"<p><strong>B\u00f6ker Plus Tech Tool City 2 01BO802 nab\u00edz\u00ed skv\u011bl\u00fd pom\u011br mezi stylem, funkcionalitou a kompaktnost\u00ed. Je ide\u00e1ln\u00ed volbou pro ka\u017edodenn\u00ed no\u0161en\u00ed, p\u0159i\u010dem\u017e poskytuje \u0161ir\u0161\u00ed mo\u017enosti vyu\u017eit\u00ed d\u00edky p\u0159idan\u00fdm n\u00e1stroj\u016fm. Tento n\u016f\u017e si zamiluj\u00ed ti, kte\u0159\u00ed hledaj\u00ed elegantn\u00ed a p\u0159itom praktick\u00fd n\u00e1stroj pro b\u011b\u017en\u00e9 \u010dinnosti.<\/strong><\/p>\n","protected":false},"featured_media":361258,"comment_status":"closed","ping_status":"closed","template":"","meta":[],"pwb-brand":[140],"product_brand":[],"product_cat":[17,22],"product_tag":[],"class_list":{"0":"post-361257","1":"product","2":"type-product","3":"status-publish","4":"has-post-thumbnail","6":"pwb-brand-boker","7":"product_cat-noze","8":"product_cat-zaviraci-noze","10":"first","11":"outofstock","12":"taxable","13":"shipping-taxable","14":"purchasable","15":"product-type-simple"},"brands":[{"id":140,"name":"Boker","slug":"boker"}],"_links":{"self":[{"href":"https:\/\/www.moskito.cz\/pl\/wp-json\/wp\/v2\/product\/361257","targetHints":{"allow":["GET"]}}],"collection":[{"href":"https:\/\/www.moskito.cz\/pl\/wp-json\/wp\/v2\/product"}],"about":[{"href":"https:\/\/www.moskito.cz\/pl\/wp-json\/wp\/v2\/types\/product"}],"replies":[{"embeddable":true,"href":"https:\/\/www.moskito.cz\/pl\/wp-json\/wp\/v2\/comments?post=361257"}],"wp:featuredmedia":[{"embeddable":true,"href":"https:\/\/www.moskito.cz\/pl\/wp-json\/wp\/v2\/media\/361258"}],"wp:attachment":[{"href":"https:\/\/www.moskito.cz\/pl\/wp-json\/wp\/v2\/media?parent=361257"}],"wp:term":[{"taxonomy":"pwb-brand","embeddable":true,"href":"https:\/\/www.moskito.cz\/pl\/wp-json\/wp\/v2\/pwb-brand?post=361257"},{"taxonomy":"product_brand","embeddable":true,"href":"https:\/\/www.moskito.cz\/pl\/wp-json\/wp\/v2\/product_brand?post=361257"},{"taxonomy":"product_cat","embeddable":true,"href":"https:\/\/www.moskito.cz\/pl\/wp-json\/wp\/v2\/product_cat?post=361257"},{"taxonomy":"product_tag","embeddable":true,"href":"https:\/\/www.moskito.cz\/pl\/wp-json\/wp\/v2\/product_tag?post=361257"}],"curies":[{"name":"wp","href":"https:\/\/api.w.org\/{rel}","templated":true}]}}