{"id":361443,"date":"2024-09-26T13:04:21","date_gmt":"2024-09-26T12:04:21","guid":{"rendered":"https:\/\/www.moskito.cz\/produkt\/boker-plus-piranha\/"},"modified":"2025-05-07T11:25:29","modified_gmt":"2025-05-07T10:25:29","slug":"boker-plus-piranha","status":"publish","type":"product","link":"https:\/\/www.moskito.cz\/pl\/produkt\/boker-plus-piranha\/","title":{"rendered":"Pevn\u00fd N\u016f\u017e B\u00f6ker Plus Piranha 02BO005"},"content":{"rendered":"<p>Pevn\u00fd N\u016f\u017e <strong>B\u00f6ker<\/strong> Plus Piranha 02BO005.<\/p>\n<p>Jako kompaktn\u00ed outdoorov\u00fd n\u016f\u017e, kter\u00fd lze nosit bu\u010f jako n\u00e1kr\u010dn\u00edk, nebo na opasku s p\u0159ilo\u017een\u00fdm adapt\u00e9rem na opasek, je Piranha od Scott McGhee robustn\u00ed mal\u00fd v\u0161estrann\u00fd. N\u00e1ramek po cel\u00e9 d\u00e9lce je na konci rukojeti vy\u0159\u00edznut, tak\u017ee m\u016f\u017eete snadno pou\u017e\u00edt podpalova\u010d. V\u00fdkonn\u00e1 \u010depel Clippoint je dostate\u010dn\u011b velk\u00e1 pro v\u011bt\u0161inu venkovn\u00edch \u00fakol\u016f, ale dostate\u010dn\u011b mal\u00e1 na to, aby byla extr\u00e9mn\u011b pohodln\u00e1 na p\u0159en\u00e1\u0161en\u00ed. Rukoje\u0165 stupnice je vyrobena z dvoubarevn\u00e9ho G10 . Dod\u00e1v\u00e1no s kydexov\u00fdm pouzdrem a mal\u00fdm adapt\u00e9rem na opasek.<\/p>\n<p>Zna\u010dka: Boker Plus<br \/>\nCelkov\u00e1 d\u00e9lka: 15,50 cm<br \/>\nD\u00e9lka \u010depele: 7,50 cm<br \/>\nTlou\u0161\u0165ka \u010depele: 3,90 mm<br \/>\nHmotnost: 101,00 g<br \/>\nN\u00e1vrh\u00e1\u0159: Scott McGhee<br \/>\nMateri\u00e1l \u010depele: 440C<br \/>\nMateri\u00e1l rukojeti: G10<br \/>\nBarva: Zelen\u00e1<br \/>\n\u010c\u00edslo polo\u017eky: 02BO005<\/p>\n<p>&nbsp;<\/p>\n","protected":false},"excerpt":{"rendered":"<p><strong>Jako kompaktn\u00ed outdoorov\u00fd n\u016f\u017e, kter\u00fd lze nosit bu\u010f jako n\u00e1kr\u010dn\u00edk, nebo na opasku s p\u0159ilo\u017een\u00fdm adapt\u00e9rem na opasek, je Piranha od Scott McGhee robustn\u00ed mal\u00fd v\u0161estrann\u00fd.<\/strong><\/p>\n","protected":false},"featured_media":362405,"comment_status":"closed","ping_status":"closed","template":"","meta":[],"pwb-brand":[140],"product_brand":[],"product_cat":[17,23],"product_tag":[],"class_list":{"0":"post-361443","1":"product","2":"type-product","3":"status-publish","4":"has-post-thumbnail","6":"pwb-brand-boker","7":"product_cat-noze","8":"product_cat-pevne-noze","10":"first","11":"outofstock","12":"taxable","13":"shipping-taxable","14":"purchasable","15":"product-type-simple"},"brands":[{"id":140,"name":"Boker","slug":"boker"}],"_links":{"self":[{"href":"https:\/\/www.moskito.cz\/pl\/wp-json\/wp\/v2\/product\/361443","targetHints":{"allow":["GET"]}}],"collection":[{"href":"https:\/\/www.moskito.cz\/pl\/wp-json\/wp\/v2\/product"}],"about":[{"href":"https:\/\/www.moskito.cz\/pl\/wp-json\/wp\/v2\/types\/product"}],"replies":[{"embeddable":true,"href":"https:\/\/www.moskito.cz\/pl\/wp-json\/wp\/v2\/comments?post=361443"}],"wp:featuredmedia":[{"embeddable":true,"href":"https:\/\/www.moskito.cz\/pl\/wp-json\/wp\/v2\/media\/362405"}],"wp:attachment":[{"href":"https:\/\/www.moskito.cz\/pl\/wp-json\/wp\/v2\/media?parent=361443"}],"wp:term":[{"taxonomy":"pwb-brand","embeddable":true,"href":"https:\/\/www.moskito.cz\/pl\/wp-json\/wp\/v2\/pwb-brand?post=361443"},{"taxonomy":"product_brand","embeddable":true,"href":"https:\/\/www.moskito.cz\/pl\/wp-json\/wp\/v2\/product_brand?post=361443"},{"taxonomy":"product_cat","embeddable":true,"href":"https:\/\/www.moskito.cz\/pl\/wp-json\/wp\/v2\/product_cat?post=361443"},{"taxonomy":"product_tag","embeddable":true,"href":"https:\/\/www.moskito.cz\/pl\/wp-json\/wp\/v2\/product_tag?post=361443"}],"curies":[{"name":"wp","href":"https:\/\/api.w.org\/{rel}","templated":true}]}}