{"id":361447,"date":"2024-09-26T13:04:21","date_gmt":"2024-09-26T12:04:21","guid":{"rendered":"https:\/\/www.moskito.cz\/produkt\/boker-plus-steel-mariner\/"},"modified":"2025-05-07T11:25:29","modified_gmt":"2025-05-07T10:25:29","slug":"boker-plus-steel-mariner","status":"publish","type":"product","link":"https:\/\/www.moskito.cz\/pl\/produkt\/boker-plus-steel-mariner\/","title":{"rendered":"Pevn\u00fd N\u016f\u017e B\u00f6ker Plus Steel-Mariner 02BO285"},"content":{"rendered":"<p>Pevn\u00fd N\u016f\u017e <strong>B\u00f6ker<\/strong> Plus Steel-Mariner 02BO285.<\/p>\n<p><strong>B\u00f6ker Plus Steel-Mariner<\/strong> je ide\u00e1ln\u00ed pro n\u00e1mo\u0159n\u00ed pou\u017eit\u00ed. \u010cepel pot\u00e1p\u011b\u010dsk\u00e9ho no\u017ee je vyrobena z nerezov\u00e9 oceli 440C a je kompletn\u011b pota\u017eena titanem, co\u017e v\u00fdrazn\u011b zvy\u0161uje odolnost proti korozi. Horn\u00ed \u0159ezn\u00e1 hrana m\u00e1 velmi efektn\u00ed velkoplo\u0161nou vroubkovanou hranu pro rychl\u00e9 \u0159ez\u00e1n\u00ed lan, s\u00edt\u00ed a dal\u0161\u00edch l\u00e1tkov\u00fdch materi\u00e1l\u016f. Spodn\u00ed b\u0159it je celoplo\u0161n\u011b brou\u0161en\u00fd pro p\u0159esn\u00e9 a jemn\u00e9 \u0159ez\u00e1n\u00ed. Protiskluzov\u00e9 v\u00e1hy G10 jsou velmi pohodln\u00e9 a neklou\u017eou v ruce a otvor pro \u0161\u0148\u016frku chr\u00e1n\u00ed n\u016f\u017e p\u0159ed ztr\u00e1tou. B\u00f6ker Plus Steel-Mariner je dod\u00e1v\u00e1n s vysoce kvalitn\u00edm Kydexov\u00fdm pouzdrem a odpov\u00eddaj\u00edc\u00edm adapt\u00e9rem na opasek.<\/p>\n<p>Zna\u010dka: Boker Plus<br \/>\nCelkov\u00e1 d\u00e9lka: 22,50 cm<br \/>\nD\u00e9lka \u010depele: 10,00 cm<br \/>\nTlou\u0161\u0165ka \u010depele: 3,55 mm<br \/>\nHmotnost: 160,00 g<br \/>\nMateri\u00e1l \u010depele: 440C<br \/>\nMateri\u00e1l rukojeti: G10<br \/>\nBarva: \u010cern\u00e1<br \/>\nBarva \u010depele: \u010cern\u00e1<br \/>\n\u010c\u00edslo polo\u017eky: 02BO285<\/p>\n","protected":false},"excerpt":{"rendered":"<p><strong>B\u00f6ker Plus Steel-Mariner je ide\u00e1ln\u00ed pro n\u00e1mo\u0159n\u00ed pou\u017eit\u00ed.<\/strong><\/p>\n","protected":false},"featured_media":362433,"comment_status":"closed","ping_status":"closed","template":"","meta":[],"pwb-brand":[140],"product_brand":[],"product_cat":[17,23],"product_tag":[],"class_list":{"0":"post-361447","1":"product","2":"type-product","3":"status-publish","4":"has-post-thumbnail","6":"pwb-brand-boker","7":"product_cat-noze","8":"product_cat-pevne-noze","10":"first","11":"outofstock","12":"taxable","13":"shipping-taxable","14":"purchasable","15":"product-type-simple"},"brands":[{"id":140,"name":"Boker","slug":"boker"}],"_links":{"self":[{"href":"https:\/\/www.moskito.cz\/pl\/wp-json\/wp\/v2\/product\/361447","targetHints":{"allow":["GET"]}}],"collection":[{"href":"https:\/\/www.moskito.cz\/pl\/wp-json\/wp\/v2\/product"}],"about":[{"href":"https:\/\/www.moskito.cz\/pl\/wp-json\/wp\/v2\/types\/product"}],"replies":[{"embeddable":true,"href":"https:\/\/www.moskito.cz\/pl\/wp-json\/wp\/v2\/comments?post=361447"}],"wp:featuredmedia":[{"embeddable":true,"href":"https:\/\/www.moskito.cz\/pl\/wp-json\/wp\/v2\/media\/362433"}],"wp:attachment":[{"href":"https:\/\/www.moskito.cz\/pl\/wp-json\/wp\/v2\/media?parent=361447"}],"wp:term":[{"taxonomy":"pwb-brand","embeddable":true,"href":"https:\/\/www.moskito.cz\/pl\/wp-json\/wp\/v2\/pwb-brand?post=361447"},{"taxonomy":"product_brand","embeddable":true,"href":"https:\/\/www.moskito.cz\/pl\/wp-json\/wp\/v2\/product_brand?post=361447"},{"taxonomy":"product_cat","embeddable":true,"href":"https:\/\/www.moskito.cz\/pl\/wp-json\/wp\/v2\/product_cat?post=361447"},{"taxonomy":"product_tag","embeddable":true,"href":"https:\/\/www.moskito.cz\/pl\/wp-json\/wp\/v2\/product_tag?post=361447"}],"curies":[{"name":"wp","href":"https:\/\/api.w.org\/{rel}","templated":true}]}}