{"id":361470,"date":"2024-09-26T13:04:21","date_gmt":"2024-09-26T12:04:21","guid":{"rendered":"https:\/\/www.moskito.cz\/produkt\/magnum-survivalist\/"},"modified":"2025-05-07T11:25:30","modified_gmt":"2025-05-07T10:25:30","slug":"magnum-survivalist","status":"publish","type":"product","link":"https:\/\/www.moskito.cz\/pl\/produkt\/magnum-survivalist\/","title":{"rendered":"Pevn\u00fd N\u016f\u017e Magnum Survivalist 02MB935"},"content":{"rendered":"<table class=\"datatable bokerparamtable\" style=\"letter-spacing: 0.03em; width: 50%;\" border=\"0\" cellspacing=\"0\" cellpadding=\"0\">\n<tbody>\n<tr>\n<td style=\"width: 50%;\">Celkov\u00e1 d\u00e9lka:<\/td>\n<td style=\"width: 25%;\">34.5 cm<\/td>\n<\/tr>\n<tr>\n<td style=\"width: 50%;\">D\u00e9lka \u010depele:<\/td>\n<td style=\"width: 25%;\">20 cm<\/td>\n<\/tr>\n<tr>\n<td style=\"width: 50%;\">Tlou\u0161\u0165ka \u010depele:<\/td>\n<td style=\"width: 25%;\">4.6 mm<\/td>\n<\/tr>\n<tr>\n<td style=\"width: 50%;\">Hmotnost:<\/td>\n<td style=\"width: 25%;\">440 g<\/td>\n<\/tr>\n<tr>\n<td style=\"width: 50%;\">Materi\u00e1l \u010depele:<\/td>\n<td style=\"width: 25%;\"><a href=\"\/prehled-materialu\/440-a\">440A<\/a><\/td>\n<\/tr>\n<tr>\n<td style=\"width: 50%;\">Materi\u00e1l rukojeti:<\/td>\n<td style=\"width: 25%;\">Hlin\u00edk<\/td>\n<\/tr>\n<tr>\n<td style=\"width: 50%;\">Typ pojistky:<\/td>\n<td style=\"width: 25%;\">Pevn\u00fd n\u016f\u017e<\/td>\n<\/tr>\n<\/tbody>\n<\/table>\n<p>Pevn\u00fd N\u016f\u017e <strong>Magnum<\/strong> Survivalist 02MB935.<\/p>\n<p>S t\u00edmto impozantn\u00edm no\u017eem na p\u0159e\u017eit\u00ed se budete c\u00edtit jako doma nejen v m\u00edstn\u00edch les\u00edch. 20 cm dlouh\u00e1 \u010depel no\u017ee vyroben\u00e1 z\u00a0nerezov\u00e9 oceli 440A m\u00e1 na h\u0159betu \u010depele pilu. V dut\u00e9 rukojeti je ulo\u017eena souprava na p\u0159e\u017eit\u00ed, s n\u00ed\u017e lze p\u0159e\u010dkat men\u0161\u00ed dobrodru\u017estv\u00ed. \u010cepel je p\u0159i\u0161roubov\u00e1na k rukojeti a je opat\u0159ena \u0161roubovac\u00edm uz\u00e1v\u011brem se \u0161\u0148\u016frkou. N\u016f\u017e na p\u0159e\u017eit\u00ed je dod\u00e1v\u00e1n s nylonov\u00fdm pouzdrem a s mal\u00fdm brouskem.<\/p>\n<p>&nbsp;<\/p>\n<p>&nbsp;<\/p>\n","protected":false},"excerpt":{"rendered":"<p><strong>S t\u00edmto impozantn\u00edm no\u017eem na p\u0159e\u017eit\u00ed se budete c\u00edtit jako doma nejen v m\u00edstn\u00edch les\u00edch.\u00a0<\/strong><\/p>\n","protected":false},"featured_media":362388,"comment_status":"closed","ping_status":"closed","template":"","meta":[],"pwb-brand":[140],"product_brand":[],"product_cat":[17,23],"product_tag":[],"class_list":{"0":"post-361470","1":"product","2":"type-product","3":"status-publish","4":"has-post-thumbnail","6":"pwb-brand-boker","7":"product_cat-noze","8":"product_cat-pevne-noze","10":"first","11":"outofstock","12":"taxable","13":"shipping-taxable","14":"purchasable","15":"product-type-simple"},"brands":[{"id":140,"name":"Boker","slug":"boker"}],"_links":{"self":[{"href":"https:\/\/www.moskito.cz\/pl\/wp-json\/wp\/v2\/product\/361470","targetHints":{"allow":["GET"]}}],"collection":[{"href":"https:\/\/www.moskito.cz\/pl\/wp-json\/wp\/v2\/product"}],"about":[{"href":"https:\/\/www.moskito.cz\/pl\/wp-json\/wp\/v2\/types\/product"}],"replies":[{"embeddable":true,"href":"https:\/\/www.moskito.cz\/pl\/wp-json\/wp\/v2\/comments?post=361470"}],"wp:featuredmedia":[{"embeddable":true,"href":"https:\/\/www.moskito.cz\/pl\/wp-json\/wp\/v2\/media\/362388"}],"wp:attachment":[{"href":"https:\/\/www.moskito.cz\/pl\/wp-json\/wp\/v2\/media?parent=361470"}],"wp:term":[{"taxonomy":"pwb-brand","embeddable":true,"href":"https:\/\/www.moskito.cz\/pl\/wp-json\/wp\/v2\/pwb-brand?post=361470"},{"taxonomy":"product_brand","embeddable":true,"href":"https:\/\/www.moskito.cz\/pl\/wp-json\/wp\/v2\/product_brand?post=361470"},{"taxonomy":"product_cat","embeddable":true,"href":"https:\/\/www.moskito.cz\/pl\/wp-json\/wp\/v2\/product_cat?post=361470"},{"taxonomy":"product_tag","embeddable":true,"href":"https:\/\/www.moskito.cz\/pl\/wp-json\/wp\/v2\/product_tag?post=361470"}],"curies":[{"name":"wp","href":"https:\/\/api.w.org\/{rel}","templated":true}]}}