{"id":361570,"date":"2024-09-26T13:05:14","date_gmt":"2024-09-26T12:05:14","guid":{"rendered":"https:\/\/www.moskito.cz\/produkt\/magnum-samurai-premium-damast\/"},"modified":"2025-09-15T00:00:10","modified_gmt":"2025-09-14T23:00:10","slug":"magnum-samurai-premium-damast","status":"publish","type":"product","link":"https:\/\/www.moskito.cz\/pl\/produkt\/magnum-samurai-premium-damast\/","title":{"rendered":"Magnum Samurai Premium Damast 05RY441DAM"},"content":{"rendered":"<p>Magnum Samurai Premium Damast 05RY441DAM.<\/p>\n<p>M\u00fdtus o pad\u011blan\u00fdch samurajsk\u00fdch me\u010d\u00edch je legend\u00e1rn\u00ed. Krom\u011b na\u0161\u00ed s\u00e9rie Samurai Premium p\u0159edstavujeme exkluzivn\u00ed katanu, kter\u00e1 rozbu\u0161\u00ed srdce sb\u011bratel\u016f. Proces kov\u00e1n\u00ed d\u00e1v\u00e1 ka\u017ed\u00e9 \u010depeli jej\u00ed individu\u00e1ln\u00ed charakter. Rukoje\u0165 je pota\u017eena pravou paprskovitou k\u016f\u017e\u00ed a n\u00e1sledn\u011b umn\u011b zabalena. \u010cist\u011b lakovan\u00e9 d\u0159ev\u011bn\u00e9 pouzdro odpov\u00edd\u00e1 barv\u011b obalu rukojeti. Me\u010d je dod\u00e1v\u00e1n v tradi\u010dn\u00ed d\u0159ev\u011bn\u00e9 krabici vystlan\u00e9 asijsk\u00fdmi l\u00e1tkami. Aby byla zachov\u00e1na hodnota va\u0161eho sb\u011bratelsk\u00e9ho p\u0159edm\u011btu, me\u010d je dod\u00e1v\u00e1n s l\u00e1tkov\u00fdm s\u00e1\u010dkem a origin\u00e1ln\u00ed sadou na \u010di\u0161t\u011bn\u00ed a p\u00e9\u010di. 80 vrstev ru\u010dn\u011b kovan\u00e9 dama\u0161kov\u00e9 uhl\u00edkov\u00e9 oceli dod\u00e1v\u00e1 t\u00e9to luxusn\u00ed katan\u011b jej\u00ed mimo\u0159\u00e1dn\u00fd vzhled. Pohled, kter\u00e9mu u\u017e nem\u016f\u017eete uniknout. Tsuba a kov\u00e1n\u00ed jsou vyrobeny ze staro\u017eitn\u00e9 mosazi.<\/p>\n<p>Dekorativn\u00ed nebo sb\u011bratelsk\u00fd me\u010d, nevhodn\u00fd k pou\u017eit\u00ed.<\/p>\n<p>Zna\u010dka: Magnum<br \/>\nCelkov\u00e1 d\u00e9lka: 102,50 cm<br \/>\nD\u00e9lka \u010depele: 74,00 cm<br \/>\nHmotnost: 1106,00 g<br \/>\nMateri\u00e1l \u010depele: dama\u0161ek<br \/>\nMateri\u00e1l rukojeti: Rayskin<br \/>\nBarva: \u010cern\u00fd<br \/>\n\u010c\u00edslo polo\u017eky: 05RY441DAM<\/p>\n<p>&nbsp;<\/p>\n","protected":false},"excerpt":{"rendered":"<p><strong>M\u00fdtus o pad\u011blan\u00fdch samurajsk\u00fdch me\u010d\u00edch je legend\u00e1rn\u00ed. Krom\u011b na\u0161\u00ed s\u00e9rie Samurai Premium p\u0159edstavujeme exkluzivn\u00ed katanu, kter\u00e1 rozbu\u0161\u00ed srdce sb\u011bratel\u016f.<\/strong><\/p>\n<p><strong>Doprava zdarma.<\/strong><\/p>\n","protected":false},"featured_media":372079,"comment_status":"closed","ping_status":"closed","template":"","meta":[],"pwb-brand":[140],"product_brand":[],"product_cat":[24,1942],"product_tag":[],"class_list":{"0":"post-361570","1":"product","2":"type-product","3":"status-publish","4":"has-post-thumbnail","6":"pwb-brand-boker","7":"product_cat-katany-a-mece","8":"product_cat-mece-dyky-repliky","10":"first","11":"outofstock","12":"taxable","13":"shipping-taxable","14":"purchasable","15":"product-type-simple"},"brands":[{"id":140,"name":"Boker","slug":"boker"}],"_links":{"self":[{"href":"https:\/\/www.moskito.cz\/pl\/wp-json\/wp\/v2\/product\/361570","targetHints":{"allow":["GET"]}}],"collection":[{"href":"https:\/\/www.moskito.cz\/pl\/wp-json\/wp\/v2\/product"}],"about":[{"href":"https:\/\/www.moskito.cz\/pl\/wp-json\/wp\/v2\/types\/product"}],"replies":[{"embeddable":true,"href":"https:\/\/www.moskito.cz\/pl\/wp-json\/wp\/v2\/comments?post=361570"}],"wp:featuredmedia":[{"embeddable":true,"href":"https:\/\/www.moskito.cz\/pl\/wp-json\/wp\/v2\/media\/372079"}],"wp:attachment":[{"href":"https:\/\/www.moskito.cz\/pl\/wp-json\/wp\/v2\/media?parent=361570"}],"wp:term":[{"taxonomy":"pwb-brand","embeddable":true,"href":"https:\/\/www.moskito.cz\/pl\/wp-json\/wp\/v2\/pwb-brand?post=361570"},{"taxonomy":"product_brand","embeddable":true,"href":"https:\/\/www.moskito.cz\/pl\/wp-json\/wp\/v2\/product_brand?post=361570"},{"taxonomy":"product_cat","embeddable":true,"href":"https:\/\/www.moskito.cz\/pl\/wp-json\/wp\/v2\/product_cat?post=361570"},{"taxonomy":"product_tag","embeddable":true,"href":"https:\/\/www.moskito.cz\/pl\/wp-json\/wp\/v2\/product_tag?post=361570"}],"curies":[{"name":"wp","href":"https:\/\/api.w.org\/{rel}","templated":true}]}}