{"id":362033,"date":"2024-09-28T13:01:25","date_gmt":"2024-09-28T12:01:25","guid":{"rendered":"https:\/\/www.moskito.cz\/?post_type=product&#038;p=362033"},"modified":"2025-05-07T11:25:34","modified_gmt":"2025-05-07T10:25:34","slug":"pevny-nuz-magnum-walnut-drop-02sc338","status":"publish","type":"product","link":"https:\/\/www.moskito.cz\/pl\/produkt\/pevny-nuz-magnum-walnut-drop-02sc338\/","title":{"rendered":"Pevn\u00fd N\u016f\u017e  Magnum Walnut Drop 02SC338"},"content":{"rendered":"<p>Pevn\u00fd N\u016f\u017e <strong>Magnum<\/strong> Walnut Drop 02SC338.<\/p>\n<div class=\"flex max-w-full flex-col flex-grow\">\n<div class=\"min-h-8 text-message flex w-full flex-col items-end gap-2 whitespace-normal break-words [.text-message+&amp;]:mt-5\" dir=\"auto\" data-message-author-role=\"assistant\" data-message-id=\"bde4480e-378a-4e36-bcfc-0c91cbdf31e7\" data-message-model-slug=\"gpt-4o-mini\">\n<div class=\"flex w-full flex-col gap-1 empty:hidden first:pt-[3px]\">\n<div class=\"markdown prose w-full break-words dark:prose-invert light\">\n<p><strong>Pevn\u00fd N\u016f\u017e Magnum Walnut Drop 02SC338<\/strong> je kvalitn\u00ed, cenov\u011b dostupn\u00fd n\u016f\u017e ur\u010den\u00fd pro \u0161irokou \u0161k\u00e1lu outdoorov\u00fdch aktivit. Tento n\u016f\u017e je ide\u00e1ln\u00ed pro bushcraftery, lovce i p\u0159\u00edle\u017eitostn\u00e9 u\u017eivatele, kte\u0159\u00ed hledaj\u00ed spolehliv\u00fd n\u00e1stroj na ka\u017edodenn\u00ed \u00fakoly i n\u00e1ro\u010dn\u011bj\u0161\u00ed aplikace.<\/p>\n<h3><strong>Hlavn\u00ed vlastnosti:<\/strong><\/h3>\n<h4><strong>\u010cepel:<\/strong><\/h4>\n<ul>\n<li><strong>Materi\u00e1l:<\/strong> <strong>440A<\/strong> \u2013 nerezov\u00e1 ocel, kter\u00e1 je odoln\u00e1 v\u016f\u010di korozi a nab\u00edz\u00ed solidn\u00ed v\u00fddr\u017e ost\u0159\u00ed. Tento typ oceli je ide\u00e1ln\u00ed pro \u0161irok\u00e9 spektrum pou\u017eit\u00ed v outdoorov\u00fdch podm\u00ednk\u00e1ch.<\/li>\n<li><strong>D\u00e9lka \u010depele:<\/strong> <strong>10,8 cm<\/strong> \u2013 dostate\u010dn\u011b dlouh\u00e1 pro \u0159ez\u00e1n\u00ed a loveck\u00e9 \u00fakoly, ale st\u00e1le kompaktn\u00ed pro pohodln\u00e9 no\u0161en\u00ed.<\/li>\n<li><strong>Tlou\u0161\u0165ka \u010depele:<\/strong> <strong>3,7 mm<\/strong> \u2013 robustn\u00ed, ale st\u00e1le dostate\u010dn\u011b tenk\u00e1 pro precizn\u00ed \u0159ez\u00e1n\u00ed.<\/li>\n<\/ul>\n<h4><strong>Rukoje\u0165:<\/strong><\/h4>\n<ul>\n<li><strong>Materi\u00e1l:<\/strong> <strong>O\u0159echov\u00e9 d\u0159evo<\/strong> \u2013 p\u0159\u00edrodn\u00ed materi\u00e1l, kter\u00fd nejen kr\u00e1sn\u011b vypad\u00e1, ale tak\u00e9 poskytuje skv\u011bl\u00fd \u00fachop. D\u0159ev\u011bn\u00e1 rukoje\u0165 zaji\u0161\u0165uje pohodl\u00ed a stabilitu p\u0159i pou\u017e\u00edv\u00e1n\u00ed no\u017ee.<\/li>\n<li><strong>Ergonomick\u00fd design<\/strong> \u2013 rukoje\u0165 je navr\u017eena tak, aby se dob\u0159e dr\u017eela a poskytovala pevn\u00fd \u00fachop i p\u0159i n\u00e1ro\u010dn\u00fdch \u00fakonech.<\/li>\n<\/ul>\n<h4><strong>Dal\u0161\u00ed vlastnosti:<\/strong><\/h4>\n<ul>\n<li><strong>Pln\u00fd tang:<\/strong> Konstrukce no\u017ee s pln\u00fdm tangem zaji\u0161\u0165uje stabilitu a odolnost p\u0159i pou\u017eit\u00ed. Tang (kovov\u00e1 \u010d\u00e1st \u010depele, kter\u00e1 proch\u00e1z\u00ed celou rukojet\u00ed) posiluje pevnost no\u017ee.<\/li>\n<li><strong>Ozdobn\u00e9 ricasso<\/strong> na zadn\u00ed stran\u011b \u010depele dod\u00e1v\u00e1 no\u017ei dekorativn\u00ed prvek a z\u00e1rove\u0148 zaji\u0161\u0165uje lep\u0161\u00ed ergonomii.<\/li>\n<li><strong>Dut\u00fd n\u00fdt<\/strong> na konci rukojeti m\u016f\u017ee b\u00fdt pou\u017eit jako o\u010dko pro p\u0159ipevn\u011bn\u00ed \u0161\u0148\u016frky, co\u017e zvy\u0161uje variabilitu a pohodl\u00ed p\u0159i no\u0161en\u00ed.<\/li>\n<li><strong>Ko\u017een\u00e9 pouzdro:<\/strong> N\u016f\u017e je dod\u00e1v\u00e1n s kvalitn\u00edm ko\u017een\u00fdm pouzdrem, kter\u00e9 usnad\u0148uje jeho no\u0161en\u00ed a chr\u00e1n\u00ed n\u016f\u017e p\u0159ed po\u0161kozen\u00edm.<\/li>\n<\/ul>\n<hr \/>\n<h3><strong>Technick\u00e9 specifikace:<\/strong><\/h3>\n<ul>\n<li><strong>Materi\u00e1l \u010depele:<\/strong> <strong>440A (nerezov\u00e1 ocel)<\/strong><\/li>\n<li><strong>D\u00e9lka \u010depele:<\/strong> <strong>10,8 cm<\/strong><\/li>\n<li><strong>Tlou\u0161\u0165ka \u010depele:<\/strong> <strong>3,7 mm<\/strong><\/li>\n<li><strong>Celkov\u00e1 d\u00e9lka:<\/strong> <strong>22,7 cm<\/strong><\/li>\n<li><strong>Hmotnost:<\/strong> <strong>179 g<\/strong><\/li>\n<li><strong>Materi\u00e1l rukojeti:<\/strong> <strong>O\u0159echov\u00e9 d\u0159evo<\/strong><\/li>\n<li><strong>Barva rukojeti:<\/strong> <strong>Hn\u011bd\u00e1<\/strong><\/li>\n<li><strong>Povrch \u010depele:<\/strong> <strong>Nepota\u017een\u00e1<\/strong><\/li>\n<li><strong>Pouzdro:<\/strong> <strong>Ko\u017een\u00e9<\/strong><\/li>\n<\/ul>\n<hr \/>\n<h3><strong>Popis:<\/strong><\/h3>\n<p><strong>Magnum Walnut Drop<\/strong> je praktick\u00fd n\u016f\u017e, kter\u00fd vynik\u00e1 svou v\u0161estrannost\u00ed a odolnost\u00ed. D\u00edky kvalitn\u00ed oceli a ergonomick\u00e9mu designu je skv\u011bl\u00fd pro r\u016fzn\u00e9 outdoorov\u00e9 \u010dinnosti, od jednoduch\u00fdch \u0159ezn\u00fdch \u00fakol\u016f a\u017e po n\u00e1ro\u010dn\u011bj\u0161\u00ed loveck\u00e9 aplikace. O\u0159echov\u00e1 rukoje\u0165 poskytuje nejen vizu\u00e1ln\u00ed p\u0159ita\u017elivost, ale tak\u00e9 komfort a pevn\u00fd \u00fachop. Pln\u00fd tang a ozdobn\u00e9 prvky, jako je ricasso, zaji\u0161\u0165uj\u00ed vysokou stabilitu a esteti\u010dnost. Tento n\u016f\u017e je ide\u00e1ln\u00ed volbou pro ka\u017ed\u00e9ho, kdo hled\u00e1 spolehliv\u00fd n\u00e1stroj pro ka\u017edodenn\u00ed pou\u017eit\u00ed a z\u00e1rove\u0148 kvalitn\u00ed sb\u011bratelsk\u00fd kousek.<\/p>\n<\/div>\n<\/div>\n<\/div>\n<\/div>\n<div class=\"mb-2 flex gap-3 empty:hidden -ml-2\">\n<div class=\"items-center justify-start rounded-xl p-1 flex\">\n<div class=\"flex items-center\"><\/div>\n<\/div>\n<\/div>\n<p>&nbsp;<\/p>\n","protected":false},"excerpt":{"rendered":"<p><strong>Magnum Walnut Drop je praktick\u00fd n\u016f\u017e, kter\u00fd vynik\u00e1 svou v\u0161estrannost\u00ed a odolnost\u00ed. D\u00edky kvalitn\u00ed oceli a ergonomick\u00e9mu designu je skv\u011bl\u00fd pro r\u016fzn\u00e9 outdoorov\u00e9 \u010dinnosti, od jednoduch\u00fdch \u0159ezn\u00fdch \u00fakol\u016f a\u017e po n\u00e1ro\u010dn\u011bj\u0161\u00ed loveck\u00e9 aplikace.Tento n\u016f\u017e je ide\u00e1ln\u00ed volbou pro ka\u017ed\u00e9ho, kdo hled\u00e1 spolehliv\u00fd n\u00e1stroj pro ka\u017edodenn\u00ed pou\u017eit\u00ed a z\u00e1rove\u0148 kvalitn\u00ed sb\u011bratelsk\u00fd kousek.<\/strong><\/p>\n","protected":false},"featured_media":362034,"comment_status":"open","ping_status":"closed","template":"","meta":[],"pwb-brand":[140],"product_brand":[],"product_cat":[23,17],"product_tag":[],"class_list":{"0":"post-362033","1":"product","2":"type-product","3":"status-publish","4":"has-post-thumbnail","6":"pwb-brand-boker","7":"product_cat-pevne-noze","8":"product_cat-noze","10":"first","11":"instock","12":"taxable","13":"shipping-taxable","14":"purchasable","15":"product-type-simple"},"brands":[{"id":140,"name":"Boker","slug":"boker"}],"_links":{"self":[{"href":"https:\/\/www.moskito.cz\/pl\/wp-json\/wp\/v2\/product\/362033","targetHints":{"allow":["GET"]}}],"collection":[{"href":"https:\/\/www.moskito.cz\/pl\/wp-json\/wp\/v2\/product"}],"about":[{"href":"https:\/\/www.moskito.cz\/pl\/wp-json\/wp\/v2\/types\/product"}],"replies":[{"embeddable":true,"href":"https:\/\/www.moskito.cz\/pl\/wp-json\/wp\/v2\/comments?post=362033"}],"wp:featuredmedia":[{"embeddable":true,"href":"https:\/\/www.moskito.cz\/pl\/wp-json\/wp\/v2\/media\/362034"}],"wp:attachment":[{"href":"https:\/\/www.moskito.cz\/pl\/wp-json\/wp\/v2\/media?parent=362033"}],"wp:term":[{"taxonomy":"pwb-brand","embeddable":true,"href":"https:\/\/www.moskito.cz\/pl\/wp-json\/wp\/v2\/pwb-brand?post=362033"},{"taxonomy":"product_brand","embeddable":true,"href":"https:\/\/www.moskito.cz\/pl\/wp-json\/wp\/v2\/product_brand?post=362033"},{"taxonomy":"product_cat","embeddable":true,"href":"https:\/\/www.moskito.cz\/pl\/wp-json\/wp\/v2\/product_cat?post=362033"},{"taxonomy":"product_tag","embeddable":true,"href":"https:\/\/www.moskito.cz\/pl\/wp-json\/wp\/v2\/product_tag?post=362033"}],"curies":[{"name":"wp","href":"https:\/\/api.w.org\/{rel}","templated":true}]}}