{"id":362115,"date":"2024-09-29T16:28:06","date_gmt":"2024-09-29T16:01:36","guid":{"rendered":"https:\/\/www.moskito.cz\/produkt\/noz-strzelecki-microtech-hera-ii-mini-stonewashed-1705m-10rd\/"},"modified":"2025-05-07T11:25:35","modified_gmt":"2025-05-07T10:25:35","slug":"noz-strzelecki-microtech-hera-ii-mini-stonewashed-1705m-10rd","status":"publish","type":"product","link":"https:\/\/www.moskito.cz\/pl\/produkt\/noz-strzelecki-microtech-hera-ii-mini-stonewashed-1705m-10rd\/","title":{"rendered":"N\u00f3\u017c strzelecki Microtech Hera II Mini Stonewashed 1705M-10RD"},"content":{"rendered":"<p>N\u00f3\u017c strzelecki <strong>Microtech<\/strong> Hera II Mini Stonewashed 1705M-10RD. <strong>Mini Hera<\/strong> to urzekaj\u0105cy przedni automatyczny n\u00f3\u017c o podw\u00f3jnym dzia\u0142aniu, kt\u00f3ry czerpie inspiracj\u0119 z kultowego modelu Troodon. Dzi\u0119ki konstrukcji ramy przypominaj\u0105cej swoj\u0105 poprzedniczk\u0119, <strong>Mini Hera<\/strong> wyr\u00f3\u017cnia si\u0119 wyrafinowan\u0105 estetyk\u0105 i ulepszon\u0105 ergonomi\u0105. Starannie wykonane \u0142aty ko\u0144cowe zapewniaj\u0105 lepsz\u0105 przyczepno\u015b\u0107 i zwi\u0119kszaj\u0105 zar\u00f3wno praktyczno\u015b\u0107, jak i atrakcyjno\u015b\u0107 wizualn\u0105. Podobnie jak jego poprzednik, Mini Hera mo\u017ce pochwali\u0107 si\u0119 r\u0105czk\u0105 ozdobion\u0105 misternymi, g\u0142\u0119bokimi rytowaniami, kt\u00f3re stanowi\u0105 pozbawiony element\u00f3w sprz\u0119towych ty\u0142, z wyj\u0105tkiem dyskretnej \u015bruby umieszczonej w pobli\u017cu tylnego ko\u0144ca, w pobli\u017cu obur\u0119cznego klipsa kieszeniowego dla wygody os\u00f3b lewor\u0119cznych. Ta dba\u0142o\u015b\u0107 o szczeg\u00f3\u0142y dodaje artystycznego akcentu funkcjonalnemu projektowi i zapewnia niezr\u00f3wnane wra\u017cenia dotykowe. To miniaturowe arcydzie\u0142o bez wysi\u0142ku \u0142\u0105czy wyrafinowanie z funkcjonalno\u015bci\u0105, umacniaj\u0105c swoj\u0105 pozycj\u0119 jednego z wiod\u0105cych wszechstronnych no\u017cy automatycznych OTF na wysoce konkurencyjnym rynku, cz\u0119sto konkuruj\u0105cym z innymi produktami OTF <strong>Microtech<\/strong> . Dostosowana do gotowo\u015bci bojowej, a jednocze\u015bnie wystarczaj\u0105co smuk\u0142a do noszenia na co dzie\u0144, Mini Hera oferuje idealn\u0105 r\u00f3wnowag\u0119 pomi\u0119dzy stylem i praktyczno\u015bci\u0105. Precyzyjna in\u017cynieria i artystyczne detale \u0142\u0105cz\u0105 si\u0119 w tym no\u017cu, co czyni go wyj\u0105tkowym wyborem dla tych, kt\u00f3rzy szukaj\u0105 po\u0142\u0105czenia formy i funkcjonalno\u015bci w swoich codziennych narz\u0119dziach. Dane techniczne: D\u0142ugo\u015b\u0107 ostrza: 7,5 cm D\u0142ugo\u015b\u0107 po zamkni\u0119ciu: 10 cm D\u0142ugo\u015b\u0107 ca\u0142kowita: 17,5 cm Stal ostrza: Bohler M390MK Stal nierdzewna Styl ostrza: Recurve Szlif ostrza: P\u0142askie Wyko\u0144czenie ostrza: Stonewash Materia\u0142 uchwytu: Czerwony G\u0142\u0119boko grawerowany aluminiowy samolot Mechanizm blokuj\u0105cy: Kieszonkowy klips na kciuk : Tytan (sk\u0142adany, noszony na prawo\/lewo) Waga: 2,01 uncji Projektanci: Tony i Sean Marfione Wyprodukowano w USA https:\/\/youtu.be\/xE9TeOFYEjg  &nbsp;<\/p>\n","protected":false},"excerpt":{"rendered":"<p><strong>Przez lata Microtech\u00ae Knives wype\u0142nia\u0142 no\u017ce pasj\u0105 i umiej\u0119tno\u015bciami, aby tworzy\u0107 niemal dzie\u0142a sztuki, kt\u00f3re s\u0105 szczytem funkcjonalno\u015bci. Wszystkie cz\u0119\u015bci wyprodukowano w USA.<\/strong><br \/>\n<strong>Wszystkie no\u017ce Microtech obj\u0119te s\u0105 do\u017cywotni\u0105 gwarancj\u0105.<\/strong><\/p>\n<p><strong>Bezp\u0142atny transport.<\/strong><\/p>\n","protected":false},"featured_media":362071,"comment_status":"open","ping_status":"closed","template":"","meta":[],"pwb-brand":[3279],"product_brand":[],"product_cat":[3296,3344],"product_tag":[],"class_list":{"0":"post-362115","1":"product","2":"type-product","3":"status-publish","4":"has-post-thumbnail","6":"pwb-brand-microtech-pl","7":"product_cat-noze-pl","8":"product_cat-noze-strzeleckie","10":"first","11":"instock","12":"taxable","13":"shipping-taxable","14":"purchasable","15":"product-type-simple"},"brands":[{"id":3279,"name":"Microtech","slug":"microtech-pl"}],"_links":{"self":[{"href":"https:\/\/www.moskito.cz\/pl\/wp-json\/wp\/v2\/product\/362115","targetHints":{"allow":["GET"]}}],"collection":[{"href":"https:\/\/www.moskito.cz\/pl\/wp-json\/wp\/v2\/product"}],"about":[{"href":"https:\/\/www.moskito.cz\/pl\/wp-json\/wp\/v2\/types\/product"}],"replies":[{"embeddable":true,"href":"https:\/\/www.moskito.cz\/pl\/wp-json\/wp\/v2\/comments?post=362115"}],"wp:featuredmedia":[{"embeddable":true,"href":"https:\/\/www.moskito.cz\/pl\/wp-json\/wp\/v2\/media\/362071"}],"wp:attachment":[{"href":"https:\/\/www.moskito.cz\/pl\/wp-json\/wp\/v2\/media?parent=362115"}],"wp:term":[{"taxonomy":"pwb-brand","embeddable":true,"href":"https:\/\/www.moskito.cz\/pl\/wp-json\/wp\/v2\/pwb-brand?post=362115"},{"taxonomy":"product_brand","embeddable":true,"href":"https:\/\/www.moskito.cz\/pl\/wp-json\/wp\/v2\/product_brand?post=362115"},{"taxonomy":"product_cat","embeddable":true,"href":"https:\/\/www.moskito.cz\/pl\/wp-json\/wp\/v2\/product_cat?post=362115"},{"taxonomy":"product_tag","embeddable":true,"href":"https:\/\/www.moskito.cz\/pl\/wp-json\/wp\/v2\/product_tag?post=362115"}],"curies":[{"name":"wp","href":"https:\/\/api.w.org\/{rel}","templated":true}]}}