{"id":362602,"date":"2024-10-09T20:16:18","date_gmt":"2024-10-09T19:16:18","guid":{"rendered":"https:\/\/www.moskito.cz\/?post_type=product&#038;p=362602"},"modified":"2025-05-07T11:25:40","modified_gmt":"2025-05-07T10:25:40","slug":"vystrelovaci-nuz-boker-plus-aks-74-bowie-dessert-warrior","status":"publish","type":"product","link":"https:\/\/www.moskito.cz\/pl\/produkt\/vystrelovaci-nuz-boker-plus-aks-74-bowie-dessert-warrior\/","title":{"rendered":"Vyst\u0159elovac\u00ed N\u016f\u017e B\u00f6ker Plus AKS-74 Bowie Dessert Warrior"},"content":{"rendered":"<p>Vyst\u0159elovac\u00ed N\u016f\u017e <strong>B\u00f6ker Plus<\/strong> AKS-74 Bowie Dessert Warrior.<\/p>\n<div class=\"flex max-w-full flex-col flex-grow\">\n<div class=\"min-h-8 text-message flex w-full flex-col items-end gap-2 whitespace-normal break-words [.text-message+&amp;]:mt-5\" dir=\"auto\" data-message-author-role=\"assistant\" data-message-id=\"01b948a4-7ee9-48dc-8a5b-3d8af42ef3d9\" data-message-model-slug=\"gpt-4o-mini\">\n<div class=\"flex w-full flex-col gap-1 empty:hidden first:pt-[3px]\">\n<div class=\"markdown prose w-full break-words dark:prose-invert light\">\n<p><strong>Vyst\u0159elovac\u00ed N\u016f\u017e B\u00f6ker Plus AKS-74 Bowie Dessert Warrior<\/strong> je sou\u010d\u00e1st\u00ed exkluzivn\u00ed s\u00e9rie Kala\u0161nikov od zna\u010dky B\u00f6ker, kter\u00e1 je zn\u00e1m\u00e1 sv\u00fdm kvalitn\u00edm zpracov\u00e1n\u00edm a inovativn\u00edm designem. Tento model je vylep\u0161enou verz\u00ed p\u016fvodn\u00edho Dessert Warrior, kter\u00e1 se vyzna\u010duje siln\u00fdm, ale st\u00e1le kompaktn\u00edm tvarem s robustn\u00ed \u010depel\u00ed typu Bowie, kter\u00e1 je ide\u00e1ln\u00ed pro r\u016fzn\u00e9 \u00fakoly a pou\u017eit\u00ed.<\/p>\n<h3><strong>Hlavn\u00ed vlastnosti:<\/strong><\/h3>\n<h4><strong>\u010cepel:<\/strong><\/h4>\n<ul>\n<li><strong>Materi\u00e1l:<\/strong> <strong>Nerezov\u00e1 ocel D2<\/strong> \u2013 vysoce kvalitn\u00ed n\u00e1strojov\u00e1 ocel, zn\u00e1m\u00e1 svou odolnost\u00ed v\u016f\u010di opot\u0159eben\u00ed a schopnost\u00ed dr\u017eet ost\u0159\u00ed i p\u0159i n\u00e1ro\u010dn\u00e9m pou\u017e\u00edv\u00e1n\u00ed.<\/li>\n<li><strong>Povrchov\u00e1 \u00faprava:<\/strong> <strong>Modr\u00e1 povrchov\u00e1 \u00faprava<\/strong>, kter\u00e1 nejen zvy\u0161uje estetiku no\u017ee, ale poskytuje i ochranu proti korozi.<\/li>\n<li><strong>Styl \u010depele:<\/strong> <strong>Bowie<\/strong>, ide\u00e1ln\u00ed pro \u0159ez\u00e1n\u00ed a sek\u00e1n\u00ed d\u00edky \u0161ir\u0161\u00ed a robustn\u011bj\u0161\u00ed \u0161pi\u010dce.<\/li>\n<li><strong>S\u00edla \u010depele:<\/strong> <strong>3,0 mm<\/strong> \u2013 vyv\u00e1\u017een\u00e1 tlou\u0161\u0165ka, kter\u00e1 poskytuje odolnost a pevnost \u010depeli p\u0159i zachov\u00e1n\u00ed pot\u0159ebn\u00e9 flexibility pro ka\u017edodenn\u00ed pou\u017eit\u00ed.<\/li>\n<\/ul>\n<h4><strong>Rukoje\u0165:<\/strong><\/h4>\n<ul>\n<li><strong>Materi\u00e1l:<\/strong> <strong>Hlin\u00edkov\u00e1 rukoje\u0165<\/strong> s <strong>eloxovan\u00fdm povrchem<\/strong>, co\u017e zaji\u0161\u0165uje jej\u00ed dlouhou \u017eivotnost, odolnost proti korozi a barevnou st\u00e1lost.<\/li>\n<li><strong>Design:<\/strong> <strong>R\u016f\u017eov\u00e1 barva<\/strong> a vzhled inspirovan\u00fd koblihou, co\u017e d\u00e1v\u00e1 no\u017ei jedine\u010dn\u00fd a z\u00e1bavn\u00fd vzhled. Rukoje\u0165 je vybavena <strong>vyv\u00fd\u0161en\u00fdmi struktur\u00e1ln\u00edmi panely<\/strong>, kter\u00e9 poskytuj\u00ed bezpe\u010dn\u00fd \u00fachop i v n\u00e1ro\u010dn\u00fdch podm\u00ednk\u00e1ch.<\/li>\n<\/ul>\n<h4><strong>Mechanismus a Uzam\u010den\u00ed:<\/strong><\/h4>\n<ul>\n<li><strong>Otev\u00edr\u00e1n\u00ed:<\/strong> <strong>Automatick\u00e9 otev\u00edr\u00e1n\u00ed tla\u010d\u00edtkem<\/strong> pro rychl\u00e9 a efektivn\u00ed otev\u0159en\u00ed no\u017ee jedn\u00edm pohybem.<\/li>\n<li><strong>Z\u00e1mek:<\/strong> <strong>Posuvn\u00fd z\u00e1mek tla\u010d\u00edtka<\/strong>, kter\u00fd zaji\u0161\u0165uje bezpe\u010dn\u00e9 zaji\u0161t\u011bn\u00ed \u010depele v otev\u0159en\u00e9 poloze a umo\u017e\u0148uje jednoduch\u00e9 uzav\u0159en\u00ed no\u017ee.<\/li>\n<\/ul>\n<h4><strong>Dal\u0161\u00ed vlastnosti:<\/strong><\/h4>\n<ul>\n<li><strong>Kapesn\u00ed klip:<\/strong> N\u016f\u017e je vybaven <strong>kapesn\u00edm klipem<\/strong>, kter\u00fd umo\u017e\u0148uje praktick\u00e9 no\u0161en\u00ed v kapse, co\u017e usnad\u0148uje p\u0159\u00edstup k no\u017ei v p\u0159\u00edpad\u011b pot\u0159eby.<\/li>\n<\/ul>\n<hr \/>\n<h3><strong>Technick\u00e9 specifikace:<\/strong><\/h3>\n<ul>\n<li><strong>Materi\u00e1l \u010depele:<\/strong> <strong>D2 (nerezov\u00e1 ocel)<\/strong><\/li>\n<li><strong>Povrch \u010depele:<\/strong> <strong>Modr\u00e1 povrchov\u00e1 \u00faprava<\/strong><\/li>\n<li><strong>Styl \u010depele:<\/strong> <strong>Bowie<\/strong><\/li>\n<li><strong>S\u00edla \u010depele:<\/strong> <strong>3,0 mm<\/strong><\/li>\n<li><strong>Materi\u00e1l rukojeti:<\/strong> <strong>Hlin\u00edk (eloxovan\u00fd)<\/strong><\/li>\n<li><strong>Typ no\u017ee:<\/strong> <strong>Automatick\u00fd<\/strong><\/li>\n<li><strong>Typ z\u00e1mku:<\/strong> <strong>Posuvn\u00fd z\u00e1mek tla\u010d\u00edtka<\/strong><\/li>\n<li><strong>D\u00e9lka \u010depele:<\/strong> <strong>8,3 cm<\/strong><\/li>\n<li><strong>Celkov\u00e1 d\u00e9lka:<\/strong> <strong>19,0 cm<\/strong><\/li>\n<li><strong>Hmotnost:<\/strong> <strong>99 g<\/strong><\/li>\n<li><strong>Barva:<\/strong> <strong>R\u016f\u017eov\u00e1<\/strong><\/li>\n<li><strong>Modelov\u00fd rok:<\/strong> <strong>2024<\/strong><\/li>\n<\/ul>\n<hr \/>\n<h3><strong>Popis:<\/strong><\/h3>\n<p><strong>B\u00f6ker Plus AKS-74 Bowie Dessert Warrior<\/strong> je automatick\u00fd n\u016f\u017e, kter\u00fd kombinuje neot\u0159el\u00fd design s praktickou funk\u010dnost\u00ed. Jeho jedine\u010dn\u00fd vzhled, inspirovan\u00fd koblihou, a siln\u00e1 \u010depel typu Bowie ho \u010din\u00ed nejen atraktivn\u00edm, ale i vysoce efektivn\u00edm n\u00e1strojem pro ka\u017edodenn\u00ed pou\u017eit\u00ed. Modr\u00e1 povrchov\u00e1 \u00faprava \u010depele a eloxovan\u00e1 rukoje\u0165 v r\u016f\u017eov\u00e9 barv\u011b dod\u00e1vaj\u00ed no\u017ei stylov\u00fd a hrav\u00fd vzhled, zat\u00edmco kvalitn\u00ed materi\u00e1ly a pe\u010dliv\u00e9 zpracov\u00e1n\u00ed zaji\u0161\u0165uj\u00ed dlouhou \u017eivotnost a spolehlivost.<\/p>\n<p>Je ide\u00e1ln\u00ed pro v\u0161echny, kdo hledaj\u00ed funk\u010dn\u00ed, ale z\u00e1rove\u0148 jedine\u010dn\u00fd n\u016f\u017e, kter\u00fd se hod\u00ed do sb\u00edrky, na ka\u017edodenn\u00ed no\u0161en\u00ed nebo jako osobn\u00ed taktick\u00fd n\u00e1stroj. Automatick\u00e9 otev\u00edr\u00e1n\u00ed, spolehliv\u00fd z\u00e1mek a ergonomick\u00e1 rukoje\u0165 jsou dal\u0161\u00edmi d\u016fvody, pro\u010d je tento model obl\u00edben\u00fd mezi u\u017eivateli.<\/p>\n<\/div>\n<\/div>\n<\/div>\n<\/div>\n<div class=\"mb-2 flex gap-3 empty:hidden -ml-2\">\n<div class=\"items-center justify-start rounded-xl p-1 flex\">\n<div class=\"flex items-center\"><\/div>\n<\/div>\n<\/div>\n<p>&nbsp;<\/p>\n<p>&nbsp;<\/p>\n","protected":false},"excerpt":{"rendered":"<p><strong>B\u00f6ker Plus AKS-74 Bowie Dessert Warrior je automatick\u00fd n\u016f\u017e, kter\u00fd kombinuje neot\u0159el\u00fd design s praktickou funk\u010dnost\u00ed. Jeho jedine\u010dn\u00fd vzhled, inspirovan\u00fd koblihou, a siln\u00e1 \u010depel typu Bowie ho \u010din\u00ed nejen atraktivn\u00edm, ale i vysoce efektivn\u00edm n\u00e1strojem pro ka\u017edodenn\u00ed pou\u017eit\u00ed. <\/strong><\/p>\n","protected":false},"featured_media":362603,"comment_status":"open","ping_status":"closed","template":"","meta":[],"pwb-brand":[140],"product_brand":[],"product_cat":[17,2019],"product_tag":[],"class_list":{"0":"post-362602","1":"product","2":"type-product","3":"status-publish","4":"has-post-thumbnail","6":"pwb-brand-boker","7":"product_cat-noze","8":"product_cat-vystrelovaci-noze","10":"first","11":"instock","12":"taxable","13":"shipping-taxable","14":"purchasable","15":"product-type-simple"},"brands":[{"id":140,"name":"Boker","slug":"boker"}],"_links":{"self":[{"href":"https:\/\/www.moskito.cz\/pl\/wp-json\/wp\/v2\/product\/362602","targetHints":{"allow":["GET"]}}],"collection":[{"href":"https:\/\/www.moskito.cz\/pl\/wp-json\/wp\/v2\/product"}],"about":[{"href":"https:\/\/www.moskito.cz\/pl\/wp-json\/wp\/v2\/types\/product"}],"replies":[{"embeddable":true,"href":"https:\/\/www.moskito.cz\/pl\/wp-json\/wp\/v2\/comments?post=362602"}],"wp:featuredmedia":[{"embeddable":true,"href":"https:\/\/www.moskito.cz\/pl\/wp-json\/wp\/v2\/media\/362603"}],"wp:attachment":[{"href":"https:\/\/www.moskito.cz\/pl\/wp-json\/wp\/v2\/media?parent=362602"}],"wp:term":[{"taxonomy":"pwb-brand","embeddable":true,"href":"https:\/\/www.moskito.cz\/pl\/wp-json\/wp\/v2\/pwb-brand?post=362602"},{"taxonomy":"product_brand","embeddable":true,"href":"https:\/\/www.moskito.cz\/pl\/wp-json\/wp\/v2\/product_brand?post=362602"},{"taxonomy":"product_cat","embeddable":true,"href":"https:\/\/www.moskito.cz\/pl\/wp-json\/wp\/v2\/product_cat?post=362602"},{"taxonomy":"product_tag","embeddable":true,"href":"https:\/\/www.moskito.cz\/pl\/wp-json\/wp\/v2\/product_tag?post=362602"}],"curies":[{"name":"wp","href":"https:\/\/api.w.org\/{rel}","templated":true}]}}