{"id":363123,"date":"2024-10-11T19:49:38","date_gmt":"2024-10-11T18:49:38","guid":{"rendered":"https:\/\/www.moskito.cz\/?post_type=product&#038;p=363123"},"modified":"2025-05-07T11:25:43","modified_gmt":"2025-05-07T10:25:43","slug":"vystrelovaci-nuz-emerson-bullshark","status":"publish","type":"product","link":"https:\/\/www.moskito.cz\/pl\/produkt\/vystrelovaci-nuz-emerson-bullshark\/","title":{"rendered":"Vyst\u0159elovac\u00ed N\u016f\u017e Emerson Bullshark"},"content":{"rendered":"<p>Vyst\u0159elovac\u00ed N\u016f\u017e <strong>Emerson<\/strong> Bullshark.<\/p>\n<p>A\u010dkoli nen\u00ed tak velk\u00fd nebo zastra\u0161uj\u00edc\u00ed jako jeho bratranec velk\u00fd b\u00edl\u00fd, m\u00e1 \u017eralok b\u00fd\u010d\u00ed pov\u011bst jednoho z nejagresivn\u011bj\u0161\u00edch a nejmocn\u011bj\u0161\u00edch \u017eralok\u016f ze v\u0161ech.<\/p>\n<p>Emerson Bullshark je v\u016fbec prvn\u00ed automatick\u00fd n\u016f\u017e vyroben\u00fd spole\u010dnost\u00ed Emerson Knife Company. Je to n\u016f\u017e vyroben\u00fd speci\u00e1ln\u011b pro ka\u017edodenn\u00ed no\u0161en\u00ed. Se sv\u00fdmi kompaktn\u00edmi rozm\u011bry, bleskurychl\u00fdm otev\u00edr\u00e1n\u00edm, kr\u00e1sn\u00fdmi celokovov\u00fdmi eloxovan\u00fdmi rukoje\u0165mi a masivn\u00edm designem Ernesta Emersona ud\u011bl\u00e1 tento n\u016f\u017e v\u0161e, co pot\u0159ebujete, abyste p\u0159e\u017eili ka\u017edodenn\u00ed pot\u0159eby pracuj\u00edc\u00edho mu\u017ee nebo \u017eeny. Tento kompaktn\u00ed v\u00fdkonn\u00fd p\u0159\u00edstroj je dostate\u010dn\u011b pevn\u00fd pro va\u0161i krabici na n\u00e1\u0159ad\u00ed, ale p\u0159esto je dostate\u010dn\u011b p\u011bkn\u00fd pro kabelku va\u0161\u00ed \u017eeny. Je zt\u011blesn\u011bn\u00edm elegantn\u00ed s\u00edly.<\/p>\n<p>Emerson Bullshark je perfektn\u00ed kapesn\u00ed spole\u010dn\u00edk, kter\u00fd poskytuje p\u011bst plnou \u0159ezn\u00e9ho v\u00fdkonu v leg\u00e1ln\u00ed p\u0159enosn\u00e9 velikosti, kterou m\u016f\u017eete m\u00edt jako \u201eEDC\u201c prakticky kamkoli v\u00e1s va\u0161e cesta nebo cesty zavedou.<\/p>\n<p>Rukoje\u0165:\u00a0 Tvrd\u00fd eloxovan\u00fd hlin\u00edk<br \/>\n\u010cepel: 154 cm<br \/>\nCelkov\u00e1 d\u00e9lka: 13.25 cm<br \/>\nD\u00e9lka \u010depele: 4.75 cm<br \/>\nTlou\u0161\u0165ka \u010depele: 0.31 cm<br \/>\nTvrdost 57-59RC<\/p>\n<p><iframe title=\"The First Automatic Knife From Emerson Knives, Inc!\" width=\"800\" height=\"450\" src=\"https:\/\/www.youtube.com\/embed\/VzHAwPOtFW8?feature=oembed\" frameborder=\"0\" allow=\"accelerometer; autoplay; clipboard-write; encrypted-media; gyroscope; picture-in-picture; web-share\" referrerpolicy=\"strict-origin-when-cross-origin\" allowfullscreen><\/iframe><\/p>\n<p><iframe title=\"The Emerson Knives Bullshark Automatic Knife\" width=\"800\" height=\"450\" src=\"https:\/\/www.youtube.com\/embed\/n3z_clXreWk?feature=oembed\" frameborder=\"0\" allow=\"accelerometer; autoplay; clipboard-write; encrypted-media; gyroscope; picture-in-picture; web-share\" referrerpolicy=\"strict-origin-when-cross-origin\" allowfullscreen><\/iframe><\/p>\n","protected":false},"excerpt":{"rendered":"<p><strong>A\u010dkoli nen\u00ed tak velk\u00fd nebo zastra\u0161uj\u00edc\u00ed jako jeho bratranec velk\u00fd b\u00edl\u00fd, m\u00e1 \u017eralok b\u00fd\u010d\u00ed pov\u011bst jednoho z nejagresivn\u011bj\u0161\u00edch a nejmocn\u011bj\u0161\u00edch \u017eralok\u016f ze v\u0161ech.<\/strong><\/p>\n<p><strong>Doprava zdarma.<\/strong><\/p>\n","protected":false},"featured_media":363124,"comment_status":"open","ping_status":"closed","template":"","meta":[],"pwb-brand":[248],"product_brand":[],"product_cat":[2019,17],"product_tag":[],"class_list":{"0":"post-363123","1":"product","2":"type-product","3":"status-publish","4":"has-post-thumbnail","6":"pwb-brand-emerson","7":"product_cat-vystrelovaci-noze","8":"product_cat-noze","10":"first","11":"outofstock","12":"taxable","13":"shipping-taxable","14":"purchasable","15":"product-type-simple"},"brands":[{"id":248,"name":"Emerson","slug":"emerson"}],"_links":{"self":[{"href":"https:\/\/www.moskito.cz\/pl\/wp-json\/wp\/v2\/product\/363123","targetHints":{"allow":["GET"]}}],"collection":[{"href":"https:\/\/www.moskito.cz\/pl\/wp-json\/wp\/v2\/product"}],"about":[{"href":"https:\/\/www.moskito.cz\/pl\/wp-json\/wp\/v2\/types\/product"}],"replies":[{"embeddable":true,"href":"https:\/\/www.moskito.cz\/pl\/wp-json\/wp\/v2\/comments?post=363123"}],"wp:featuredmedia":[{"embeddable":true,"href":"https:\/\/www.moskito.cz\/pl\/wp-json\/wp\/v2\/media\/363124"}],"wp:attachment":[{"href":"https:\/\/www.moskito.cz\/pl\/wp-json\/wp\/v2\/media?parent=363123"}],"wp:term":[{"taxonomy":"pwb-brand","embeddable":true,"href":"https:\/\/www.moskito.cz\/pl\/wp-json\/wp\/v2\/pwb-brand?post=363123"},{"taxonomy":"product_brand","embeddable":true,"href":"https:\/\/www.moskito.cz\/pl\/wp-json\/wp\/v2\/product_brand?post=363123"},{"taxonomy":"product_cat","embeddable":true,"href":"https:\/\/www.moskito.cz\/pl\/wp-json\/wp\/v2\/product_cat?post=363123"},{"taxonomy":"product_tag","embeddable":true,"href":"https:\/\/www.moskito.cz\/pl\/wp-json\/wp\/v2\/product_tag?post=363123"}],"curies":[{"name":"wp","href":"https:\/\/api.w.org\/{rel}","templated":true}]}}