{"id":363801,"date":"2024-10-17T13:16:45","date_gmt":"2024-10-17T12:16:45","guid":{"rendered":"https:\/\/www.moskito.cz\/?post_type=product&#038;p=363801"},"modified":"2025-05-07T11:25:45","modified_gmt":"2025-05-07T10:25:45","slug":"zaviraci-nuz-boker-plus-collection-2024","status":"publish","type":"product","link":"https:\/\/www.moskito.cz\/pl\/produkt\/zaviraci-nuz-boker-plus-collection-2024\/","title":{"rendered":"Zav\u00edrac\u00ed N\u016f\u017e B\u00f6ker Plus Collection 2024"},"content":{"rendered":"<p>Zav\u00edrac\u00ed N\u016f\u017e <strong>B\u00f6ker<\/strong> Plus Collection 2024.<\/p>\n<div class=\"flex max-w-full flex-col flex-grow\">\n<div class=\"min-h-8 text-message flex w-full flex-col items-end gap-2 whitespace-normal break-words [.text-message+&amp;]:mt-5\" dir=\"auto\" data-message-author-role=\"assistant\" data-message-id=\"1c34d480-77a4-4ac1-82e3-040c3286e3b5\" data-message-model-slug=\"gpt-4o-mini\">\n<div class=\"flex w-full flex-col gap-1 empty:hidden first:pt-[3px]\">\n<div class=\"markdown prose w-full break-words dark:prose-invert light\">\n<p><strong>Zav\u00edrac\u00ed N\u016f\u017e B\u00f6ker Plus Collection 2024<\/strong> je jedine\u010dn\u00fd sb\u011bratelsk\u00fd kousek, kter\u00fd p\u0159edstavuje vrchol inovace a \u0159emesln\u00e9 kvality. Tento n\u016f\u017e, navr\u017een\u00fd renomovan\u00fdm americk\u00fdm design\u00e9rem <strong>Lesem Georgem<\/strong>, spojuje \u0161pi\u010dkov\u00e9 materi\u00e1ly, pokro\u010dilou technologii a nad\u010dasov\u00fd design. S limitovan\u00fdm po\u010dtem 500 kus\u016f po cel\u00e9m sv\u011bt\u011b je tento n\u016f\u017e ide\u00e1ln\u00ed pro sb\u011bratele i pro ty, kte\u0159\u00ed hledaj\u00ed n\u016f\u017e s v\u00fdjime\u010dn\u00fdmi vlastnostmi.<\/p>\n<h3><strong>Hlavn\u00ed vlastnosti:<\/strong><\/h3>\n<h4><strong>\u010cepel:<\/strong><\/h4>\n<ul>\n<li><strong>Materi\u00e1l:<\/strong> <strong>MagnaCut<\/strong> ocel, kter\u00e1 je vynikaj\u00edc\u00ed kombinac\u00ed vysok\u00e9 tvrdosti (62-63 HRC), dlouh\u00e9 retence ost\u0159\u00ed, odolnosti v\u016f\u010di korozi a hou\u017eevnatosti. Tato ocel je obl\u00edben\u00e1 pro svou vynikaj\u00edc\u00ed vyv\u00e1\u017eenost mezi v\u00fdkonem a odolnost\u00ed, co\u017e ji \u010din\u00ed ide\u00e1ln\u00ed pro ka\u017edodenn\u00ed pou\u017eit\u00ed.<\/li>\n<li><strong>Povrchov\u00e1 \u00faprava:<\/strong> <strong>Sat\u00e9nov\u00fd povrch<\/strong> dod\u00e1v\u00e1 \u010depeli elegantn\u00ed vzhled a zvy\u0161uje jej\u00ed odolnost proti korozi.<\/li>\n<li><strong>Otev\u00edr\u00e1n\u00ed:<\/strong> <strong>Kuli\u010dkov\u00e1 lo\u017eiska<\/strong> pro hladk\u00e9 a rychl\u00e9 otev\u00edr\u00e1n\u00ed, kter\u00e9 je mo\u017en\u00e9 prov\u00e1d\u011bt i v rukavic\u00edch pomoc\u00ed <strong>odn\u00edmateln\u00e9ho palcov\u00e9ho kol\u00edku<\/strong> na obou stran\u00e1ch.<\/li>\n<li><strong>Uzam\u010den\u00ed:<\/strong> <strong>Titanov\u00fd r\u00e1mov\u00fd z\u00e1mek (Framelock)<\/strong> pro spolehliv\u00e9 a bezpe\u010dn\u00e9 uzam\u010den\u00ed \u010depele b\u011bhem pou\u017e\u00edv\u00e1n\u00ed.<\/li>\n<\/ul>\n<h4><strong>Rukoje\u0165:<\/strong><\/h4>\n<ul>\n<li><strong>Materi\u00e1l:<\/strong> Rukoje\u0165 je vyrobena z <strong>FAT karbonu<\/strong> v kombinaci s titany a mod\u0159e eloxovan\u00fdmi prvky, co\u017e j\u00ed dod\u00e1v\u00e1 exkluzivn\u00ed vzhled a odolnost. P\u0159edn\u00ed \u010d\u00e1st rukojeti je zdobena vzorem <strong>&#8222;Black Dunes&#8221;<\/strong>, zat\u00edmco zadn\u00ed \u010d\u00e1st m\u00e1 tajemn\u00fd vzor <strong>&#8222;Space Coral&#8221;<\/strong>, co\u017e d\u00e1v\u00e1 no\u017ei unik\u00e1tn\u00ed vzhled.<\/li>\n<li><strong>Ergonomie:<\/strong> Rukoje\u0165 m\u00e1 <strong>ergonomick\u00fd tvar<\/strong> a <strong>dr\u00e1\u017eky na spodn\u00ed stran\u011b<\/strong>, kter\u00e9 zaji\u0161\u0165uj\u00ed bezpe\u010dn\u00e9 a pohodln\u00e9 dr\u017een\u00ed.<\/li>\n<li><strong>Spona:<\/strong> <strong>Titanov\u00e1 spona<\/strong> je vyfr\u00e9zov\u00e1na z pevn\u00e9ho kusu titanu a umo\u017e\u0148uje no\u0161en\u00ed no\u017ee sklopn\u011b, co\u017e usnad\u0148uje p\u0159en\u00e1\u0161en\u00ed.<\/li>\n<li><strong>Otvor pro \u0161\u0148\u016frku:<\/strong> Umo\u017e\u0148uje p\u0159ipojit \u0161\u0148\u016frku pro snadn\u00e9 no\u0161en\u00ed nebo uchycen\u00ed.<\/li>\n<\/ul>\n<h4><strong>Design a zpracov\u00e1n\u00ed:<\/strong><\/h4>\n<ul>\n<li>Tento n\u016f\u017e je vyroben v <strong>It\u00e1lii<\/strong> a je v\u00fdsledkem spolupr\u00e1ce mezi <strong>Lesem Georgem<\/strong> a Boker Plus, co\u017e zaru\u010duje vysokou kvalitu a detailn\u00ed zpracov\u00e1n\u00ed.<\/li>\n<li>Dod\u00e1v\u00e1no s <strong>plst\u011bn\u00fdm pouzdrem<\/strong> pro bezpe\u010dn\u00e9 ulo\u017een\u00ed a <strong>certifik\u00e1tem pravosti<\/strong>, co\u017e podtrhuje exkluzivitu a sb\u011bratelskou hodnotu tohoto no\u017ee.<\/li>\n<\/ul>\n<hr \/>\n<h3><strong>Technick\u00e9 specifikace:<\/strong><\/h3>\n<ul>\n<li><strong>Celkov\u00e1 d\u00e9lka:<\/strong> 21,20 cm<\/li>\n<li><strong>D\u00e9lka \u010depele:<\/strong> 9,30 cm<\/li>\n<li><strong>Tlou\u0161\u0165ka \u010depele:<\/strong> 4,00 mm<\/li>\n<li><strong>Hmotnost:<\/strong> 139,00 g<\/li>\n<li><strong>Materi\u00e1l \u010depele:<\/strong> <strong>MagnaCut<\/strong> ocel<\/li>\n<li><strong>Materi\u00e1l rukojeti:<\/strong> <strong>FAT karbon<\/strong><\/li>\n<li><strong>Typ z\u00e1mku:<\/strong> <strong>Framelock<\/strong><\/li>\n<li><strong>Otev\u00edr\u00e1n\u00ed:<\/strong> <strong>Palcov\u00fd kol\u00edk<\/strong>, kuli\u010dkov\u00e1 lo\u017eiska<\/li>\n<li><strong>\u010c\u00edslo polo\u017eky:<\/strong> 01BO2024<\/li>\n<\/ul>\n<hr \/>\n<h3><strong>Vyu\u017eit\u00ed a sb\u011bratelsk\u00e1 hodnota:<\/strong><\/h3>\n<ul>\n<li><strong>Praktick\u00e9 pou\u017eit\u00ed:<\/strong> A\u010dkoliv je tento n\u016f\u017e vysoce sb\u011bratelsk\u00fd, jeho vlastnosti ho \u010din\u00ed i v\u00fdborn\u00fdm n\u00e1strojem pro ka\u017edodenn\u00ed pou\u017eit\u00ed. Je ide\u00e1ln\u00ed pro \u0159ez\u00e1n\u00ed, pr\u00e1ci s obaly nebo jak\u00e9koli jin\u00e9 \u00fakoly, kter\u00e9 vy\u017eaduj\u00ed p\u0159esnost a spolehlivost.<\/li>\n<li><strong>Sb\u011bratelsk\u00fd kousek:<\/strong> D\u00edky limitovan\u00e9 s\u00e9rii a exkluzivn\u00edm materi\u00e1l\u016fm je tento n\u016f\u017e vynikaj\u00edc\u00ed volbou pro sb\u011bratele. Je to skvost, kter\u00fd m\u016f\u017ee b\u00fdt sou\u010d\u00e1st\u00ed va\u0161\u00ed sb\u00edrky no\u017e\u016f a tak\u00e9 vynikaj\u00edc\u00ed investic\u00ed do budoucna.<\/li>\n<\/ul>\n<hr \/>\n<h3><strong>Shrnut\u00ed:<\/strong><\/h3>\n<p><strong>Zav\u00edrac\u00ed N\u016f\u017e B\u00f6ker Plus Collection 2024<\/strong> je v\u00fdjime\u010dn\u00fd n\u016f\u017e, kter\u00fd spojuje modern\u00ed materi\u00e1ly, pokro\u010dilou technologii a precizn\u00ed \u0159emesln\u00e9 zpracov\u00e1n\u00ed. S \u010depel\u00ed z MagnaCut oceli, titanovou rukojet\u00ed a unik\u00e1tn\u00edmi karbonov\u00fdmi stupnicemi je tento n\u016f\u017e nejen praktick\u00fdm n\u00e1strojem, ale i skvostem pro sb\u011bratele. Limit\u00e9 \u010d\u00edslo 500 kus\u016f po cel\u00e9m sv\u011bt\u011b z n\u011bj \u010din\u00ed vysoce cen\u011bn\u00fd a \u017e\u00e1douc\u00ed kousek mezi milovn\u00edky no\u017e\u016f.<\/p>\n<\/div>\n<\/div>\n<\/div>\n<\/div>\n<div class=\"mb-2 flex gap-3 empty:hidden -ml-2\">\n<div class=\"items-center justify-start rounded-xl p-1 flex\">\n<div class=\"flex items-center\"><\/div>\n<\/div>\n<\/div>\n<p>&nbsp;<\/p>\n<p>&nbsp;<\/p>\n<p>&nbsp;<\/p>\n","protected":false},"excerpt":{"rendered":"<div class=\"flex max-w-full flex-col flex-grow\">\n<div class=\"min-h-8 text-message flex w-full flex-col items-end gap-2 whitespace-normal break-words [.text-message+&amp;]:mt-5\" dir=\"auto\" data-message-author-role=\"assistant\" data-message-id=\"1c34d480-77a4-4ac1-82e3-040c3286e3b5\" data-message-model-slug=\"gpt-4o-mini\">\n<div class=\"flex w-full flex-col gap-1 empty:hidden first:pt-[3px]\">\n<div class=\"markdown prose w-full break-words dark:prose-invert light\">\n<p><strong>Zav\u00edrac\u00ed N\u016f\u017e B\u00f6ker Plus Collection 2024 je v\u00fdjime\u010dn\u00fd n\u016f\u017e, kter\u00fd spojuje modern\u00ed materi\u00e1ly, pokro\u010dilou technologii a precizn\u00ed \u0159emesln\u00e9 zpracov\u00e1n\u00ed. S \u010depel\u00ed z MagnaCut oceli, titanovou rukojet\u00ed a unik\u00e1tn\u00edmi karbonov\u00fdmi stupnicemi je tento n\u016f\u017e nejen praktick\u00fdm n\u00e1strojem, ale i skvostem pro sb\u011bratele. Limit\u00e9 \u010d\u00edslo 500 kus\u016f po cel\u00e9m sv\u011bt\u011b z n\u011bj \u010din\u00ed vysoce cen\u011bn\u00fd a \u017e\u00e1douc\u00ed kousek mezi milovn\u00edky no\u017e\u016f.<\/strong><\/p>\n<\/div>\n<\/div>\n<\/div>\n<\/div>\n<div class=\"mb-2 flex gap-3 empty:hidden -ml-2\">\n<div class=\"items-center justify-start rounded-xl p-1 flex\">\n<div class=\"flex items-center\"><strong>Doprava zdarma.<\/strong><\/div>\n<\/div>\n<\/div>\n","protected":false},"featured_media":363802,"comment_status":"open","ping_status":"closed","template":"","meta":[],"pwb-brand":[140],"product_brand":[],"product_cat":[22,17],"product_tag":[],"class_list":{"0":"post-363801","1":"product","2":"type-product","3":"status-publish","4":"has-post-thumbnail","6":"pwb-brand-boker","7":"product_cat-zaviraci-noze","8":"product_cat-noze","10":"first","11":"outofstock","12":"taxable","13":"shipping-taxable","14":"purchasable","15":"product-type-simple"},"brands":[{"id":140,"name":"Boker","slug":"boker"}],"_links":{"self":[{"href":"https:\/\/www.moskito.cz\/pl\/wp-json\/wp\/v2\/product\/363801","targetHints":{"allow":["GET"]}}],"collection":[{"href":"https:\/\/www.moskito.cz\/pl\/wp-json\/wp\/v2\/product"}],"about":[{"href":"https:\/\/www.moskito.cz\/pl\/wp-json\/wp\/v2\/types\/product"}],"replies":[{"embeddable":true,"href":"https:\/\/www.moskito.cz\/pl\/wp-json\/wp\/v2\/comments?post=363801"}],"wp:featuredmedia":[{"embeddable":true,"href":"https:\/\/www.moskito.cz\/pl\/wp-json\/wp\/v2\/media\/363802"}],"wp:attachment":[{"href":"https:\/\/www.moskito.cz\/pl\/wp-json\/wp\/v2\/media?parent=363801"}],"wp:term":[{"taxonomy":"pwb-brand","embeddable":true,"href":"https:\/\/www.moskito.cz\/pl\/wp-json\/wp\/v2\/pwb-brand?post=363801"},{"taxonomy":"product_brand","embeddable":true,"href":"https:\/\/www.moskito.cz\/pl\/wp-json\/wp\/v2\/product_brand?post=363801"},{"taxonomy":"product_cat","embeddable":true,"href":"https:\/\/www.moskito.cz\/pl\/wp-json\/wp\/v2\/product_cat?post=363801"},{"taxonomy":"product_tag","embeddable":true,"href":"https:\/\/www.moskito.cz\/pl\/wp-json\/wp\/v2\/product_tag?post=363801"}],"curies":[{"name":"wp","href":"https:\/\/api.w.org\/{rel}","templated":true}]}}