{"id":365142,"date":"2024-10-22T17:03:47","date_gmt":"2024-10-22T16:50:20","guid":{"rendered":"https:\/\/www.moskito.cz\/produkt\/noz-strzelecki-microtech-cypher-ii-stonewashed-1242-10\/"},"modified":"2025-05-07T11:25:48","modified_gmt":"2025-05-07T10:25:48","slug":"noz-strzelecki-microtech-cypher-ii-stonewashed-1242-10","status":"publish","type":"product","link":"https:\/\/www.moskito.cz\/pl\/produkt\/noz-strzelecki-microtech-cypher-ii-stonewashed-1242-10\/","title":{"rendered":"N\u00f3\u017c strzelecki Microtech Cypher II Stonewashed 1242-10"},"content":{"rendered":"<p>N\u00f3\u017c strzelecki <strong>Microtech<\/strong> Cypher II Stonewashed 1242-10.<\/p>\n<p><strong>Cypher<\/strong> zosta\u0142 ulepszony, starannie przeprojektowany na now\u0105 er\u0119 nowoczesnych no\u017cy. Innowacyjny nap\u0119d dwupaliwowy zapewnia kontrol\u0119 bez wysi\u0142ku i zapewnia p\u0142ynniejsz\u0105 jazd\u0119 ni\u017c kiedykolwiek wcze\u015bniej. Przemy\u015blane detale podnosz\u0105 zar\u00f3wno estetyk\u0119, jak i funkcjonalno\u015b\u0107. Stylowe kraw\u0119dzie obudowy dodaj\u0105 wyrafinowania i zapewniaj\u0105 lepsz\u0105 przyczepno\u015b\u0107. Klips kieszonkowy 6AL4V z ceramicznym ogranicznikiem zapewnia bezpieczne i wygodne noszenie. Bez\u015brubowy korpus, zintegrowany zbijak do szk\u0142a i unowocze\u015bniony projekt kieszeni na guziki dodaj\u0105 op\u0142ywowego wygl\u0105du i zwi\u0119kszaj\u0105 praktyczno\u015b\u0107.<\/p>\n<p>Dane techniczne:<br \/>\n D\u0142ugo\u015b\u0107 ca\u0142kowita: 21,6 cm<br \/>\n D\u0142ugo\u015b\u0107 po zamkni\u0119ciu: 12,6 cm<br \/>\n D\u0142ugo\u015b\u0107 ostrza: 90 cm<br \/>\n Obr\u00f3bka powierzchni ostrza: Stonewashed<br \/>\n Styl obramowania: zwyk\u0142y<br \/>\n Materia\u0142 r\u0119koje\u015bci: czarne aluminium<br \/>\n Kieszonkowy klips:<br \/>\n Producent nr ref. #: 1242-10<br \/>\n Kraj pochodzenia: USA https:\/\/youtu.be\/xE9TeOFYEjg <\/p>\n<p>&nbsp;<\/p>\n","protected":false},"excerpt":{"rendered":"<p><strong>Przez lata Microtech\u00ae Knives wype\u0142nia\u0142 no\u017ce pasj\u0105 i umiej\u0119tno\u015bciami, aby tworzy\u0107 niemal dzie\u0142a sztuki, kt\u00f3re s\u0105 szczytem funkcjonalno\u015bci. Wszystkie cz\u0119\u015bci wyprodukowano w USA.<\/strong><br \/>\n<strong>Wszystkie no\u017ce Microtech obj\u0119te s\u0105 do\u017cywotni\u0105 gwarancj\u0105.<\/strong><\/p>\n<p><strong>Bezp\u0142atny transport.<\/strong><\/p>\n","protected":false},"featured_media":365107,"comment_status":"open","ping_status":"closed","template":"","meta":[],"pwb-brand":[3279],"product_brand":[],"product_cat":[3296,3344],"product_tag":[],"class_list":{"0":"post-365142","1":"product","2":"type-product","3":"status-publish","4":"has-post-thumbnail","6":"pwb-brand-microtech-pl","7":"product_cat-noze-pl","8":"product_cat-noze-strzeleckie","10":"first","11":"outofstock","12":"taxable","13":"shipping-taxable","14":"purchasable","15":"product-type-simple"},"brands":[{"id":3279,"name":"Microtech","slug":"microtech-pl"}],"_links":{"self":[{"href":"https:\/\/www.moskito.cz\/pl\/wp-json\/wp\/v2\/product\/365142","targetHints":{"allow":["GET"]}}],"collection":[{"href":"https:\/\/www.moskito.cz\/pl\/wp-json\/wp\/v2\/product"}],"about":[{"href":"https:\/\/www.moskito.cz\/pl\/wp-json\/wp\/v2\/types\/product"}],"replies":[{"embeddable":true,"href":"https:\/\/www.moskito.cz\/pl\/wp-json\/wp\/v2\/comments?post=365142"}],"wp:featuredmedia":[{"embeddable":true,"href":"https:\/\/www.moskito.cz\/pl\/wp-json\/wp\/v2\/media\/365107"}],"wp:attachment":[{"href":"https:\/\/www.moskito.cz\/pl\/wp-json\/wp\/v2\/media?parent=365142"}],"wp:term":[{"taxonomy":"pwb-brand","embeddable":true,"href":"https:\/\/www.moskito.cz\/pl\/wp-json\/wp\/v2\/pwb-brand?post=365142"},{"taxonomy":"product_brand","embeddable":true,"href":"https:\/\/www.moskito.cz\/pl\/wp-json\/wp\/v2\/product_brand?post=365142"},{"taxonomy":"product_cat","embeddable":true,"href":"https:\/\/www.moskito.cz\/pl\/wp-json\/wp\/v2\/product_cat?post=365142"},{"taxonomy":"product_tag","embeddable":true,"href":"https:\/\/www.moskito.cz\/pl\/wp-json\/wp\/v2\/product_tag?post=365142"}],"curies":[{"name":"wp","href":"https:\/\/api.w.org\/{rel}","templated":true}]}}