{"id":365233,"date":"2024-10-22T18:22:46","date_gmt":"2024-10-22T17:24:00","guid":{"rendered":"https:\/\/www.moskito.cz\/produkt\/noz-strzelecki-microtech-ultratech-navy-stonewash-122-10na\/"},"modified":"2025-05-07T11:25:50","modified_gmt":"2025-05-07T10:25:50","slug":"noz-strzelecki-microtech-ultratech-navy-stonewash-122-10na","status":"publish","type":"product","link":"https:\/\/www.moskito.cz\/pl\/produkt\/noz-strzelecki-microtech-ultratech-navy-stonewash-122-10na\/","title":{"rendered":"N\u00f3\u017c strzelecki Microtech Ultratech Navy Stonewash 122-10NA"},"content":{"rendered":"<p>N\u00f3\u017c strzelecki <strong>Microtech<\/strong> Ultratech Navy Stonewash 122-10NA. Przedstawiamy <strong>Microtech Ultratech<\/strong> , pionierski automatyczny n\u00f3\u017c OTF (przedni), kt\u00f3ry ustanowi\u0142 standard p\u0142ynnej i niezawodnej pracy. Dzi\u0119ki ca\u0142kowitej d\u0142ugo\u015bci 8,5 cala ten wyj\u0105tkowy n\u00f3\u017c zosta\u0142 zaprojektowany, aby przekroczy\u0107 Twoje oczekiwania. Ultratech posiada imponuj\u0105ce 3,4-calowe ostrze sztyletu z wyko\u0144czeniem Stonewash. Ostrze wykonane jest z wysokiej jako\u015bci stali (stal mo\u017ce si\u0119 r\u00f3\u017cni\u0107) i zapewnia wyj\u0105tkow\u0105 wydajno\u015b\u0107 ci\u0119cia i trwa\u0142o\u015b\u0107. Niezale\u017cnie od tego, czy zajmujesz si\u0119 codziennymi zadaniami, czy bardziej wymagaj\u0105cymi potrzebami w zakresie ci\u0119cia, Ultratech sprosta wyzwaniu. 5-calowa r\u0119koje\u015b\u0107 Ultratech wykonana jest z anodyzowanego na czarno aluminium 6061-T6 i zapewnia wygodny i ergonomiczny chwyt. Piaskowany klips kieszeniowy umo\u017cliwia wygodne noszenie z odchyleniem w d\u00f3\u0142, lew\u0105 lub praw\u0105 r\u0119k\u0105, co zapewnia \u0142atwy dost\u0119p. R\u0119koje\u015b\u0107 posiada r\u00f3wnie\u017c element do t\u0142uczenia szk\u0142a i okucia ze stali nierdzewnej, co zapewnia dodatkow\u0105 funkcjonalno\u015b\u0107 i trwa\u0142o\u015b\u0107. <strong>Ultratech<\/strong> posiada suwak kciuka o podw\u00f3jnym dzia\u0142aniu i zapewnia b\u0142yskawiczne automatyczne rozk\u0142adanie i chowanie. Mechanizm OTF zapewnia p\u0142ynn\u0105 prac\u0119, dzi\u0119ki czemu jest niezawodnym narz\u0119dziem w sytuacjach krytycznych. Jego smuk\u0142a konstrukcja sprawia, \u017ce \u200b\u200bjest to idealny n\u00f3\u017c do noszenia na co dzie\u0144, kt\u00f3ry bez trudu mie\u015bci si\u0119 w kieszeni lub sprz\u0119cie. Wa\u017c\u0105cy zaledwie 3,6 uncji Ultratech zapewnia idealn\u0105 r\u00f3wnowag\u0119 pomi\u0119dzy wytrzyma\u0142o\u015bci\u0105 i przeno\u015bno\u015bci\u0105. Zmontowany w USA z niezwyk\u0142\u0105 dba\u0142o\u015bci\u0105 o szczeg\u00f3\u0142y, n\u00f3\u017c ten pokazuje zaanga\u017cowanie Microtech w wyj\u0105tkowe rzemios\u0142o i jako\u015b\u0107. Poznaj doskona\u0142o\u015b\u0107 <strong>Microtech Ultratech<\/strong> , pioniera w dziedzinie automatycznych no\u017cy OTF. Dzi\u0119ki wyj\u0105tkowej konstrukcji, doskona\u0142ej wydajno\u015bci i solidnej konstrukcji Ultratech stawia poprzeczk\u0119 wysoko w zakresie niezawodno\u015bci i funkcjonalno\u015bci. Niezale\u017cnie od tego, czy jeste\u015b kolekcjonerem, hobbyst\u0105 czy profesjonalist\u0105, Ultratech to najlepszy wyb\u00f3r dla Twoich codziennych potrzeb.<\/p>\n<p><strong>Microtech Ultratech<\/strong> to pierwszy w historii automatyczny n\u00f3\u017c OTF (od przodu) wyprodukowany przez firm\u0119 Microtech Knives. Automatyczny mechanizm podw\u00f3jnego dzia\u0142ania, od kt\u00f3rego wszystko si\u0119 zacz\u0119\u0142o, to najp\u0142ynniejszy przedni uk\u0142ad sterowania, jaki kiedykolwiek znajdziesz. Posiada ostrze o d\u0142ugo\u015bci 3,4 cala. Ultratech posiada 5-calow\u0105 r\u0119koje\u015b\u0107 z anodyzowanego aluminium 6061-T6 z klipsem kieszeniowym, od\u0142amkiem szk\u0142a i osprz\u0119tem ze stali nierdzewnej. Prze\u0142\u0105cznik suwakowy o podw\u00f3jnym dzia\u0142aniu umo\u017cliwia szybkie automatyczne rozk\u0142adanie i zwijanie, gdy jest to potrzebne. Smuk\u0142a konstrukcja no\u017ca Ultra czyni go idealnym no\u017cem EDC. D\u0142ugo\u015b\u0107 ca\u0142kowita: 21 cm<br \/>\n Ostrze: 8,65 cm M390, Sztylet, Stonewash<br \/>\n R\u0119koje\u015b\u0107: 5&#8243; aluminium 6061-T6, granatowa<br \/>\n Waga: 3,6 uncji<br \/>\n Kieszonkowy klips: przechylony w d\u00f3\u0142, do noszenia w lewo\/prawo<br \/>\n Otwieracz: suwak kciukowy<br \/>\n Typ: OTF (prz\u00f3d) Automatyczny, podw\u00f3jne dzia\u0142anie<br \/>\n Wyprodukowano w USA<br \/>\n Model: 122-10NA https:\/\/youtu.be\/xE9TeOFYEjg   <\/p>\n<p>&nbsp;<\/p>\n<p>&nbsp;<\/p>\n","protected":false},"excerpt":{"rendered":"<p><strong>Przez lata Microtech\u00ae Knives wype\u0142nia\u0142 no\u017ce pasj\u0105 i umiej\u0119tno\u015bciami, aby tworzy\u0107 niemal dzie\u0142a sztuki, kt\u00f3re s\u0105 szczytem funkcjonalno\u015bci. Wszystkie cz\u0119\u015bci wyprodukowano w USA.<\/strong><br \/>\n<strong>Wszystkie no\u017ce Microtech obj\u0119te s\u0105 do\u017cywotni\u0105 gwarancj\u0105.<\/strong><\/p>\n<p><strong>Bezp\u0142atny transport.<\/strong><\/p>\n","protected":false},"featured_media":365212,"comment_status":"open","ping_status":"closed","template":"","meta":[],"pwb-brand":[3279],"product_brand":[],"product_cat":[3296,3344],"product_tag":[],"class_list":{"0":"post-365233","1":"product","2":"type-product","3":"status-publish","4":"has-post-thumbnail","6":"pwb-brand-microtech-pl","7":"product_cat-noze-pl","8":"product_cat-noze-strzeleckie","10":"first","11":"outofstock","12":"taxable","13":"shipping-taxable","14":"purchasable","15":"product-type-simple"},"brands":[{"id":3279,"name":"Microtech","slug":"microtech-pl"}],"_links":{"self":[{"href":"https:\/\/www.moskito.cz\/pl\/wp-json\/wp\/v2\/product\/365233","targetHints":{"allow":["GET"]}}],"collection":[{"href":"https:\/\/www.moskito.cz\/pl\/wp-json\/wp\/v2\/product"}],"about":[{"href":"https:\/\/www.moskito.cz\/pl\/wp-json\/wp\/v2\/types\/product"}],"replies":[{"embeddable":true,"href":"https:\/\/www.moskito.cz\/pl\/wp-json\/wp\/v2\/comments?post=365233"}],"wp:featuredmedia":[{"embeddable":true,"href":"https:\/\/www.moskito.cz\/pl\/wp-json\/wp\/v2\/media\/365212"}],"wp:attachment":[{"href":"https:\/\/www.moskito.cz\/pl\/wp-json\/wp\/v2\/media?parent=365233"}],"wp:term":[{"taxonomy":"pwb-brand","embeddable":true,"href":"https:\/\/www.moskito.cz\/pl\/wp-json\/wp\/v2\/pwb-brand?post=365233"},{"taxonomy":"product_brand","embeddable":true,"href":"https:\/\/www.moskito.cz\/pl\/wp-json\/wp\/v2\/product_brand?post=365233"},{"taxonomy":"product_cat","embeddable":true,"href":"https:\/\/www.moskito.cz\/pl\/wp-json\/wp\/v2\/product_cat?post=365233"},{"taxonomy":"product_tag","embeddable":true,"href":"https:\/\/www.moskito.cz\/pl\/wp-json\/wp\/v2\/product_tag?post=365233"}],"curies":[{"name":"wp","href":"https:\/\/api.w.org\/{rel}","templated":true}]}}