{"id":365880,"date":"2024-10-24T20:31:29","date_gmt":"2024-10-24T19:34:00","guid":{"rendered":"https:\/\/www.moskito.cz\/produkt\/noz-zamykajacy-microtech-amphibian-stonewashed-137rl-10frgtod\/"},"modified":"2025-05-07T11:25:55","modified_gmt":"2025-05-07T10:25:55","slug":"noz-zamykajacy-microtech-amphibian-stonewashed-137rl-10frgtod","status":"publish","type":"product","link":"https:\/\/www.moskito.cz\/pl\/produkt\/noz-zamykajacy-microtech-amphibian-stonewashed-137rl-10frgtod\/","title":{"rendered":"N\u00f3\u017c zamykaj\u0105cy Microtech Amphibian Stonewashed 137RL-10FRGTOD"},"content":{"rendered":"<p>N\u00f3\u017c zamykaj\u0105cy <strong>Microtech<\/strong> Amphibian Stonewashed 137RL-10FRGTOD. Amphibian to prawdziwy klasyk Marfione, kt\u00f3rego historia si\u0119ga ponad 20 lat.<\/p>\n<p> Pochodz\u0105 z dawnych czas\u00f3w, kiedy no\u017ce Microtech mog\u0142y by\u0107 zar\u00f3wno automatyczne, jak i r\u0119czne&#8230; w jednym. Mamy tu wersj\u0119 r\u0119czn\u0105, zawieraj\u0105c\u0105 autorsk\u0105 konstrukcj\u0119 RAM-LOK Tony&#8217;ego z obur\u0119cznym klipsem do kieszeni i dwoma ko\u0142kami na kciuk, tworz\u0105c w pe\u0142ni obur\u0119czny n\u00f3\u017c, kt\u00f3ry nie po\u015bwi\u0119ca niczego. Posiada opatentowane ostrze ze stali Bohler M390 MK, dost\u0119pne wy\u0142\u0105cznie w Microtech Knives. N\u00f3\u017c pod wzgl\u0119dem wielko\u015bci przypomina wydanie MSI Microtech Standard, jednak stylistyk\u0105 nie ma por\u00f3wnania. Amphibian to jeden z najfajniejszych projekt\u00f3w no\u017cy taktycznych wszech czas\u00f3w i cieszymy si\u0119, \u017ce powr\u00f3ci\u0142 i jest dost\u0119pny dla mas!<\/p>\n<p>Dane techniczne:<br \/>\n D\u0142ugo\u015b\u0107 ostrza: 9,67 cm<br \/>\n D\u0142ugo\u015b\u0107 ca\u0142kowita: 23,12 cm<br \/>\n Stal ostrza: stal nierdzewna Bohler M390MK<br \/>\n Styl ostrza: Clip Point<br \/>\n Szlifowanie ostrzy: puste<br \/>\n Obr\u00f3bka powierzchni ostrza: Stonewash<br \/>\n Materia\u0142 r\u0119koje\u015bci: OD Green Frag G10<br \/>\n Mechanizm blokuj\u0105cy: RAM-LOK<br \/>\n Kieszonkowy klips: tytan (sk\u0142adany, noszony po lewej\/prawej stronie)<br \/>\n Waga: 5,93 uncji<br \/>\n Projektant: Tony Marfione<br \/>\n Wyprodukowano w USA https:\/\/youtu.be\/xE9TeOFYEjg<\/p>\n<p>&nbsp;<\/p>\n","protected":false},"excerpt":{"rendered":"<p><strong>Przez lata Microtech\u00ae Knives wype\u0142nia\u0142 no\u017ce pasj\u0105 i umiej\u0119tno\u015bciami, aby tworzy\u0107 niemal dzie\u0142a sztuki, kt\u00f3re s\u0105 szczytem funkcjonalno\u015bci. Wszystkie cz\u0119\u015bci wyprodukowano w USA.<\/strong><br \/>\n<strong>Wszystkie no\u017ce Microtech obj\u0119te s\u0105 do\u017cywotni\u0105 gwarancj\u0105.<\/strong><\/p>\n<p><strong>Bezp\u0142atny transport.<\/strong><\/p>\n","protected":false},"featured_media":365834,"comment_status":"open","ping_status":"closed","template":"","meta":[],"pwb-brand":[3279],"product_brand":[],"product_cat":[3307,3296],"product_tag":[],"class_list":{"0":"post-365880","1":"product","2":"type-product","3":"status-publish","4":"has-post-thumbnail","6":"pwb-brand-microtech-pl","7":"product_cat-zamykanie-nozy","8":"product_cat-noze-pl","10":"first","11":"instock","12":"taxable","13":"shipping-taxable","14":"purchasable","15":"product-type-simple"},"brands":[{"id":3279,"name":"Microtech","slug":"microtech-pl"}],"_links":{"self":[{"href":"https:\/\/www.moskito.cz\/pl\/wp-json\/wp\/v2\/product\/365880","targetHints":{"allow":["GET"]}}],"collection":[{"href":"https:\/\/www.moskito.cz\/pl\/wp-json\/wp\/v2\/product"}],"about":[{"href":"https:\/\/www.moskito.cz\/pl\/wp-json\/wp\/v2\/types\/product"}],"replies":[{"embeddable":true,"href":"https:\/\/www.moskito.cz\/pl\/wp-json\/wp\/v2\/comments?post=365880"}],"wp:featuredmedia":[{"embeddable":true,"href":"https:\/\/www.moskito.cz\/pl\/wp-json\/wp\/v2\/media\/365834"}],"wp:attachment":[{"href":"https:\/\/www.moskito.cz\/pl\/wp-json\/wp\/v2\/media?parent=365880"}],"wp:term":[{"taxonomy":"pwb-brand","embeddable":true,"href":"https:\/\/www.moskito.cz\/pl\/wp-json\/wp\/v2\/pwb-brand?post=365880"},{"taxonomy":"product_brand","embeddable":true,"href":"https:\/\/www.moskito.cz\/pl\/wp-json\/wp\/v2\/product_brand?post=365880"},{"taxonomy":"product_cat","embeddable":true,"href":"https:\/\/www.moskito.cz\/pl\/wp-json\/wp\/v2\/product_cat?post=365880"},{"taxonomy":"product_tag","embeddable":true,"href":"https:\/\/www.moskito.cz\/pl\/wp-json\/wp\/v2\/product_tag?post=365880"}],"curies":[{"name":"wp","href":"https:\/\/api.w.org\/{rel}","templated":true}]}}