{"id":367932,"date":"2024-11-04T16:09:48","date_gmt":"2024-11-04T15:09:48","guid":{"rendered":"https:\/\/www.moskito.cz\/?post_type=product&#038;p=367932"},"modified":"2025-05-07T11:26:02","modified_gmt":"2025-05-07T10:26:02","slug":"pevny-nuz-magnum-bushcraft-drop-02sc339","status":"publish","type":"product","link":"https:\/\/www.moskito.cz\/pl\/produkt\/pevny-nuz-magnum-bushcraft-drop-02sc339\/","title":{"rendered":"Pevn\u00fd N\u016f\u017e  Magnum Bushcraft Drop 02SC339"},"content":{"rendered":"<p>Pevn\u00fd N\u016f\u017e <strong>Magnum<\/strong> Bushcraft Drop 02SC339.<\/p>\n<p>Dobrodru\u017estv\u00ed, ani\u017e by to bylo drah\u00e9: Magnum Bushcraft Drop se vrh\u00e1 p\u0159\u00edmo do kempov\u00e1n\u00ed a bushcraftu jako outdoorov\u00fd n\u016f\u017e za atraktivn\u00ed cenu. Aby byla p\u0159\u00edroda z\u00e1\u017eitkem, je n\u016f\u017e vybaven v\u00fdkonnou \u010depel\u00ed drop point z 440A s m\u00edrn\u00fdm ricassom a odleh\u010denou rukojet\u00ed \u0161upin z olivov\u011b zelen\u00e9 G10. D\u00edky designu full tang, ergonomick\u00e9mu pocitu a v\u00fdrazn\u00e9 ochran\u011b rukou lze bez n\u00e1mahy a bezpe\u010dn\u011b prov\u00e1d\u011bt i obt\u00ed\u017en\u00e9 \u00fakoly, jako je \u0159ez\u00e1n\u00ed men\u0161\u00edch v\u011btv\u00ed nebo \u0159ez\u00e1n\u00ed lan. Tlumen\u00fd outdoorov\u00fd vzhled podtrhuje robustn\u00ed \u010dern\u00e1 stonewash \u00faprava \u010depele a v\u00fdrazn\u00e9 \u0161rouby rukojeti. S o\u010dkem na \u0161\u0148\u016frku, t\u011bsn\u011b padnouc\u00edm pouzdrem z Kydexu a odpov\u00eddaj\u00edc\u00edm adapt\u00e9rem na opasek.<\/p>\n<p>Zna\u010dka: Magnum<br \/>\nCelkov\u00e1 d\u00e9lka: 22,50 cm<br \/>\nD\u00e9lka \u010depele: 10,80 cm<br \/>\nTlou\u0161\u0165ka \u010depele: 3,70 mm<br \/>\nHmotnost: 208,00 g<br \/>\nMateri\u00e1l \u010depele: 440A<br \/>\nMateri\u00e1l rukojeti: G10<br \/>\nBarva: Zelen\u00e1<br \/>\nBarva \u010depele: \u010cern\u00e1<br \/>\nMateri\u00e1l pl\u00e1\u0161t\u011b: Kydex<br \/>\n\u010c\u00edslo polo\u017eky: 02SC339<\/p>\n<p>&nbsp;<\/p>\n","protected":false},"excerpt":{"rendered":"<p><strong>Dobrodru\u017estv\u00ed, ani\u017e by to bylo drah\u00e9: Magnum Bushcraft Drop se vrh\u00e1 p\u0159\u00edmo do kempov\u00e1n\u00ed a bushcraftu jako outdoorov\u00fd n\u016f\u017e za atraktivn\u00ed cenu. Aby byla p\u0159\u00edroda z\u00e1\u017eitkem, je n\u016f\u017e vybaven v\u00fdkonnou \u010depel\u00ed drop point z 440A s m\u00edrn\u00fdm ricassom a odleh\u010denou rukojet\u00ed \u0161upin z olivov\u011b zelen\u00e9 G10.<\/strong><\/p>\n","protected":false},"featured_media":367933,"comment_status":"open","ping_status":"closed","template":"","meta":[],"pwb-brand":[140],"product_brand":[],"product_cat":[23,17],"product_tag":[],"class_list":{"0":"post-367932","1":"product","2":"type-product","3":"status-publish","4":"has-post-thumbnail","6":"pwb-brand-boker","7":"product_cat-pevne-noze","8":"product_cat-noze","10":"first","11":"instock","12":"taxable","13":"shipping-taxable","14":"purchasable","15":"product-type-simple"},"brands":[{"id":140,"name":"Boker","slug":"boker"}],"_links":{"self":[{"href":"https:\/\/www.moskito.cz\/pl\/wp-json\/wp\/v2\/product\/367932","targetHints":{"allow":["GET"]}}],"collection":[{"href":"https:\/\/www.moskito.cz\/pl\/wp-json\/wp\/v2\/product"}],"about":[{"href":"https:\/\/www.moskito.cz\/pl\/wp-json\/wp\/v2\/types\/product"}],"replies":[{"embeddable":true,"href":"https:\/\/www.moskito.cz\/pl\/wp-json\/wp\/v2\/comments?post=367932"}],"wp:featuredmedia":[{"embeddable":true,"href":"https:\/\/www.moskito.cz\/pl\/wp-json\/wp\/v2\/media\/367933"}],"wp:attachment":[{"href":"https:\/\/www.moskito.cz\/pl\/wp-json\/wp\/v2\/media?parent=367932"}],"wp:term":[{"taxonomy":"pwb-brand","embeddable":true,"href":"https:\/\/www.moskito.cz\/pl\/wp-json\/wp\/v2\/pwb-brand?post=367932"},{"taxonomy":"product_brand","embeddable":true,"href":"https:\/\/www.moskito.cz\/pl\/wp-json\/wp\/v2\/product_brand?post=367932"},{"taxonomy":"product_cat","embeddable":true,"href":"https:\/\/www.moskito.cz\/pl\/wp-json\/wp\/v2\/product_cat?post=367932"},{"taxonomy":"product_tag","embeddable":true,"href":"https:\/\/www.moskito.cz\/pl\/wp-json\/wp\/v2\/product_tag?post=367932"}],"curies":[{"name":"wp","href":"https:\/\/api.w.org\/{rel}","templated":true}]}}