{"id":368733,"date":"2024-11-06T10:16:15","date_gmt":"2024-11-06T09:16:15","guid":{"rendered":"https:\/\/www.moskito.cz\/?post_type=product&#038;p=368733"},"modified":"2025-06-28T12:30:39","modified_gmt":"2025-06-28T11:30:39","slug":"pevny-nuz-extrema-ratio-t4000-s-satin-04-1000-0436-sat","status":"publish","type":"product","link":"https:\/\/www.moskito.cz\/pl\/produkt\/pevny-nuz-extrema-ratio-t4000-s-satin-04-1000-0436-sat\/","title":{"rendered":"Pevn\u00fd N\u016f\u017e Extrema Ratio T4000 S SATIN 04.1000.0436\/SAT"},"content":{"rendered":"<p>Pevn\u00fd N\u016f\u017e <strong>Extrema Ratio<\/strong> T4000 S SATIN 04.1000.0436\/SAT<\/p>\n<p>T4000S je p\u0159epracov\u00e1n\u00edm japonsk\u00e9ho kr\u00e1tk\u00e9ho me\u010de Wakizashi, kter\u00fd samuraj nosil neust\u00e1le v kontaktu se sv\u00fdm t\u011blem. Jedn\u00e1 se o nad\u010dasov\u00fd taktick\u00fd n\u00e1stroj, kter\u00fd se ne\u0159\u00edd\u00ed \u017e\u00e1dnou m\u00f3dou, ale v\u011brn\u011b respektuje filozofii Extrema Ratio zam\u011b\u0159enou na napln\u011bn\u00ed v\u0161ech funk\u010dn\u00edch pot\u0159eb.<\/p>\n<p>Tento model navazuje na nej\u010dist\u0161\u00ed s\u00e9rii Extrema Ratio Tanto navr\u017eenou speci\u00e1ln\u011b pro milovn\u00edky profilu japonsk\u00fdch \u010depel\u00ed, kte\u0159\u00ed se necht\u011bj\u00ed vzd\u00e1t typicky taktick\u00fdch dopl\u0148k\u016f, jako je textiln\u00ed pouzdro a speci\u00e1ln\u00ed polymerov\u00e1 rukoje\u0165. \u010cepel je vyrobena z oceli Bohler N690, tepeln\u011b zpracovan\u00e9 na tvrdost 58 HRC. Je k dispozici s le\u0161t\u011bnou (T4000 S Black) nebo sat\u00e9novou (T4000 S Satin) povrchovou \u00fapravou.<\/p>\n<p>Rukoje\u0165 v \u010dern\u00e9 barv\u011b je vyrobena z Forprenu, elastomeru, kter\u00fd d\u00edky sv\u00e9 mimo\u0159\u00e1dn\u00e9 odolnosti v\u016f\u010di extr\u00e9mn\u00edm podm\u00ednk\u00e1m spad\u00e1 do \u201enormy NATO\u201c. Pochva z \u010dern\u00e9 cordury je vybavena syst\u00e9mem MOLLE, kter\u00fd umo\u017e\u0148uje jej\u00ed no\u0161en\u00ed na taktick\u00fdch vest\u00e1ch a b\u011b\u017en\u00fdch opasc\u00edch a zaru\u010duje p\u0159epravu extr\u00e9mn\u011b ostr\u00e9 \u010depele v naprost\u00e9 bezpe\u010dnosti a chr\u00e1n\u00ed ji p\u0159ed n\u00e1razy, kter\u00e9 by mohly sn\u00ed\u017eit jej\u00ed \u00fa\u010dinnost.<\/p>\n<p>HMOTNOST: 264,0 g<br \/>\nD\u00c9LKA \u010cEPELE : 17.4 cm<br \/>\nCELKOV\u00c1 D\u00c9LKA : 30.4 cm<br \/>\nTLOU\u0160\u0164KA \u010cEPELE : 0.40 cm<br \/>\nMATERI\u00c1L \u010cEPELE: B\u00f6HLER N690 STEEL (58HRC)<br \/>\nPOVRCHOV\u00c1 \u00daPRAVA \u010cEPELE: SAT\u00c9N<br \/>\nBROU\u0160EN\u00cd NO\u017dE: PLOCH\u00c1 HRANA<br \/>\nMATERI\u00c1L RUKOJETI: FORPRENE<\/p>\n<p>Ikona Ov\u011b\u0159eno komunitou<\/p>\n","protected":false},"excerpt":{"rendered":"<p><strong>T4000S je p\u0159epracov\u00e1n\u00edm japonsk\u00e9ho kr\u00e1tk\u00e9ho me\u010de Wakizashi, kter\u00fd samuraj nosil neust\u00e1le v kontaktu se sv\u00fdm t\u011blem. Jedn\u00e1 se o nad\u010dasov\u00fd taktick\u00fd n\u00e1stroj, kter\u00fd se ne\u0159\u00edd\u00ed \u017e\u00e1dnou m\u00f3dou, ale v\u011brn\u011b respektuje filozofii Extrema Ratio zam\u011b\u0159enou na napln\u011bn\u00ed v\u0161ech funk\u010dn\u00edch pot\u0159eb.<\/strong><\/p>\n<p><strong>Doprava zdarma.<\/strong><\/p>\n","protected":false},"featured_media":368734,"comment_status":"open","ping_status":"closed","template":"","meta":[],"pwb-brand":[267],"product_brand":[],"product_cat":[23,17],"product_tag":[],"class_list":{"0":"post-368733","1":"product","2":"type-product","3":"status-publish","4":"has-post-thumbnail","6":"pwb-brand-extrema-ratio","7":"product_cat-pevne-noze","8":"product_cat-noze","10":"first","11":"instock","12":"taxable","13":"shipping-taxable","14":"purchasable","15":"product-type-simple"},"brands":[{"id":267,"name":"Extrema Ratio","slug":"extrema-ratio"}],"_links":{"self":[{"href":"https:\/\/www.moskito.cz\/pl\/wp-json\/wp\/v2\/product\/368733","targetHints":{"allow":["GET"]}}],"collection":[{"href":"https:\/\/www.moskito.cz\/pl\/wp-json\/wp\/v2\/product"}],"about":[{"href":"https:\/\/www.moskito.cz\/pl\/wp-json\/wp\/v2\/types\/product"}],"replies":[{"embeddable":true,"href":"https:\/\/www.moskito.cz\/pl\/wp-json\/wp\/v2\/comments?post=368733"}],"wp:featuredmedia":[{"embeddable":true,"href":"https:\/\/www.moskito.cz\/pl\/wp-json\/wp\/v2\/media\/368734"}],"wp:attachment":[{"href":"https:\/\/www.moskito.cz\/pl\/wp-json\/wp\/v2\/media?parent=368733"}],"wp:term":[{"taxonomy":"pwb-brand","embeddable":true,"href":"https:\/\/www.moskito.cz\/pl\/wp-json\/wp\/v2\/pwb-brand?post=368733"},{"taxonomy":"product_brand","embeddable":true,"href":"https:\/\/www.moskito.cz\/pl\/wp-json\/wp\/v2\/product_brand?post=368733"},{"taxonomy":"product_cat","embeddable":true,"href":"https:\/\/www.moskito.cz\/pl\/wp-json\/wp\/v2\/product_cat?post=368733"},{"taxonomy":"product_tag","embeddable":true,"href":"https:\/\/www.moskito.cz\/pl\/wp-json\/wp\/v2\/product_tag?post=368733"}],"curies":[{"name":"wp","href":"https:\/\/api.w.org\/{rel}","templated":true}]}}