{"id":368943,"date":"2024-11-06T11:43:01","date_gmt":"2024-11-06T10:43:01","guid":{"rendered":"https:\/\/www.moskito.cz\/?post_type=product&#038;p=368943"},"modified":"2025-07-01T08:38:37","modified_gmt":"2025-07-01T07:38:37","slug":"pevny-nuz-extrema-ratio-versa-satin-04-1000-0214-sat","status":"publish","type":"product","link":"https:\/\/www.moskito.cz\/pl\/produkt\/pevny-nuz-extrema-ratio-versa-satin-04-1000-0214-sat\/","title":{"rendered":"Pevn\u00fd N\u016f\u017e Extrema Ratio Versa Satin 04.1000.0214\/SAT"},"content":{"rendered":"<p data-start=\"150\" data-end=\"519\"><strong data-start=\"150\" data-end=\"198\">Extrema Ratio Versa Satin (04.1000.0214\/SAT)<\/strong> je kompaktn\u00ed, extr\u00e9mn\u011b odoln\u00fd a stylov\u011b zpracovan\u00fd pevn\u00fd n\u016f\u017e ur\u010den\u00fd pro ka\u017edodenn\u00ed no\u0161en\u00ed (EDC), taktick\u00e9 nasazen\u00ed i jako z\u00e1lo\u017en\u00ed n\u00e1stroj v ter\u00e9nu. Konstrukce z jednoho kusu prvot\u0159\u00eddn\u00ed nerezov\u00e9 oceli B\u00f6hler N690 zaji\u0161\u0165uje maxim\u00e1ln\u00ed pevnost a spolehlivost p\u0159i jak\u00e9mkoli pou\u017eit\u00ed \u2013 od b\u011b\u017en\u00fdch \u00fakon\u016f a\u017e po nouzov\u00e9 situace.<\/p>\n<p data-start=\"521\" data-end=\"995\">D\u00fdkov\u00fd, t\u00e9m\u011b\u0159 pr\u016fmyslov\u011b minimalistick\u00fd design zaujme jak sv\u00fdm funk\u010dn\u00edm pojet\u00edm, tak precizn\u00edmi detaily \u2013 sat\u00e9nov\u011b le\u0161t\u011bn\u00e1 tanto \u010depel se siln\u00fdm hrotem je ide\u00e1ln\u00ed pro propichov\u00e1n\u00ed, zat\u00edmco ploch\u00fd v\u00fdbrus zaji\u0161\u0165uje solidn\u00ed \u0159ezivost. Ocelov\u00e1 skeletonizovan\u00e1 rukoje\u0165 je navr\u017eena tak, aby umo\u017enila individu\u00e1ln\u00ed omot\u00e1n\u00ed paracordem pro v\u011bt\u0161\u00ed komfort nebo maskov\u00e1n\u00ed. N\u016f\u017e je dod\u00e1v\u00e1n s n\u00edzkoprofilov\u00fdm pouzdrem z Kydexu, kter\u00e9 lze nosit na krku, na opasku nebo p\u0159ipevnit k v\u00fdstroji.<\/p>\n<p data-start=\"997\" data-end=\"1144\">Versa Satin tak nab\u00edz\u00ed nekompromisn\u00ed n\u00e1stroj pro profesion\u00e1ly, dobrodruhy i ka\u017edodenn\u00ed u\u017eivatele, kte\u0159\u00ed vy\u017eaduj\u00ed maxim\u00e1ln\u00ed v\u00fdkon v minim\u00e1ln\u00edm t\u011ble.<\/p>\n<hr data-start=\"1146\" data-end=\"1149\" \/>\n<p data-start=\"1151\" data-end=\"1180\">\ud83d\udcd0 <strong data-start=\"1154\" data-end=\"1180\">Technick\u00e9 specifikace:<\/strong><\/p>\n<ul data-start=\"1182\" data-end=\"1866\">\n<li data-start=\"1182\" data-end=\"1209\">\n<p data-start=\"1184\" data-end=\"1209\"><strong data-start=\"1184\" data-end=\"1201\">D\u00e9lka \u010depele:<\/strong> 80 mm<\/p>\n<\/li>\n<li data-start=\"1210\" data-end=\"1239\">\n<p data-start=\"1212\" data-end=\"1239\"><strong data-start=\"1212\" data-end=\"1230\">Celkov\u00e1 d\u00e9lka:<\/strong> 180 mm<\/p>\n<\/li>\n<li data-start=\"1240\" data-end=\"1271\">\n<p data-start=\"1242\" data-end=\"1271\"><strong data-start=\"1242\" data-end=\"1262\">Tlou\u0161\u0165ka \u010depele:<\/strong> 6,3 mm<\/p>\n<\/li>\n<li data-start=\"1272\" data-end=\"1335\">\n<p data-start=\"1274\" data-end=\"1335\"><strong data-start=\"1274\" data-end=\"1305\">Materi\u00e1l \u010depele a rukojeti:<\/strong> B\u00f6hler N690 \u2013 nerezov\u00e1 ocel<\/p>\n<\/li>\n<li data-start=\"1336\" data-end=\"1370\">\n<p data-start=\"1338\" data-end=\"1370\"><strong data-start=\"1338\" data-end=\"1357\">Tvrdost \u010depele:<\/strong> cca 58 HRC<\/p>\n<\/li>\n<li data-start=\"1371\" data-end=\"1455\">\n<p data-start=\"1373\" data-end=\"1455\"><strong data-start=\"1373\" data-end=\"1389\">Tvar \u010depele:<\/strong> Tanto \u2013 siln\u00fd hrot, vhodn\u00fd pro propichov\u00e1n\u00ed a technick\u00e9 pou\u017eit\u00ed<\/p>\n<\/li>\n<li data-start=\"1456\" data-end=\"1490\">\n<p data-start=\"1458\" data-end=\"1490\"><strong data-start=\"1458\" data-end=\"1468\">Ost\u0159\u00ed:<\/strong> Hladk\u00e9 (plain edge)<\/p>\n<\/li>\n<li data-start=\"1491\" data-end=\"1531\">\n<p data-start=\"1493\" data-end=\"1531\"><strong data-start=\"1493\" data-end=\"1502\">Brus:<\/strong> Ploch\u00fd v\u00fdbrus (flat grind)<\/p>\n<\/li>\n<li data-start=\"1532\" data-end=\"1578\">\n<p data-start=\"1534\" data-end=\"1578\"><strong data-start=\"1534\" data-end=\"1562\">Povrchov\u00e1 \u00faprava \u010depele:<\/strong> Sat\u00e9nov\u00fd lesk<\/p>\n<\/li>\n<li data-start=\"1579\" data-end=\"1654\">\n<p data-start=\"1581\" data-end=\"1654\"><strong data-start=\"1581\" data-end=\"1593\">Rukoje\u0165:<\/strong> Skeletonizovan\u00e1 ocelov\u00e1, p\u0159ipraven\u00e1 pro omot\u00e1n\u00ed paracordem<\/p>\n<\/li>\n<li data-start=\"1655\" data-end=\"1720\">\n<p data-start=\"1657\" data-end=\"1720\"><strong data-start=\"1657\" data-end=\"1669\">Pouzdro:<\/strong> Kydex \u2013 v\u00edcepolohov\u00e9 no\u0161en\u00ed (krk, MOLLE, opasek)<\/p>\n<\/li>\n<li data-start=\"1721\" data-end=\"1752\">\n<p data-start=\"1723\" data-end=\"1752\"><strong data-start=\"1723\" data-end=\"1736\">Hmotnost:<\/strong> cca 110\u2013115 g<\/p>\n<\/li>\n<li data-start=\"1753\" data-end=\"1797\">\n<p data-start=\"1755\" data-end=\"1797\"><strong data-start=\"1755\" data-end=\"1765\">Z\u00e1mek:<\/strong> N\/A \u2013 pevn\u00e1 \u010depel (full-tang)<\/p>\n<\/li>\n<li data-start=\"1798\" data-end=\"1825\">\n<p data-start=\"1800\" data-end=\"1825\"><strong data-start=\"1800\" data-end=\"1816\">Zem\u011b v\u00fdroby:<\/strong> It\u00e1lie<\/p>\n<\/li>\n<li data-start=\"1826\" data-end=\"1866\">\n<p data-start=\"1828\" data-end=\"1866\"><strong data-start=\"1828\" data-end=\"1850\">Zna\u010dka a design\u00e9r:<\/strong> Extrema Ratio<\/p>\n<\/li>\n<\/ul>\n<hr data-start=\"1868\" data-end=\"1871\" \/>\n<p data-start=\"1873\" data-end=\"1894\">\ud83d\udfe2 <strong data-start=\"1876\" data-end=\"1894\">Hlavn\u00ed v\u00fdhody:<\/strong><\/p>\n<p data-start=\"1896\" data-end=\"2423\">\u2705 Celokovov\u00e1 konstrukce z jednoho kusu \u2013 maxim\u00e1ln\u00ed pevnost bez slab\u00fdch m\u00edst<br data-start=\"1971\" data-end=\"1974\" \/>\u2705 B\u00f6hler N690 \u2013 \u0161pi\u010dkov\u00e1 nerezov\u00e1 ocel s v\u00fdbornou v\u00fddr\u017e\u00ed ost\u0159\u00ed<br data-start=\"2036\" data-end=\"2039\" \/>\u2705 Tanto tvar \u2013 v\u00fdborn\u00fd na propichov\u00e1n\u00ed, odoln\u00fd proti po\u0161kozen\u00ed \u0161pi\u010dky<br data-start=\"2108\" data-end=\"2111\" \/>\u2705 Sat\u00e9nov\u00fd povrch \u2013 elegantn\u00ed, ale z\u00e1rove\u0148 praktick\u00fd a snadno \u010distiteln\u00fd<br data-start=\"2183\" data-end=\"2186\" \/>\u2705 Kydex pouzdro \u2013 kompaktn\u00ed, lehk\u00e9 a variabiln\u00ed pro r\u016fzn\u00e9 zp\u016fsoby no\u0161en\u00ed<br data-start=\"2258\" data-end=\"2261\" \/>\u2705 N\u00edzk\u00e1 hmotnost a ploch\u00fd profil \u2013 ide\u00e1ln\u00ed jako neck knife nebo skryt\u00fd z\u00e1lo\u017en\u00ed n\u00e1stroj<br data-start=\"2347\" data-end=\"2350\" \/>\u2705 Mo\u017enost p\u0159izp\u016fsoben\u00ed rukojeti omotem \u2013 paracord zlep\u0161\u00ed \u00fachop i estetiku<\/p>\n<hr data-start=\"2425\" data-end=\"2428\" \/>\n<p data-start=\"2430\" data-end=\"2452\">\ud83d\udd34 <strong data-start=\"2433\" data-end=\"2452\">Mo\u017en\u00e9 nev\u00fdhody:<\/strong><\/p>\n<p data-start=\"2454\" data-end=\"2754\">\u26a0\ufe0f Skeletonizovan\u00e1 rukoje\u0165 nemus\u00ed vyhovovat p\u0159i del\u0161\u00edm pou\u017e\u00edv\u00e1n\u00ed bez omot\u00e1n\u00ed<br data-start=\"2530\" data-end=\"2533\" \/>\u26a0\ufe0f Tlou\u0161\u0165ka \u010depele (6,3 mm) je v\u00fdborn\u00e1 pro pevnost, ale m\u00e9n\u011b vhodn\u00e1 pro jemn\u00e9 \u0159ezy<br data-start=\"2615\" data-end=\"2618\" \/>\u26a0\ufe0f Absence ergonomick\u00e9ho tvarov\u00e1n\u00ed \u2013 m\u016f\u017ee vy\u017eadovat \u00fapravu pro pohodl\u00ed<br data-start=\"2688\" data-end=\"2691\" \/>\u26a0\ufe0f Sat\u00e9nov\u00e1 \u00faprava se sn\u00e1ze po\u0161kr\u00e1be ne\u017e matn\u00e9 nebo DLC povrchy<\/p>\n<hr data-start=\"2756\" data-end=\"2759\" \/>\n<p data-start=\"2761\" data-end=\"2783\">\ud83d\udee0\ufe0f <strong data-start=\"2765\" data-end=\"2783\">\u00dadr\u017eba a p\u00e9\u010de:<\/strong><\/p>\n<p data-start=\"2785\" data-end=\"2996\"><strong data-start=\"2785\" data-end=\"2809\">\u010cepel (B\u00f6hler N690):<\/strong><br data-start=\"2809\" data-end=\"2812\" \/>\u2013 Odoln\u00e1 v\u016f\u010di korozi i opot\u0159eben\u00ed<br data-start=\"2845\" data-end=\"2848\" \/>\u2013 Doporu\u010deno po pou\u017eit\u00ed ot\u0159\u00edt do sucha a \u010das od \u010dasu o\u0161et\u0159it ochrann\u00fdm olejem<br data-start=\"2925\" data-end=\"2928\" \/>\u2013 Brou\u0161en\u00ed mo\u017en\u00e9 na standardn\u00edch vodn\u00edch nebo keramick\u00fdch kamenech<\/p>\n<p data-start=\"2998\" data-end=\"3138\"><strong data-start=\"2998\" data-end=\"3010\">Rukoje\u0165:<\/strong><br data-start=\"3010\" data-end=\"3013\" \/>\u2013 Lze ponechat \u201eholou\u201c nebo doplnit paracordem pro lep\u0161\u00ed \u00fachop a komfort<br data-start=\"3085\" data-end=\"3088\" \/>\u2013 Jednoduch\u00e9 \u010di\u0161t\u011bn\u00ed \u2013 tepl\u00e1 voda a m\u011bkk\u00fd kart\u00e1\u010dek<\/p>\n<p data-start=\"3140\" data-end=\"3277\"><strong data-start=\"3140\" data-end=\"3160\">Pouzdro (Kydex):<\/strong><br data-start=\"3160\" data-end=\"3163\" \/>\u2013 Odoln\u00e9 v\u016f\u010di vod\u011b, n\u00e1raz\u016fm i teplu<br data-start=\"3198\" data-end=\"3201\" \/>\u2013 Vhodn\u00e9 pravideln\u00e9 \u010di\u0161t\u011bn\u00ed od prachu, mo\u017enost \u00fapravy uchycen\u00ed podle pot\u0159eby<\/p>\n<hr data-start=\"3279\" data-end=\"3282\" \/>\n<p data-start=\"3284\" data-end=\"3309\">\u2764\ufe0f <strong data-start=\"3287\" data-end=\"3309\">Pro\u010d si ho obl\u00edb\u00ed\u0161<\/strong><\/p>\n<p data-start=\"3311\" data-end=\"3674\">Versa Satin je n\u00e1stroj, kter\u00fd t\u011b nikdy nenech\u00e1 na holi\u010dk\u00e1ch \u2013 jednoduch\u00fd, ale extr\u00e9mn\u011b spolehliv\u00fd. Je ide\u00e1ln\u00ed volbou pro ty, kdo cht\u011bj\u00ed n\u016f\u017e, kter\u00fd bez \u0159e\u010d\u00ed zvl\u00e1dne ka\u017edodenn\u00ed \u00fakoly, ale v p\u0159\u00edpad\u011b nouze nebo tvrd\u00e9 pr\u00e1ce se prom\u011bn\u00ed v nekompromisn\u00ed taktick\u00fd n\u00e1stroj. D\u00edky ploch\u00e9mu profilu a lehk\u00e9 konstrukci si ho ani nev\u0161imne\u0161 \u2013 dokud ho nebude\u0161 opravdu pot\u0159ebovat.<\/p>\n<hr data-start=\"3676\" data-end=\"3679\" \/>\n<p data-start=\"3681\" data-end=\"3706\">\u2705 <strong data-start=\"3683\" data-end=\"3706\">Z\u00e1v\u011bre\u010dn\u00e9 hodnocen\u00ed<\/strong><\/p>\n<p data-start=\"3708\" data-end=\"4098\"><strong data-start=\"3708\" data-end=\"3737\">Extrema Ratio Versa Satin<\/strong> je kompaktn\u00ed a vysoce funk\u010dn\u00ed pevn\u00fd n\u016f\u017e, kter\u00fd d\u00edky full-tang konstrukci z prvot\u0159\u00eddn\u00ed oceli N690 nab\u00edz\u00ed nekompromisn\u00ed odolnost a v\u00fdkon. Vhodn\u00fd jako z\u00e1lo\u017en\u00ed n\u016f\u017e pro profesion\u00e1ly, EDC n\u00e1stroj pro civiln\u00ed pou\u017eit\u00ed nebo taktick\u00fd dopln\u011bk v ter\u00e9nu. Pokud hled\u00e1\u0161 n\u016f\u017e, kter\u00fd p\u0159e\u017eije t\u00e9m\u011b\u0159 cokoli a p\u0159itom t\u011b nebude omezovat svou velikost\u00ed, Versa Satin je spr\u00e1vn\u00e1 volba.<\/p>\n<hr data-start=\"4100\" data-end=\"4103\" \/>\n","protected":false},"excerpt":{"rendered":"<p><strong>Versa Satin je n\u00e1stroj, kter\u00fd t\u011b nikdy nenech\u00e1 na holi\u010dk\u00e1ch \u2013 jednoduch\u00fd, ale extr\u00e9mn\u011b spolehliv\u00fd. Je ide\u00e1ln\u00ed volbou pro ty, kdo cht\u011bj\u00ed n\u016f\u017e, kter\u00fd bez \u0159e\u010d\u00ed zvl\u00e1dne ka\u017edodenn\u00ed \u00fakoly, ale v p\u0159\u00edpad\u011b nouze nebo tvrd\u00e9 pr\u00e1ce se prom\u011bn\u00ed v nekompromisn\u00ed taktick\u00fd n\u00e1stroj. D\u00edky ploch\u00e9mu profilu a lehk\u00e9 konstrukci si ho ani nev\u0161imne\u0161 \u2013 dokud ho nebude\u0161 opravdu pot\u0159ebovat.<\/strong><\/p>\n<p><strong>Doprava zdarma.<\/strong><\/p>\n","protected":false},"featured_media":368944,"comment_status":"open","ping_status":"closed","template":"","meta":[],"pwb-brand":[267],"product_brand":[],"product_cat":[23,17],"product_tag":[],"class_list":{"0":"post-368943","1":"product","2":"type-product","3":"status-publish","4":"has-post-thumbnail","6":"pwb-brand-extrema-ratio","7":"product_cat-pevne-noze","8":"product_cat-noze","10":"first","11":"instock","12":"taxable","13":"shipping-taxable","14":"purchasable","15":"product-type-simple"},"brands":[{"id":267,"name":"Extrema Ratio","slug":"extrema-ratio"}],"_links":{"self":[{"href":"https:\/\/www.moskito.cz\/pl\/wp-json\/wp\/v2\/product\/368943","targetHints":{"allow":["GET"]}}],"collection":[{"href":"https:\/\/www.moskito.cz\/pl\/wp-json\/wp\/v2\/product"}],"about":[{"href":"https:\/\/www.moskito.cz\/pl\/wp-json\/wp\/v2\/types\/product"}],"replies":[{"embeddable":true,"href":"https:\/\/www.moskito.cz\/pl\/wp-json\/wp\/v2\/comments?post=368943"}],"wp:featuredmedia":[{"embeddable":true,"href":"https:\/\/www.moskito.cz\/pl\/wp-json\/wp\/v2\/media\/368944"}],"wp:attachment":[{"href":"https:\/\/www.moskito.cz\/pl\/wp-json\/wp\/v2\/media?parent=368943"}],"wp:term":[{"taxonomy":"pwb-brand","embeddable":true,"href":"https:\/\/www.moskito.cz\/pl\/wp-json\/wp\/v2\/pwb-brand?post=368943"},{"taxonomy":"product_brand","embeddable":true,"href":"https:\/\/www.moskito.cz\/pl\/wp-json\/wp\/v2\/product_brand?post=368943"},{"taxonomy":"product_cat","embeddable":true,"href":"https:\/\/www.moskito.cz\/pl\/wp-json\/wp\/v2\/product_cat?post=368943"},{"taxonomy":"product_tag","embeddable":true,"href":"https:\/\/www.moskito.cz\/pl\/wp-json\/wp\/v2\/product_tag?post=368943"}],"curies":[{"name":"wp","href":"https:\/\/api.w.org\/{rel}","templated":true}]}}