{"id":371316,"date":"2024-11-12T23:24:41","date_gmt":"2024-11-12T22:24:41","guid":{"rendered":"https:\/\/www.moskito.cz\/?post_type=product&#038;p=371316"},"modified":"2026-04-05T10:16:24","modified_gmt":"2026-04-05T09:16:24","slug":"zaviraci-nuz-benchmade-adamas-275fe-2","status":"publish","type":"product","link":"https:\/\/www.moskito.cz\/pl\/produkt\/zaviraci-nuz-benchmade-adamas-275fe-2\/","title":{"rendered":"Zav\u00edrac\u00ed N\u016f\u017e Benchmade Adamas 275FE-2"},"content":{"rendered":"<h1 data-start=\"126\" data-end=\"165\">Zav\u00edrac\u00ed n\u016f\u017e Benchmade Adamas 275FE-2<\/h1>\n<p data-start=\"167\" data-end=\"614\">U\u017e p\u0159i prvn\u00edm pohledu na <strong data-start=\"192\" data-end=\"220\">Benchmade Adamas 275FE-2<\/strong> je jasn\u00e9, \u017ee se jedn\u00e1 o n\u016f\u017e stvo\u0159en\u00fd pro ty nejn\u00e1ro\u010dn\u011bj\u0161\u00ed \u00fakoly. Tento model je symbolem robustnosti, spolehlivosti a precizn\u00edho zpracov\u00e1n\u00ed, kter\u00e9 zna\u010dka Benchmade stav\u00ed do centra sv\u00e9 filozofie. Adamas je navr\u017een tak, aby obst\u00e1l v extr\u00e9mn\u00edch podm\u00ednk\u00e1ch, a\u0165 u\u017e jde o taktick\u00e9 nasazen\u00ed, n\u00e1ro\u010dn\u00e9 outdoorov\u00e9 aktivity, nebo ka\u017edodenn\u00ed no\u0161en\u00ed v prost\u0159ed\u00ed, kde jsou spolehlivost a odolnost kl\u00ed\u010dov\u00e9.<\/p>\n<p data-start=\"616\" data-end=\"1174\">Navr\u017een\u00fd renomovan\u00fdm design\u00e9rem <strong data-start=\"648\" data-end=\"666\">Shane Sibertem<\/strong>, Adamas 275FE-2 vych\u00e1z\u00ed z osv\u011bd\u010den\u00e9 \u0159ady Adamas a nab\u00edz\u00ed kombinaci robustn\u00ed konstrukce, pr\u00e9miov\u00fdch materi\u00e1l\u016f a ergonomick\u00e9ho designu. \u010cepel z oceli <strong data-start=\"815\" data-end=\"830\">CPM-CruWear<\/strong> s povrchovou \u00fapravou Tungsten poskytuje maxim\u00e1ln\u00ed odolnost proti opot\u0159eben\u00ed, zachov\u00e1v\u00e1 ostrost po dlouhou dobu a odol\u00e1v\u00e1 korozi i p\u0159i n\u00e1ro\u010dn\u00e9m pou\u017e\u00edv\u00e1n\u00ed. Rukoje\u0165 z <strong data-start=\"995\" data-end=\"1019\">olivov\u011b zelen\u00e9ho G10<\/strong> nab\u00edz\u00ed bezpe\u010dn\u00fd a pevn\u00fd \u00fachop i v mokr\u00fdch nebo kluzk\u00fdch podm\u00ednk\u00e1ch, zat\u00edmco <strong data-start=\"1096\" data-end=\"1110\">AXIS\u00ae Lock<\/strong> mechanismus zaji\u0161\u0165uje rychl\u00e9 a bezpe\u010dn\u00e9 otev\u00edr\u00e1n\u00ed a zav\u00edr\u00e1n\u00ed.<\/p>\n<p data-start=\"1176\" data-end=\"1597\">Adamas 275FE-2 je n\u016f\u017e, kter\u00fd v ruce p\u016fsob\u00ed neochv\u011bjn\u011b. Masivn\u00ed \u010depel, robustn\u00ed konstrukce a promy\u0161len\u00fd ergonomick\u00fd design vytv\u00e1\u0159ej\u00ed n\u00e1stroj, na kter\u00fd se m\u016f\u017ee\u0161 spolehnout v extr\u00e9mn\u00edch podm\u00ednk\u00e1ch. Tento n\u016f\u017e nen\u00ed ur\u010den jen pro p\u0159e\u017eit\u00ed v divo\u010din\u011b \u2013 je to spolehliv\u00fd par\u0165\u00e1k pro profesion\u00e1ly, taktick\u00e9 operace, sb\u011bratele i v\u0161echny, kdo cht\u011bj\u00ed n\u016f\u017e, kter\u00fd spojuje v\u00fdkon, spolehlivost a ikonick\u00fd design americk\u00e9 no\u017e\u00ed\u0159sk\u00e9 v\u00fdroby.<\/p>\n<hr data-start=\"1599\" data-end=\"1602\" \/>\n<h3 data-start=\"1604\" data-end=\"1632\">\ud83d\udd27 Technick\u00e9 specifikace<\/h3>\n<ul data-start=\"1634\" data-end=\"2062\">\n<li data-start=\"1634\" data-end=\"1675\">\n<p data-start=\"1636\" data-end=\"1675\"><strong data-start=\"1636\" data-end=\"1665\">Celkov\u00e1 d\u00e9lka (otev\u0159en\u00fd):<\/strong> 22,6 cm<\/p>\n<\/li>\n<li data-start=\"1676\" data-end=\"1704\">\n<p data-start=\"1678\" data-end=\"1704\"><strong data-start=\"1678\" data-end=\"1695\">D\u00e9lka \u010depele:<\/strong> 9,7 cm<\/p>\n<\/li>\n<li data-start=\"1705\" data-end=\"1742\">\n<p data-start=\"1707\" data-end=\"1742\"><strong data-start=\"1707\" data-end=\"1732\">D\u00e9lka zav\u0159en\u00e9ho no\u017ee:<\/strong> 13,2 cm<\/p>\n<\/li>\n<li data-start=\"1743\" data-end=\"1774\">\n<p data-start=\"1745\" data-end=\"1774\"><strong data-start=\"1745\" data-end=\"1765\">Tlou\u0161\u0165ka \u010depele:<\/strong> 3,6 mm<\/p>\n<\/li>\n<li data-start=\"1775\" data-end=\"1861\">\n<p data-start=\"1777\" data-end=\"1861\"><strong data-start=\"1777\" data-end=\"1797\">Materi\u00e1l \u010depele:<\/strong> CPM-CruWear s povrchovou \u00fapravou Tungsten (tvrdost 63\u201365 HRC)<\/p>\n<\/li>\n<li data-start=\"1862\" data-end=\"1893\">\n<p data-start=\"1864\" data-end=\"1893\"><strong data-start=\"1864\" data-end=\"1880\">Tvar \u010depele:<\/strong> Drop Point<\/p>\n<\/li>\n<li data-start=\"1894\" data-end=\"1939\">\n<p data-start=\"1896\" data-end=\"1939\"><strong data-start=\"1896\" data-end=\"1918\">Materi\u00e1l rukojeti:<\/strong> Olivov\u011b zelen\u00fd G10<\/p>\n<\/li>\n<li data-start=\"1940\" data-end=\"1965\">\n<p data-start=\"1942\" data-end=\"1965\"><strong data-start=\"1942\" data-end=\"1952\">Z\u00e1mek:<\/strong> AXIS\u00ae Lock<\/p>\n<\/li>\n<li data-start=\"1966\" data-end=\"1992\">\n<p data-start=\"1968\" data-end=\"1992\"><strong data-start=\"1968\" data-end=\"1981\">Hmotnost:<\/strong> 182,85 g<\/p>\n<\/li>\n<li data-start=\"1993\" data-end=\"2039\">\n<p data-start=\"1995\" data-end=\"2039\"><strong data-start=\"1995\" data-end=\"2023\">Povrchov\u00e1 \u00faprava \u010depele:<\/strong> \u0160ed\u00e1 Tungsten<\/p>\n<\/li>\n<li data-start=\"2040\" data-end=\"2062\">\n<p data-start=\"2042\" data-end=\"2062\"><strong data-start=\"2042\" data-end=\"2060\">Vyrobeno v USA<\/strong><\/p>\n<\/li>\n<\/ul>\n<hr data-start=\"2064\" data-end=\"2067\" \/>\n<h3 data-start=\"2069\" data-end=\"2088\">\u2705 Hlavn\u00ed v\u00fdhody<\/h3>\n<ul data-start=\"2090\" data-end=\"2546\">\n<li data-start=\"2090\" data-end=\"2183\">\n<p data-start=\"2092\" data-end=\"2183\"><strong data-start=\"2092\" data-end=\"2114\">Extr\u00e9mn\u00ed odolnost:<\/strong> CPM-CruWear ocel nab\u00edz\u00ed vysokou pevnost a dlouhou \u017eivotnost ost\u0159\u00ed.<\/p>\n<\/li>\n<li data-start=\"2184\" data-end=\"2277\">\n<p data-start=\"2186\" data-end=\"2277\"><strong data-start=\"2186\" data-end=\"2208\">Ergonomick\u00fd \u00fachop:<\/strong> G10 rukoje\u0165 zaji\u0161\u0165uje pevn\u00fd a bezpe\u010dn\u00fd \u00fachop i v mokr\u00e9m prost\u0159ed\u00ed.<\/p>\n<\/li>\n<li data-start=\"2278\" data-end=\"2360\">\n<p data-start=\"2280\" data-end=\"2360\"><strong data-start=\"2280\" data-end=\"2305\">Bezpe\u010dn\u00fd mechanismus:<\/strong> AXIS\u00ae Lock umo\u017e\u0148uje spolehliv\u00e9 otev\u00edr\u00e1n\u00ed a zav\u00edr\u00e1n\u00ed.<\/p>\n<\/li>\n<li data-start=\"2361\" data-end=\"2459\">\n<p data-start=\"2363\" data-end=\"2459\"><strong data-start=\"2363\" data-end=\"2387\">Robustn\u00ed konstrukce:<\/strong> N\u016f\u017e obstoj\u00ed v extr\u00e9mn\u00edch podm\u00ednk\u00e1ch a vydr\u017e\u00ed i p\u0159i n\u00e1ro\u010dn\u00e9m nasazen\u00ed.<\/p>\n<\/li>\n<li data-start=\"2460\" data-end=\"2546\">\n<p data-start=\"2462\" data-end=\"2546\"><strong data-start=\"2462\" data-end=\"2486\">Univerz\u00e1ln\u00ed pou\u017eit\u00ed:<\/strong> Vhodn\u00fd pro taktiku, outdoor, p\u0159e\u017eit\u00ed i sb\u011bratelsk\u00e9 \u00fa\u010dely.<\/p>\n<\/li>\n<\/ul>\n<hr data-start=\"2548\" data-end=\"2551\" \/>\n<h3 data-start=\"2553\" data-end=\"2573\">\u26a0\ufe0f Mo\u017en\u00e1 omezen\u00ed<\/h3>\n<ul data-start=\"2575\" data-end=\"2809\">\n<li data-start=\"2575\" data-end=\"2657\">\n<p data-start=\"2577\" data-end=\"2657\"><strong data-start=\"2577\" data-end=\"2596\">Vy\u0161\u0161\u00ed hmotnost:<\/strong> 182,85 g m\u016f\u017ee b\u00fdt pro n\u011bkoho p\u0159i ka\u017edodenn\u00edm no\u0161en\u00ed vy\u0161\u0161\u00ed.<\/p>\n<\/li>\n<li data-start=\"2658\" data-end=\"2728\">\n<p data-start=\"2660\" data-end=\"2728\"><strong data-start=\"2660\" data-end=\"2669\">Cena:<\/strong> Pr\u00e9miov\u00e9 materi\u00e1ly a zpracov\u00e1n\u00ed zvy\u0161uj\u00ed po\u0159izovac\u00ed cenu.<\/p>\n<\/li>\n<li data-start=\"2729\" data-end=\"2809\">\n<p data-start=\"2731\" data-end=\"2809\"><strong data-start=\"2731\" data-end=\"2750\">Robustn\u00ed \u010depel:<\/strong> Pro jemn\u011bj\u0161\u00ed \u00fakony m\u016f\u017ee b\u00fdt masivn\u00ed konstrukce zbyte\u010dn\u00e1.<\/p>\n<\/li>\n<\/ul>\n<hr data-start=\"2811\" data-end=\"2814\" \/>\n<h3 data-start=\"2816\" data-end=\"2837\">\ud83d\udee0\ufe0f \u00dadr\u017eba a p\u00e9\u010de<\/h3>\n<ul data-start=\"2839\" data-end=\"3094\">\n<li data-start=\"2839\" data-end=\"2901\">\n<p data-start=\"2841\" data-end=\"2901\">\u010cepel po pou\u017eit\u00ed o\u010distit a osu\u0161it, aby se p\u0159ede\u0161lo korozi.<\/p>\n<\/li>\n<li data-start=\"2902\" data-end=\"2962\">\n<p data-start=\"2904\" data-end=\"2962\">Pravideln\u011b promaz\u00e1vat mechanismus AXIS\u00ae pro hladk\u00fd chod.<\/p>\n<\/li>\n<li data-start=\"2963\" data-end=\"3094\">\n<p data-start=\"2965\" data-end=\"3094\">Pro udr\u017een\u00ed ost\u0159\u00ed doporu\u010dujeme <strong data-start=\"2996\" data-end=\"3062\">Spyderco Tri-Angle Sharpmaker Complete Sharpening System 204MF<\/strong> \u2013 ide\u00e1ln\u00ed i pro hladk\u00e1 ost\u0159\u00ed.<\/p>\n<\/li>\n<\/ul>\n<hr data-start=\"3096\" data-end=\"3099\" \/>\n<h3 data-start=\"3101\" data-end=\"3122\">\ud83c\udfaf Doporu\u010deno pro<\/h3>\n<ul data-start=\"3124\" data-end=\"3438\">\n<li data-start=\"3124\" data-end=\"3220\">\n<p data-start=\"3126\" data-end=\"3220\">Profesion\u00e1ly a taktick\u00e9 jednotky, kte\u0159\u00ed pot\u0159ebuj\u00ed spolehliv\u00fd n\u00e1stroj v n\u00e1ro\u010dn\u00fdch podm\u00ednk\u00e1ch.<\/p>\n<\/li>\n<li data-start=\"3221\" data-end=\"3295\">\n<p data-start=\"3223\" data-end=\"3295\">Outdoorov\u00e9 nad\u0161ence a p\u0159e\u017eit\u00e1\u0159e, kte\u0159\u00ed vy\u017eaduj\u00ed odoln\u00fd a robustn\u00ed n\u016f\u017e.<\/p>\n<\/li>\n<li data-start=\"3296\" data-end=\"3360\">\n<p data-start=\"3298\" data-end=\"3360\">Sb\u011bratele, kte\u0159\u00ed ocen\u00ed ikonick\u00fd design a pr\u00e9miov\u00e9 materi\u00e1ly.<\/p>\n<\/li>\n<li data-start=\"3361\" data-end=\"3438\">\n<p data-start=\"3363\" data-end=\"3438\">Ka\u017ed\u00e9ho, kdo hled\u00e1 kombinaci v\u00fdkonu, spolehlivosti a presti\u017en\u00edho vzhledu.<\/p>\n<\/li>\n<\/ul>\n<hr data-start=\"3440\" data-end=\"3443\" \/>\n<h3 data-start=\"3445\" data-end=\"3470\">\u2b50 Z\u00e1v\u011bre\u010dn\u00e9 hodnocen\u00ed<\/h3>\n<p data-start=\"3472\" data-end=\"3883\"><strong data-start=\"3472\" data-end=\"3500\">Benchmade Adamas 275FE-2<\/strong> je symbolem americk\u00e9 no\u017e\u00ed\u0159sk\u00e9 preciznosti \u2013 robustn\u00ed, spolehliv\u00fd a p\u0159ipraven\u00fd zvl\u00e1dnout extr\u00e9mn\u00ed podm\u00ednky. Masivn\u00ed \u010depel z CPM-CruWear, odoln\u00e1 rukoje\u0165 z G10 a AXIS\u00ae Lock mechanismus vytv\u00e1\u0159ej\u00ed n\u00e1stroj, kter\u00fd vydr\u017e\u00ed n\u00e1ro\u010dn\u00e9 zat\u00ed\u017een\u00ed a nab\u00edz\u00ed bezpe\u010dn\u00e9 a rychl\u00e9 pou\u017eit\u00ed. Pokud hled\u00e1\u0161 n\u016f\u017e, kter\u00fd kombinuje v\u00fdkon, spolehlivost a ikonick\u00fd design, Adamas 275FE-2 je volba, kter\u00e1 nezklame.<\/p>\n<hr data-start=\"3885\" data-end=\"3888\" \/>\n","protected":false},"excerpt":{"rendered":"<p><strong>Vyrobeno v USA: Benchmade je zn\u00e1m\u00fd svou precizn\u00ed v\u00fdrobou v USA, co\u017e zaru\u010duje vysokou kvalitu a spolehlivost.<\/strong><br \/>\n<strong>Tento n\u016f\u017e je ide\u00e1ln\u00ed pro ka\u017edodenn\u00ed no\u0161en\u00ed, ale tak\u00e9 pro intenzivn\u00ed pou\u017eit\u00ed v extr\u00e9mn\u00edch podm\u00ednk\u00e1ch. Jeho robustn\u00ed konstrukce a kvalitn\u00ed materi\u00e1ly zaji\u0161\u0165uj\u00ed dlouhou \u017eivotnost a vynikaj\u00edc\u00ed v\u00fdkon p\u0159i n\u00e1ro\u010dn\u00fdch \u00fakolech.<\/strong><\/p>\n<p><strong>Doprava zdarma.<\/strong><\/p>\n","protected":false},"featured_media":371317,"comment_status":"open","ping_status":"closed","template":"","meta":[],"pwb-brand":[3960],"product_brand":[],"product_cat":[22,17],"product_tag":[],"class_list":{"0":"post-371316","1":"product","2":"type-product","3":"status-publish","4":"has-post-thumbnail","6":"pwb-brand-benchmade","7":"product_cat-zaviraci-noze","8":"product_cat-noze","10":"first","11":"outofstock","12":"taxable","13":"shipping-taxable","14":"purchasable","15":"product-type-simple"},"brands":[{"id":3960,"name":"Benchmade","slug":"benchmade"}],"_links":{"self":[{"href":"https:\/\/www.moskito.cz\/pl\/wp-json\/wp\/v2\/product\/371316","targetHints":{"allow":["GET"]}}],"collection":[{"href":"https:\/\/www.moskito.cz\/pl\/wp-json\/wp\/v2\/product"}],"about":[{"href":"https:\/\/www.moskito.cz\/pl\/wp-json\/wp\/v2\/types\/product"}],"replies":[{"embeddable":true,"href":"https:\/\/www.moskito.cz\/pl\/wp-json\/wp\/v2\/comments?post=371316"}],"wp:featuredmedia":[{"embeddable":true,"href":"https:\/\/www.moskito.cz\/pl\/wp-json\/wp\/v2\/media\/371317"}],"wp:attachment":[{"href":"https:\/\/www.moskito.cz\/pl\/wp-json\/wp\/v2\/media?parent=371316"}],"wp:term":[{"taxonomy":"pwb-brand","embeddable":true,"href":"https:\/\/www.moskito.cz\/pl\/wp-json\/wp\/v2\/pwb-brand?post=371316"},{"taxonomy":"product_brand","embeddable":true,"href":"https:\/\/www.moskito.cz\/pl\/wp-json\/wp\/v2\/product_brand?post=371316"},{"taxonomy":"product_cat","embeddable":true,"href":"https:\/\/www.moskito.cz\/pl\/wp-json\/wp\/v2\/product_cat?post=371316"},{"taxonomy":"product_tag","embeddable":true,"href":"https:\/\/www.moskito.cz\/pl\/wp-json\/wp\/v2\/product_tag?post=371316"}],"curies":[{"name":"wp","href":"https:\/\/api.w.org\/{rel}","templated":true}]}}