{"id":373023,"date":"2024-11-17T17:47:07","date_gmt":"2024-11-17T16:47:07","guid":{"rendered":"https:\/\/www.moskito.cz\/?post_type=product&#038;p=373023"},"modified":"2025-05-07T11:26:20","modified_gmt":"2025-05-07T10:26:20","slug":"vystrelovaci-nuz-benchmade-claymore-9071sbk","status":"publish","type":"product","link":"https:\/\/www.moskito.cz\/pl\/produkt\/vystrelovaci-nuz-benchmade-claymore-9071sbk\/","title":{"rendered":"Vyst\u0159elovac\u00ed N\u016f\u017e Benchmade Claymore 9071SBK"},"content":{"rendered":"<p>Vyst\u0159elovac\u00ed N\u016f\u017e <strong>Benchmade<\/strong> Claymore 9071SBK.<\/p>\n<p>Benchmade Claymore Tanto Combo AUTO (Model 9071SBK) je taktick\u00fd zav\u00edrac\u00ed n\u016f\u017e ur\u010den\u00fd p\u0159edev\u0161\u00edm pro arm\u00e1du a p\u0159\u00edslu\u0161n\u00edky policejn\u00edch slo\u017eek, i kdy\u017e jej m\u016f\u017ee pou\u017e\u00edt ka\u017ed\u00fd, kdo hled\u00e1 vysoce v\u00fdkonn\u00fd automatick\u00fd n\u016f\u017e. Zde je p\u0159ehled jeho funkc\u00ed a specifikac\u00ed:<\/p>\n<p>Kl\u00ed\u010dov\u00e9 vlastnosti:<br \/>\nTanto Combo Blade : \u010cepel je hybridn\u00ed, kombinuj\u00edc\u00ed \u0161pi\u010dku Tanto pro lep\u0161\u00ed pr\u016fraznou s\u00edlu s \u010d\u00e1ste\u010dn\u011b zoubkovan\u00fdm ost\u0159\u00edm pro \u00fa\u010dinnost \u0159ez\u00e1n\u00ed, d\u00edky \u010demu\u017e je univerz\u00e1ln\u00ed pro r\u016fzn\u00e9 \u00fakoly.<br \/>\nPr\u00e9miov\u00e1 n\u00e1strojov\u00e1 ocel CPM-D2 : Ocel CPM-D2 (s tvrdost\u00ed 60-62 HRC), zn\u00e1m\u00e1 pro svou vynikaj\u00edc\u00ed retenci ost\u0159\u00ed, poskytuje odolnost a pevnost v n\u00e1ro\u010dn\u00fdch podm\u00ednk\u00e1ch.<br \/>\nAutomatick\u00fd mechanismus tla\u010d\u00edtka : N\u016f\u017e se vysune automaticky stisknut\u00edm tla\u010d\u00edtka, nab\u00edz\u00ed rychl\u00e9 otev\u0159en\u00ed jednou rukou a snadn\u00e9 pou\u017eit\u00ed.<br \/>\nKobalt Black Finish : \u010cepel m\u00e1 elegantn\u00ed \u010dern\u00fd kobaltov\u00fd povlak, kter\u00fd nejen zlep\u0161uje jej\u00ed vzhled, ale tak\u00e9 poskytuje odolnost proti korozi.<br \/>\nRukoje\u0165 Black Grivory : Rukoje\u0165 je vyrobena z Grivory, lehk\u00e9ho a odoln\u00e9ho polymeru, kter\u00fd zaji\u0161\u0165uje pohodln\u00e9 a bezpe\u010dn\u00e9 uchopen\u00ed i v n\u00e1ro\u010dn\u00fdch situac\u00edch.<br \/>\nKapesn\u00ed spona pro hlubok\u00e9 no\u0161en\u00ed : N\u016f\u017e je vybaven oboustrannou sponou do kapsy pro hlubok\u00e9 no\u0161en\u00ed pro diskr\u00e9tn\u00ed a pohodln\u00e9 no\u0161en\u00ed na obou stran\u00e1ch t\u011bla.<br \/>\nUzamykac\u00ed mechanismus : Automatick\u00e9 spu\u0161t\u011bn\u00ed je zaji\u0161t\u011bno z\u00e1mkem tla\u010d\u00edtka pro zaji\u0161t\u011bn\u00ed bezpe\u010dnosti p\u0159i pou\u017e\u00edv\u00e1n\u00ed.<br \/>\nSpecifikace:<br \/>\nD\u00e9lka \u010depele : 8,64 cm<br \/>\nTlou\u0161\u0165ka \u010depele : 2,896 mm<br \/>\nTlou\u0161\u0165ka rukojeti : 14,99 mm<br \/>\nCelkov\u00e1 d\u00e9lka : 19,81 cm<br \/>\nD\u00e9lka v zav\u0159en\u00e9m stavu : 12,70 cm<br \/>\nHmotnost : 109,713 g<br \/>\nMateri\u00e1l \u010depele : N\u00e1strojov\u00e1 ocel CPM-D2<br \/>\nTvrdost \u010depele : 60-62 HRC<br \/>\nStyl \u010depele : Combo Tanto (kombinace hladk\u00e9 a \u010d\u00e1ste\u010dn\u011b zoubkovan\u00e9 hrany)<br \/>\nPovrchov\u00e1 \u00faprava : Cobalt Black Coating<br \/>\nUzamykac\u00ed mechanismus : tla\u010d\u00edtko (automatick\u00fd)<br \/>\nMateri\u00e1l rukojeti : Black Grivory<br \/>\nNosn\u00e1 spona : Hlubok\u00e9 no\u0161en\u00ed, oboustrann\u00e9 pro prav\u00e1ky\/lev\u00e1ky<br \/>\nVyrobeno v USA<br \/>\nTento n\u016f\u017e je hrd\u011b vyroben ve Spojen\u00fdch st\u00e1tech, co\u017e zaji\u0161\u0165uje vysoce kvalitn\u00ed v\u00fdrobn\u00ed standardy.<\/p>\n<p>Benchmade Claymore 9071SBK je zkonstruov\u00e1n tak, aby poskytoval maxim\u00e1ln\u00ed obranu a sob\u011bsta\u010dnost v taktick\u00e9 nebo ka\u017edodenn\u00ed situaci a nab\u00edz\u00ed spolehlivost i pohodl\u00ed.<\/p>\n","protected":false},"excerpt":{"rendered":"<p><strong>Benchmade Claymore Tanto Combo AUTO (Model 9071SBK) je taktick\u00fd zav\u00edrac\u00ed n\u016f\u017e ur\u010den\u00fd p\u0159edev\u0161\u00edm pro arm\u00e1du a p\u0159\u00edslu\u0161n\u00edky policejn\u00edch slo\u017eek, i kdy\u017e jej m\u016f\u017ee pou\u017e\u00edt ka\u017ed\u00fd, kdo hled\u00e1 vysoce v\u00fdkonn\u00fd automatick\u00fd n\u016f\u017e.<\/strong><\/p>\n<p><strong>Doprava zdarma.<\/strong><\/p>\n","protected":false},"featured_media":373024,"comment_status":"open","ping_status":"closed","template":"","meta":[],"pwb-brand":[3960],"product_brand":[],"product_cat":[2019,17],"product_tag":[],"class_list":{"0":"post-373023","1":"product","2":"type-product","3":"status-publish","4":"has-post-thumbnail","6":"pwb-brand-benchmade","7":"product_cat-vystrelovaci-noze","8":"product_cat-noze","10":"first","11":"instock","12":"taxable","13":"shipping-taxable","14":"purchasable","15":"product-type-simple"},"brands":[{"id":3960,"name":"Benchmade","slug":"benchmade"}],"_links":{"self":[{"href":"https:\/\/www.moskito.cz\/pl\/wp-json\/wp\/v2\/product\/373023","targetHints":{"allow":["GET"]}}],"collection":[{"href":"https:\/\/www.moskito.cz\/pl\/wp-json\/wp\/v2\/product"}],"about":[{"href":"https:\/\/www.moskito.cz\/pl\/wp-json\/wp\/v2\/types\/product"}],"replies":[{"embeddable":true,"href":"https:\/\/www.moskito.cz\/pl\/wp-json\/wp\/v2\/comments?post=373023"}],"wp:featuredmedia":[{"embeddable":true,"href":"https:\/\/www.moskito.cz\/pl\/wp-json\/wp\/v2\/media\/373024"}],"wp:attachment":[{"href":"https:\/\/www.moskito.cz\/pl\/wp-json\/wp\/v2\/media?parent=373023"}],"wp:term":[{"taxonomy":"pwb-brand","embeddable":true,"href":"https:\/\/www.moskito.cz\/pl\/wp-json\/wp\/v2\/pwb-brand?post=373023"},{"taxonomy":"product_brand","embeddable":true,"href":"https:\/\/www.moskito.cz\/pl\/wp-json\/wp\/v2\/product_brand?post=373023"},{"taxonomy":"product_cat","embeddable":true,"href":"https:\/\/www.moskito.cz\/pl\/wp-json\/wp\/v2\/product_cat?post=373023"},{"taxonomy":"product_tag","embeddable":true,"href":"https:\/\/www.moskito.cz\/pl\/wp-json\/wp\/v2\/product_tag?post=373023"}],"curies":[{"name":"wp","href":"https:\/\/api.w.org\/{rel}","templated":true}]}}