{"id":373262,"date":"2024-11-17T21:11:37","date_gmt":"2024-11-17T20:11:37","guid":{"rendered":"https:\/\/www.moskito.cz\/?post_type=product&#038;p=373262"},"modified":"2025-10-28T05:46:41","modified_gmt":"2025-10-28T04:46:41","slug":"zaviraci-nuz-benchmade-bailout-axis-537gy-03","status":"publish","type":"product","link":"https:\/\/www.moskito.cz\/pl\/produkt\/zaviraci-nuz-benchmade-bailout-axis-537gy-03\/","title":{"rendered":"Zav\u00edrac\u00ed N\u016f\u017e Benchmade Bailout AXIS 537GY-03"},"content":{"rendered":"<p>Zav\u00edrac\u00ed N\u016f\u017e <strong>Benchmade<\/strong> Bailout AXIS 537GY-03.<\/p>\n<p>Benchmade BM537GY-03 Bailout je vysoce v\u00fdkonn\u00fd skl\u00e1dac\u00ed n\u016f\u017e navr\u017een\u00fd pro taktick\u00e9 pou\u017eit\u00ed i ka\u017edodenn\u00ed no\u0161en\u00ed. Tento model vynik\u00e1 sv\u00fdm odoln\u00fdm designem, pou\u017eit\u00edm \u0161pi\u010dkov\u00fdch materi\u00e1l\u016f a precizn\u00edm zpracov\u00e1n\u00edm. N\u00ed\u017ee jsou uvedeny hlavn\u00ed vlastnosti a specifikace tohoto no\u017ee:<\/p>\n<p>Kl\u00ed\u010dov\u00e9 vlastnosti:<br \/>\n\u010cepel :<\/p>\n<p>Materi\u00e1l: CPM-M4 Super Tool Steel s tvrdost\u00ed 62-64 HRC, kter\u00fd poskytuje vynikaj\u00edc\u00ed odolnost proti opot\u0159eben\u00ed.<br \/>\nTvar: Tanto pro vysokou pevnost \u0161pi\u010dky.<br \/>\nPovrchov\u00e1 \u00faprava: Tungsten Grey Cerakote \u2013 odoln\u00fd v\u016f\u010di korozi a opot\u0159eben\u00ed.<br \/>\nRukoje\u0165 :<\/p>\n<p>Materi\u00e1l: Eloxovan\u00fd hlin\u00edk 6061-T6 s diamantovou texturou pro pevn\u00fd \u00fachop.<br \/>\nBarva: \u010cern\u00e1.<br \/>\nMechanismus uzam\u010den\u00ed :<\/p>\n<p>AXIS Lock pro snadnou a bezpe\u010dnou manipulaci.<br \/>\nDodate\u010dn\u00e9 funkce :<\/p>\n<p>Lama\u010d skla z karbidu pro nouzovou situaci.<br \/>\nOtvor pro s\u00ed\u0165ku pro p\u0159ipojen\u00ed dal\u0161\u00edch dopl\u0148k\u016f.<br \/>\nOboustrann\u00e1 mini spona pro hlubok\u00e9 no\u0161en\u00ed, vhodn\u00e1 pro pravou i levou ruku.<br \/>\nSpecifikace:<br \/>\nD\u00e9lka \u010depele : 8,59 cm<br \/>\nTlou\u0161\u0165ka \u010depele : 2,29 mm<br \/>\nMateri\u00e1l \u010depele : CPM-M4 ocel<br \/>\nTvrdost \u010depele : 62-64 HRC<br \/>\nStyl \u010depele : Tanto<br \/>\nPovrchov\u00e1 \u00faprava \u010depele : Tungsten Grey Cerakote<br \/>\nD\u00e9lka v zav\u0159en\u00e9m stavu : 11,91 cm<br \/>\nCelkov\u00e1 d\u00e9lka : 20,55 cm<br \/>\nTlou\u0161\u0165ka rukojeti : 10,41 mm<br \/>\nHmotnost : 76,54 g<br \/>\nMateri\u00e1l rukojeti : Hlin\u00edk 6061-T6<br \/>\nKapesn\u00ed klip : Mini hlubok\u00e9 no\u0161en\u00ed<br \/>\nT\u0159\u00edda : \u010cern\u00e1<br \/>\nVyrobeno v USA<br \/>\nV\u00fdhody:<br \/>\nOdolnost a spolehlivost d\u00edky \u0161pi\u010dkov\u00e9 oceli a kvalitn\u00edmu zpracov\u00e1n\u00ed.<br \/>\nN\u00edzk\u00e1 hmotnost a kompaktn\u00ed design zaji\u0161\u0165uj\u00edc\u00ed pohodl\u00ed p\u0159i no\u0161en\u00ed.<br \/>\nUniverz\u00e1lnost : Vhodn\u00fd pro profesion\u00e1ly i outdoorov\u00e9 nad\u0161ence.<br \/>\nPokud hled\u00e1te n\u016f\u017e, kter\u00fd kombinuje modern\u00ed technologie s praktick\u00fdm designem, Benchmade BM537GY-03 Bailout je vynikaj\u00edc\u00ed volbou.<\/p>\n","protected":false},"excerpt":{"rendered":"<p><strong>Vhodn\u00fd pro profesion\u00e1ly i outdoorov\u00e9 nad\u0161ence.<\/strong><br \/>\n<strong>Pokud hled\u00e1te n\u016f\u017e, kter\u00fd kombinuje modern\u00ed technologie s praktick\u00fdm designem, Benchmade BM537GY-03 Bailout je vynikaj\u00edc\u00ed volbou.<\/strong><\/p>\n<p><strong>Doprava zdarma.<\/strong><\/p>\n","protected":false},"featured_media":373263,"comment_status":"open","ping_status":"closed","template":"","meta":[],"pwb-brand":[3960],"product_brand":[],"product_cat":[22,17],"product_tag":[],"class_list":{"0":"post-373262","1":"product","2":"type-product","3":"status-publish","4":"has-post-thumbnail","6":"pwb-brand-benchmade","7":"product_cat-zaviraci-noze","8":"product_cat-noze","10":"first","11":"instock","12":"taxable","13":"shipping-taxable","14":"purchasable","15":"product-type-simple"},"brands":[{"id":3960,"name":"Benchmade","slug":"benchmade"}],"_links":{"self":[{"href":"https:\/\/www.moskito.cz\/pl\/wp-json\/wp\/v2\/product\/373262","targetHints":{"allow":["GET"]}}],"collection":[{"href":"https:\/\/www.moskito.cz\/pl\/wp-json\/wp\/v2\/product"}],"about":[{"href":"https:\/\/www.moskito.cz\/pl\/wp-json\/wp\/v2\/types\/product"}],"replies":[{"embeddable":true,"href":"https:\/\/www.moskito.cz\/pl\/wp-json\/wp\/v2\/comments?post=373262"}],"wp:featuredmedia":[{"embeddable":true,"href":"https:\/\/www.moskito.cz\/pl\/wp-json\/wp\/v2\/media\/373263"}],"wp:attachment":[{"href":"https:\/\/www.moskito.cz\/pl\/wp-json\/wp\/v2\/media?parent=373262"}],"wp:term":[{"taxonomy":"pwb-brand","embeddable":true,"href":"https:\/\/www.moskito.cz\/pl\/wp-json\/wp\/v2\/pwb-brand?post=373262"},{"taxonomy":"product_brand","embeddable":true,"href":"https:\/\/www.moskito.cz\/pl\/wp-json\/wp\/v2\/product_brand?post=373262"},{"taxonomy":"product_cat","embeddable":true,"href":"https:\/\/www.moskito.cz\/pl\/wp-json\/wp\/v2\/product_cat?post=373262"},{"taxonomy":"product_tag","embeddable":true,"href":"https:\/\/www.moskito.cz\/pl\/wp-json\/wp\/v2\/product_tag?post=373262"}],"curies":[{"name":"wp","href":"https:\/\/api.w.org\/{rel}","templated":true}]}}