{"id":373313,"date":"2024-11-17T21:42:11","date_gmt":"2024-11-17T20:42:11","guid":{"rendered":"https:\/\/www.moskito.cz\/?post_type=product&#038;p=373313"},"modified":"2025-11-26T14:52:26","modified_gmt":"2025-11-26T13:52:26","slug":"zaviraci-nuz-benchmade-osborne-940-1","status":"publish","type":"product","link":"https:\/\/www.moskito.cz\/pl\/produkt\/zaviraci-nuz-benchmade-osborne-940-1\/","title":{"rendered":"Zav\u00edrac\u00ed N\u016f\u017e Benchmade Osborne 940-1"},"content":{"rendered":"<p>Zav\u00edrac\u00ed N\u016f\u017e <strong>Benchmade<\/strong> Osborne 940-1.<\/p>\n<p>Benchmade BM940-1 Osborne je ikonick\u00fd n\u016f\u017e, pova\u017eovan\u00fd za jeden z nejlep\u0161\u00edch EDC (Everyday Carry) no\u017e\u016f na trhu, nyn\u00ed v modernizovan\u00e9 verzi s pr\u00e9miov\u00fdmi materi\u00e1ly. Tento model se vyzna\u010duje dokonalou kombinac\u00ed lehkosti, odolnosti a preciznosti, co\u017e z n\u011bj \u010din\u00ed skv\u011bl\u00fd n\u00e1stroj pro ka\u017edodenn\u00ed pou\u017eit\u00ed i sb\u011bratelsk\u00fd kousek.<\/p>\n<p>Kl\u00ed\u010dov\u00e9 vlastnosti:<br \/>\nUzamykac\u00ed mechanismus AXIS : Jeden z nejspolehliv\u011bj\u0161\u00edch a nejbezpe\u010dn\u011bj\u0161\u00edch syst\u00e9m\u016f zamyk\u00e1n\u00ed \u010depele.<br \/>\nReverzn\u00ed tanto \u010depel : Nab\u00edz\u00ed vynikaj\u00edc\u00ed kontrolu p\u0159i \u0159ez\u00e1n\u00ed i pr\u016fbojnost \u0161pi\u010dky.<br \/>\nMateri\u00e1l \u010depele &#8211; CPM-S90V : Nerezov\u00e1 ocel nejvy\u0161\u0161\u00ed kvality s tvrdost\u00ed 59-61 HRC, zaji\u0161\u0165uj\u00edc\u00ed extr\u00e9mn\u00ed ostrost a v\u00fddr\u017e ost\u0159\u00ed.<br \/>\nRukoje\u0165 z uhl\u00edkov\u00fdch vl\u00e1ken : Lehk\u00e1, pevn\u00e1 a esteticky p\u016fsobiv\u00e1. Dopln\u011bn\u00e1 nerezov\u00fdmi vlo\u017ekami a eloxovan\u00fdmi hlin\u00edkov\u00fdmi rozp\u011brkami.<br \/>\nOboustrann\u011b p\u0159ipevniteln\u00fd kapesn\u00ed klip : Vhodn\u00fd pro prav\u00e1ky i lev\u00e1ky.<br \/>\nSpecifikace:<br \/>\nD\u00e9lka \u010depele: 3,40&#8243; (8,64 cm)<br \/>\nTlou\u0161\u0165ka \u010depele: 0,115&#8243; (2,92 mm)<br \/>\nTlou\u0161\u0165ka rukojeti: 0,44&#8243; (11,18 mm)<br \/>\nD\u00e9lka otev\u0159en\u00e9ho no\u017ee: 7,87&#8243; (19,99 cm)<br \/>\nD\u00e9lka zav\u0159en\u00e9ho no\u017ee: 4,47&#8243; (11,35 cm)<br \/>\nHmotnost: 2,44 oz. (69,2 g)<br \/>\nZem\u011b p\u016fvodu: Vyrobeno v USA<br \/>\nTento je nejen v\u00fdkonn\u00fd, ale d\u00edky pr\u00e9miov\u00fdm materi\u00e1l\u016fm a ergonomick\u00e9mu designu i stylov\u00fd a komfortn\u00ed pro ka\u017edodenn\u00ed no\u0161en\u00ed. Ide\u00e1ln\u00ed volba pro ty, kte\u0159\u00ed hledaj\u00ed \u0161pi\u010dkov\u00fd n\u016f\u017e s prvot\u0159\u00eddn\u00edmi vlastnostmi.<\/p>\n","protected":false},"excerpt":{"rendered":"<p><strong>Tento je nejen v\u00fdkonn\u00fd, ale d\u00edky pr\u00e9miov\u00fdm materi\u00e1l\u016fm a ergonomick\u00e9mu designu i stylov\u00fd a komfortn\u00ed pro ka\u017edodenn\u00ed no\u0161en\u00ed. Ide\u00e1ln\u00ed volba pro ty, kte\u0159\u00ed hledaj\u00ed \u0161pi\u010dkov\u00fd n\u016f\u017e s prvot\u0159\u00eddn\u00edmi vlastnostmi.<\/strong><\/p>\n<p><strong>Doprava zdarma.<\/strong><\/p>\n","protected":false},"featured_media":373314,"comment_status":"open","ping_status":"closed","template":"","meta":[],"pwb-brand":[3960],"product_brand":[],"product_cat":[22,17],"product_tag":[],"class_list":{"0":"post-373313","1":"product","2":"type-product","3":"status-publish","4":"has-post-thumbnail","6":"pwb-brand-benchmade","7":"product_cat-zaviraci-noze","8":"product_cat-noze","10":"first","11":"outofstock","12":"taxable","13":"shipping-taxable","14":"purchasable","15":"product-type-simple"},"brands":[{"id":3960,"name":"Benchmade","slug":"benchmade"}],"_links":{"self":[{"href":"https:\/\/www.moskito.cz\/pl\/wp-json\/wp\/v2\/product\/373313","targetHints":{"allow":["GET"]}}],"collection":[{"href":"https:\/\/www.moskito.cz\/pl\/wp-json\/wp\/v2\/product"}],"about":[{"href":"https:\/\/www.moskito.cz\/pl\/wp-json\/wp\/v2\/types\/product"}],"replies":[{"embeddable":true,"href":"https:\/\/www.moskito.cz\/pl\/wp-json\/wp\/v2\/comments?post=373313"}],"wp:featuredmedia":[{"embeddable":true,"href":"https:\/\/www.moskito.cz\/pl\/wp-json\/wp\/v2\/media\/373314"}],"wp:attachment":[{"href":"https:\/\/www.moskito.cz\/pl\/wp-json\/wp\/v2\/media?parent=373313"}],"wp:term":[{"taxonomy":"pwb-brand","embeddable":true,"href":"https:\/\/www.moskito.cz\/pl\/wp-json\/wp\/v2\/pwb-brand?post=373313"},{"taxonomy":"product_brand","embeddable":true,"href":"https:\/\/www.moskito.cz\/pl\/wp-json\/wp\/v2\/product_brand?post=373313"},{"taxonomy":"product_cat","embeddable":true,"href":"https:\/\/www.moskito.cz\/pl\/wp-json\/wp\/v2\/product_cat?post=373313"},{"taxonomy":"product_tag","embeddable":true,"href":"https:\/\/www.moskito.cz\/pl\/wp-json\/wp\/v2\/product_tag?post=373313"}],"curies":[{"name":"wp","href":"https:\/\/api.w.org\/{rel}","templated":true}]}}