{"id":373403,"date":"2024-11-17T22:16:54","date_gmt":"2024-11-17T21:16:54","guid":{"rendered":"https:\/\/www.moskito.cz\/?post_type=product&#038;p=373403"},"modified":"2025-05-07T11:26:21","modified_gmt":"2025-05-07T10:26:21","slug":"vystrelovaci-nuz-benchmade-osborne-9400","status":"publish","type":"product","link":"https:\/\/www.moskito.cz\/pl\/produkt\/vystrelovaci-nuz-benchmade-osborne-9400\/","title":{"rendered":"Vyst\u0159elovac\u00ed N\u016f\u017e Benchmade Osborne 9400"},"content":{"rendered":"<p>Vyst\u0159elovac\u00ed N\u016f\u017e <strong>Benchmade<\/strong> Osborne 9400.<\/p>\n<p>Benchmade 9400 Osborne Auto je modern\u00ed reinterpretac\u00ed ikonick\u00e9ho modelu 940, kter\u00fd z\u00edskal popularitu d\u00edky sv\u00e9mu elegantn\u00edmu designu a skv\u011bl\u00e9 funk\u010dnosti. Verze 940 p\u0159id\u00e1v\u00e1 automatick\u00fd mechanismus, co\u017e p\u0159isp\u00edv\u00e1 jednoru\u010dn\u00ed ovl\u00e1d\u00e1n\u00ed a zvy\u0161uje u\u017eivatelsk\u00fd komfort. P\u0159itom si zachov\u00e1v\u00e1 rozm\u011bry a estetiku, d\u00edky kter\u00e9mu se p\u016fvodn\u00ed model stal legendou mezi no\u017ei pro ka\u017edodenn\u00ed no\u0161en\u00ed (EDC).<\/p>\n<p>Kl\u00ed\u010dov\u00e9 vlastnosti:<br \/>\nAutomatick\u00fd mechanismus: Aktivace \u010depele pomoc\u00ed tla\u010d\u00edtka je rychl\u00e1, pohodln\u00e1 a intuitivn\u00ed.<br \/>\nElegantn\u00ed design:Zachov\u00e1v\u00e1 klas<br \/>\nMateri\u00e1ly nejvy\u0161\u0161\u00ed kvality: \u010c<br \/>\nLehkost a kompaktnost: N\u016f\u017e<br \/>\nKonstrukce rukojeti: Hlin\u00edkov\u00e1 rukoje\u0165 se zelen\u00fdmi v\u00e1hami a fialov\u00fdm eloxovan\u00fdm spacerem poskytuje pevn\u00fd \u00fachop a atraktivn\u00ed vzhled.<br \/>\nSekund\u00e1rn\u00ed z\u00e1mek: P\u0159id\u00e1v\u00e1 dal\u0161\u00ed bezpe\u010dnostn\u00ed prvek, kter\u00fd chr\u00e1n\u00ed p\u0159ed necht\u011bn\u00fdm otev\u0159en\u00edm.<br \/>\nPln\u011b nastaviteln\u00fd \u010depel: Nab\u00edz\u00ed mo\u017enost upravit odpor \u010depele podle preference u\u017eivatele.<br \/>\nTechnick\u00e9 specifikace:<br \/>\nD\u00e9lka \u010depele: 8,64 cm (3,40&#8243;)<br \/>\n\u010cepel Tlou\u0161\u0165ky: 2,92 mm (0,115&#8243;)<br \/>\nStyl \u010depele: Upraven\u00e9 Reverse Tanto<br \/>\nMateri\u00e1l \u010depele: CPM-S30V nerezov\u00e1 ocel<br \/>\nHmotnost: 75,13 g (2,65 oz.)<br \/>\nD\u00e9lka v uzav\u0159en\u00e9m stavu: 11,35 cm (4,47&#8243;)<br \/>\nCelkov\u00e1 d\u00e9lka: 19,99 cm (7,87&#8243;)<br \/>\nTlou\u0161\u0165ka rukojeti: 10,92 mm (0,43&#8243;)<br \/>\nKlip: Oboustrann\u00fd, typ Split Arrow, Tip-Up<br \/>\nZem\u011b p\u016fvodu: USA<br \/>\nPro\u010d si vybrat Benchmade 9400 Auto?<br \/>\nTento n\u016f\u017e je ide\u00e1ln\u00ed pro ty, kte\u0159\u00ed hledaj\u00ed dokonal\u00fd n\u00e1stroj pro ka\u017edodenn\u00ed pou\u017eit\u00ed, jen\u017e kombinuje praxi s kvalitn\u00edm zpracov\u00e1n\u00edm. D\u00edky sv\u00e9mu automatick\u00e9mu mechanismu je nejen stylov\u00fd, ale tak\u00e9 mimo\u0159\u00e1dn\u011b snadno ovladateln\u00fd, co\u017e ocen\u00ed u\u017eivatel\u00e9 v r\u016fzn\u00fdch situac\u00edch.<\/p>\n<p>Benchmade 9400 Auto je zkr\u00e1tka ikonou mezi automatick\u00fdmi no\u017ei, kter\u00e1 kombinuje osv\u011bd\u010den\u00fd design s modern\u00edmi technologiemi.<\/p>\n<p>&nbsp;<\/p>\n<p>&nbsp;<\/p>\n","protected":false},"excerpt":{"rendered":"<p><strong>Tento n\u016f\u017e je ide\u00e1ln\u00ed pro ty, kte\u0159\u00ed hledaj\u00ed dokonal\u00fd n\u00e1stroj pro ka\u017edodenn\u00ed pou\u017eit\u00ed, jen\u017e kombinuje praxi s kvalitn\u00edm zpracov\u00e1n\u00edm. D\u00edky sv\u00e9mu automatick\u00e9mu mechanismu je nejen stylov\u00fd, ale tak\u00e9 mimo\u0159\u00e1dn\u011b snadno ovladateln\u00fd, co\u017e ocen\u00ed u\u017eivatel\u00e9 v r\u016fzn\u00fdch situac\u00edch.<\/strong><\/p>\n<p><strong>Doprava zdarma.<\/strong><\/p>\n","protected":false},"featured_media":373404,"comment_status":"open","ping_status":"closed","template":"","meta":[],"pwb-brand":[3960],"product_brand":[],"product_cat":[2019,17],"product_tag":[],"class_list":{"0":"post-373403","1":"product","2":"type-product","3":"status-publish","4":"has-post-thumbnail","6":"pwb-brand-benchmade","7":"product_cat-vystrelovaci-noze","8":"product_cat-noze","10":"first","11":"instock","12":"taxable","13":"shipping-taxable","14":"purchasable","15":"product-type-simple"},"brands":[{"id":3960,"name":"Benchmade","slug":"benchmade"}],"_links":{"self":[{"href":"https:\/\/www.moskito.cz\/pl\/wp-json\/wp\/v2\/product\/373403","targetHints":{"allow":["GET"]}}],"collection":[{"href":"https:\/\/www.moskito.cz\/pl\/wp-json\/wp\/v2\/product"}],"about":[{"href":"https:\/\/www.moskito.cz\/pl\/wp-json\/wp\/v2\/types\/product"}],"replies":[{"embeddable":true,"href":"https:\/\/www.moskito.cz\/pl\/wp-json\/wp\/v2\/comments?post=373403"}],"wp:featuredmedia":[{"embeddable":true,"href":"https:\/\/www.moskito.cz\/pl\/wp-json\/wp\/v2\/media\/373404"}],"wp:attachment":[{"href":"https:\/\/www.moskito.cz\/pl\/wp-json\/wp\/v2\/media?parent=373403"}],"wp:term":[{"taxonomy":"pwb-brand","embeddable":true,"href":"https:\/\/www.moskito.cz\/pl\/wp-json\/wp\/v2\/pwb-brand?post=373403"},{"taxonomy":"product_brand","embeddable":true,"href":"https:\/\/www.moskito.cz\/pl\/wp-json\/wp\/v2\/product_brand?post=373403"},{"taxonomy":"product_cat","embeddable":true,"href":"https:\/\/www.moskito.cz\/pl\/wp-json\/wp\/v2\/product_cat?post=373403"},{"taxonomy":"product_tag","embeddable":true,"href":"https:\/\/www.moskito.cz\/pl\/wp-json\/wp\/v2\/product_tag?post=373403"}],"curies":[{"name":"wp","href":"https:\/\/api.w.org\/{rel}","templated":true}]}}